{"id":378015,"date":"2025-12-11T10:10:58","date_gmt":"2025-12-11T10:10:58","guid":{"rendered":"https:\/\/dev.codekraft.it\/rotary-2024\/products\/uncategorized\/adaptateur-pour-embrayage-en-tole-emboutie-cdisk\/"},"modified":"2025-12-11T10:10:58","modified_gmt":"2025-12-11T10:10:58","slug":"adaptateur-pour-embrayage-en-tole-emboutie-cdisk","status":"publish","type":"product","link":"https:\/\/dev.codekraft.it\/rotary-2024\/fr\/produits\/accessoires-autres-produits-fr\/accessoires-outils-speciaux-fr\/adaptateur-pour-embrayage-en-tole-emboutie-cdisk\/","title":{"rendered":"Adaptateur pour embrayage en t\u00f4le emboutie cDISK"},"content":{"rendered":"","protected":false},"excerpt":{"rendered":"<p>chromat\u00e9 jaune, poids : 6 kg, charge admissible : 80 kg<\/p>\n","protected":false},"featured_media":348791,"template":"","meta":[],"product_cat":[1033376],"product_tag":[1034145,1034128],"product_approvals":[1014567,1014533,1014550],"product_application":[],"class_list":{"0":"post-378015","1":"product","2":"type-product","3":"status-publish","4":"has-post-thumbnail","6":"product_cat-accessoires-outils-speciaux-fr","7":"product_tag-buses-fr","8":"product_tag-trucks-fr","9":"product_approvals-maybach-fr","10":"product_approvals-mercedes-benz-fr","11":"product_approvals-smart-fr","13":"first","14":"instock","15":"shipping-taxable","16":"product-type-simple"},"approvals":[{"term_id":1014567,"name":"Maybach","slug":"maybach-fr","term_group":0,"term_taxonomy_id":1014566,"taxonomy":"product_approvals","description":"","parent":0,"count":33,"filter":"raw"},{"term_id":1014533,"name":"Mercedes-Benz","slug":"mercedes-benz-fr","term_group":0,"term_taxonomy_id":1014532,"taxonomy":"product_approvals","description":"","parent":0,"count":43,"filter":"raw"},{"term_id":1014550,"name":"Smart","slug":"smart-fr","term_group":0,"term_taxonomy_id":1014549,"taxonomy":"product_approvals","description":"","parent":0,"count":33,"filter":"raw"}],"application":[],"brb_media_brochure":[{"id":348779,"url":"https:\/\/dev.codekraft.it\/rotary-2024\/wp-content\/uploads\/brb_media\/00117711_special-tool-cdisk-br-102361-de-2010-02-screen.pdf","title":"special tool cdisk br 102361 de 2010 02 screen","thumbnail":"https:\/\/dev.codekraft.it\/rotary-2024\/wp-content\/uploads\/brb_media\/00117711_special-tool-cdisk-br-102361-de-2010-02-screen-pdf-106x150.png","description":""},{"id":348780,"url":"https:\/\/dev.codekraft.it\/rotary-2024\/wp-content\/uploads\/brb_media\/00117712_special-tool-cdisk-br-1102362-en-2010-02-screen.pdf","title":"special tool cdisk br 1102362 en 2010 02 screen","thumbnail":"https:\/\/dev.codekraft.it\/rotary-2024\/wp-content\/uploads\/brb_media\/00117712_special-tool-cdisk-br-1102362-en-2010-02-screen-pdf-106x150.png","description":""},{"id":348781,"url":"https:\/\/dev.codekraft.it\/rotary-2024\/wp-content\/uploads\/brb_media\/00117713_special-tool-cdisk-br-102363-fr-2010-02-screen.pdf","title":"special tool cdisk br 102363 fr 2010 02 screen","thumbnail":"https:\/\/dev.codekraft.it\/rotary-2024\/wp-content\/uploads\/brb_media\/00117713_special-tool-cdisk-br-102363-fr-2010-02-screen-pdf-106x150.png","description":""},{"id":348782,"url":"https:\/\/dev.codekraft.it\/rotary-2024\/wp-content\/uploads\/brb_media\/00117714_special-tool-cdisk-br-102365-it-2010-02-screen.pdf","title":"special tool cdisk br 102365 it 2010 02 screen","thumbnail":"https:\/\/dev.codekraft.it\/rotary-2024\/wp-content\/uploads\/brb_media\/00117714_special-tool-cdisk-br-102365-it-2010-02-screen-pdf-106x150.png","description":""},{"id":348783,"url":"https:\/\/dev.codekraft.it\/rotary-2024\/wp-content\/uploads\/brb_media\/00117715_special-tool-cdisk-br-102364-es-2010-02-screen.pdf","title":"special tool cdisk br 102364 es 2010 02 screen","thumbnail":"https:\/\/dev.codekraft.it\/rotary-2024\/wp-content\/uploads\/brb_media\/00117715_special-tool-cdisk-br-102364-es-2010-02-screen-pdf-106x150.png","description":""},{"id":356550,"url":"https:\/\/dev.codekraft.it\/rotary-2024\/wp-content\/uploads\/brb_media\/00527943_special-tools-br-06-24-de-2024-06-screen.pdf","title":"Special tools BR 06 24 de 2024 06 screen","thumbnail":"https:\/\/dev.codekraft.it\/rotary-2024\/wp-content\/uploads\/brb_media\/00527943_special-tools-br-06-24-de-2024-06-screen-pdf-106x150.png","description":""},{"id":356551,"url":"https:\/\/dev.codekraft.it\/rotary-2024\/wp-content\/uploads\/brb_media\/00527944_special-tools-br-06-24-en-2024-06-screen.pdf","title":"Special tools BR 06 24 en 2024 06 screen","thumbnail":"https:\/\/dev.codekraft.it\/rotary-2024\/wp-content\/uploads\/brb_media\/00527944_special-tools-br-06-24-en-2024-06-screen-pdf-106x150.png","description":""}],"brb_media_drawing":"","brb_media_manuals":"","brb_media_safety_datasheets":"","brb_media_spare_parts":[],"_cdmm_p_id":"347","_company":"Elektron","_gtin":"4057612131192","accessories":[{"id":378009,"cdmm_p_id":"348","name":"Adaptateur de volant cDISK","description":"Ajustement positif au moyen de boulons \u00e0 t\u00eate hexagonale, diam\u00e8tre: 450 mm, chromat\u00e9 jaune, poids: 1,5 kg, capacit\u00e9 de charge: 80 kg, diam\u00e8tre de per\u00e7age des trous 410 mm + 375 mm","thumbnail":"https:\/\/dev.codekraft.it\/rotary-2024\/wp-content\/uploads\/brb_media\/00023449_cdisk-schwungrad-adaption_web-150x150.png","url":"https:\/\/dev.codekraft.it\/rotary-2024\/fr\/produits\/accessoires-autres-produits-fr\/accessoires-outils-speciaux-fr\/adaptateur-de-volant-cdisk\/"},{"id":378003,"cdmm_p_id":"349","name":"Kit compl\u00e9mentaire EvoBus cDISK","description":"chromat\u00e9 jaune, charge admissible : 80 kg","thumbnail":"https:\/\/dev.codekraft.it\/rotary-2024\/wp-content\/uploads\/brb_media\/00023447_cdisk-evobus-zusatzkit_web-150x150.png","url":"https:\/\/dev.codekraft.it\/rotary-2024\/fr\/produits\/accessoires-autres-produits-fr\/accessoires-outils-speciaux-fr\/kit-complementaire-evobus-cdisk\/"},{"id":377475,"cdmm_p_id":"346","name":"Dispositif de montage de m\u00e9canisme d\u2019embrayage (poids lourd) cDISK","description":"incluant \u00e9trier de transport et bras de montage","thumbnail":"https:\/\/dev.codekraft.it\/rotary-2024\/wp-content\/uploads\/brb_media\/00023445_cdisk-druckplatten-montagevorrichtung-lkw_web-150x150.png","url":"https:\/\/dev.codekraft.it\/rotary-2024\/fr\/produits\/autres-produits-fr\/outils-speciaux-fr\/dispositif-de-montage-de-mecanisme-dembrayage-poids-lourd-cdisk\/"}],"components":[],"related":[],"similar":[],"lang":"fr","translations":{"fr":378015,"en":378013,"de":378014,"it":378016,"es":378017,"ru":378018},"pll_sync_post":[],"_links":{"self":[{"href":"https:\/\/dev.codekraft.it\/rotary-2024\/wp-json\/wp\/v2\/product\/378015","targetHints":{"allow":["GET"]}}],"collection":[{"href":"https:\/\/dev.codekraft.it\/rotary-2024\/wp-json\/wp\/v2\/product"}],"about":[{"href":"https:\/\/dev.codekraft.it\/rotary-2024\/wp-json\/wp\/v2\/types\/product"}],"wp:featuredmedia":[{"embeddable":true,"href":"https:\/\/dev.codekraft.it\/rotary-2024\/wp-json\/wp\/v2\/media\/348791"}],"wp:attachment":[{"href":"https:\/\/dev.codekraft.it\/rotary-2024\/wp-json\/wp\/v2\/media?parent=378015"}],"wp:term":[{"taxonomy":"product_cat","embeddable":true,"href":"https:\/\/dev.codekraft.it\/rotary-2024\/wp-json\/wp\/v2\/product_cat?post=378015"},{"taxonomy":"product_tag","embeddable":true,"href":"https:\/\/dev.codekraft.it\/rotary-2024\/wp-json\/wp\/v2\/product_tag?post=378015"},{"taxonomy":"product_approvals","embeddable":true,"href":"https:\/\/dev.codekraft.it\/rotary-2024\/wp-json\/wp\/v2\/product_approvals?post=378015"},{"taxonomy":"product_application","embeddable":true,"href":"https:\/\/dev.codekraft.it\/rotary-2024\/wp-json\/wp\/v2\/product_application?post=378015"}],"curies":[{"name":"wp","href":"https:\/\/api.w.org\/{rel}","templated":true}]}}