{"id":377991,"date":"2025-12-11T10:10:54","date_gmt":"2025-12-11T10:10:54","guid":{"rendered":"https:\/\/dev.codekraft.it\/rotary-2024\/products\/uncategorized\/suspension-pour-cables\/"},"modified":"2025-12-11T10:10:54","modified_gmt":"2025-12-11T10:10:54","slug":"suspension-pour-cables","status":"publish","type":"product","link":"https:\/\/dev.codekraft.it\/rotary-2024\/fr\/produits\/accessoires-autres-produits-fr\/accessoires-outils-speciaux-fr\/suspension-pour-cables\/","title":{"rendered":"Suspension pour c\u00e2bles"},"content":{"rendered":"<ul>\n<li>Prot\u00e8ge le c\u00e2ble et facilite le d\u00e9placement de l&#8217;\u00e9l\u00e9vateur le long de la fosse gr\u00e2ce au synchronisme du c\u00e2ble avec le chariot.<\/li>\n<\/ul>\n<p><strong>\u00c9tendue de la prestation (m\u00e8tre lin\u00e9aire) :<\/strong><\/p>\n<ul>\n<li>Rail de roulement<\/li>\n<li>Connecteurs<\/li>\n<li>Suspension fixe<\/li>\n<li>Embouts<\/li>\n<li>But\u00e9es<\/li>\n<li>Chariot porte-c\u00e2bles<\/li>\n<li>Chariot d&#8217;entra\u00eenement<\/li>\n<li>Pince d&#8217;extr\u00e9mit\u00e9<\/li>\n<\/ul>\n","protected":false},"excerpt":{"rendered":"<p>Pour les c\u00e2bles \u00e9lectriques ou pneumatiques, convient particuli\u00e8rement \u00e0 l&#8217;installation dans les fosses avec porte-\u00e0-faux | vendu au m\u00e8tre, montage c\u00f4t\u00e9 client<\/p>\n","protected":false},"featured_media":348559,"template":"","meta":[],"product_brand":[],"product_cat":[1033376],"product_tag":[1034145,1034128,1034197,1034180],"product_approvals":[],"product_application":[],"class_list":{"0":"post-377991","1":"product","2":"type-product","3":"status-publish","4":"has-post-thumbnail","6":"product_cat-accessoires-outils-speciaux-fr","7":"product_tag-buses-fr","8":"product_tag-trucks-fr","9":"product_tag-motor-homes-fr","10":"product_tag-light-commercial-fr","12":"first","13":"instock","14":"shipping-taxable","15":"product-type-simple"},"approvals":[],"application":[],"brb_media_brochure":"","brb_media_drawing":"","brb_media_manuals":"","brb_media_safety_datasheets":"","brb_media_spare_parts":[],"_cdmm_p_id":"151","_company":"Elektron","_gtin":"4057612357998","accessories":[],"components":[],"related":[],"page_logo_src":"https:\/\/dev.codekraft.it\/rotary-2024\/wp-content\/uploads\/2024\/05\/cropped-rotary-logo-2022.png","lang":"fr","translations":{"fr":377991,"en":377989,"de":377990,"it":377992,"es":377993,"ru":377994},"pll_sync_post":[],"_links":{"self":[{"href":"https:\/\/dev.codekraft.it\/rotary-2024\/wp-json\/wp\/v2\/product\/377991","targetHints":{"allow":["GET"]}}],"collection":[{"href":"https:\/\/dev.codekraft.it\/rotary-2024\/wp-json\/wp\/v2\/product"}],"about":[{"href":"https:\/\/dev.codekraft.it\/rotary-2024\/wp-json\/wp\/v2\/types\/product"}],"wp:featuredmedia":[{"embeddable":true,"href":"https:\/\/dev.codekraft.it\/rotary-2024\/wp-json\/wp\/v2\/media\/348559"}],"wp:attachment":[{"href":"https:\/\/dev.codekraft.it\/rotary-2024\/wp-json\/wp\/v2\/media?parent=377991"}],"wp:term":[{"taxonomy":"product_brand","embeddable":true,"href":"https:\/\/dev.codekraft.it\/rotary-2024\/wp-json\/wp\/v2\/product_brand?post=377991"},{"taxonomy":"product_cat","embeddable":true,"href":"https:\/\/dev.codekraft.it\/rotary-2024\/wp-json\/wp\/v2\/product_cat?post=377991"},{"taxonomy":"product_tag","embeddable":true,"href":"https:\/\/dev.codekraft.it\/rotary-2024\/wp-json\/wp\/v2\/product_tag?post=377991"},{"taxonomy":"product_approvals","embeddable":true,"href":"https:\/\/dev.codekraft.it\/rotary-2024\/wp-json\/wp\/v2\/product_approvals?post=377991"},{"taxonomy":"product_application","embeddable":true,"href":"https:\/\/dev.codekraft.it\/rotary-2024\/wp-json\/wp\/v2\/product_application?post=377991"}],"curies":[{"name":"wp","href":"https:\/\/api.w.org\/{rel}","templated":true}]}}