{"id":377975,"date":"2025-12-11T10:11:29","date_gmt":"2025-12-11T10:11:29","guid":{"rendered":"https:\/\/dev.codekraft.it\/rotary-2024\/products\/uncategorized\/placa-de-transmision-ga-iii\/"},"modified":"2025-12-11T10:11:29","modified_gmt":"2025-12-11T10:11:29","slug":"placa-de-transmision-ga-iii","status":"publish","type":"product","link":"https:\/\/dev.codekraft.it\/rotary-2024\/es\/productos\/accesorios-elevadores-es\/placas-de-transmision-es\/placa-de-transmision-ga-iii\/","title":{"rendered":"Placa de transmisi\u00f3n GA III"},"content":{"rendered":"","protected":false},"excerpt":{"rendered":"<p>\u00c1ngulo de ajuste +\/- 40\u00ba \/ +\/- 17\u00ba, capacidad de carga 1 t, espiga \u00d8 35 mm, dimensiones 400 x 300 mm (ajustables hasta 600 x 400 mm), correa tensora para sujetar la carga<\/p>\n","protected":false},"featured_media":278701,"template":"","meta":[],"product_cat":[1033952],"product_tag":[1034151,1034134,1034203,1034169,1034220,1034265,1034186,1034237],"product_approvals":[1014400],"product_application":[],"class_list":{"0":"post-377975","1":"product","2":"type-product","3":"status-publish","4":"has-post-thumbnail","6":"product_cat-placas-de-transmision-es","7":"product_tag-buses-es","8":"product_tag-trucks-es","9":"product_tag-motor-homes-es","10":"product_tag-passenger-cars-es","11":"product_tag-agricultural-machines-es","12":"product_tag-remolques-es","13":"product_tag-light-commercial-es","14":"product_tag-tracked-vehicles-es","15":"product_approvals-man-es","17":"first","18":"instock","19":"shipping-taxable","20":"product-type-simple"},"approvals":[{"term_id":1014400,"name":"MAN","slug":"man-es","term_group":0,"term_taxonomy_id":1014399,"taxonomy":"product_approvals","description":"","parent":0,"count":6,"filter":"raw"}],"application":[],"brb_media_brochure":"","brb_media_drawing":"","brb_media_manuals":[{"id":377190,"url":"https:\/\/dev.codekraft.it\/rotary-2024\/wp-content\/uploads\/brb_media\/00550433_gearbox-plates-om-3134980-multi-2025-04-rev-f.pdf","title":"Gearbox Plates OM 3134980 multi 2025 04 Rev F","thumbnail":"https:\/\/dev.codekraft.it\/rotary-2024\/wp-content\/uploads\/brb_media\/00550433_gearbox-plates-om-3134980-multi-2025-04-rev-f-pdf-106x150.png","description":""}],"brb_media_safety_datasheets":"","brb_media_spare_parts":[],"_cdmm_p_id":"159","_company":"Elektron","_gtin":"4057612002980","accessories":[{"id":377987,"cdmm_p_id":"153","name":"Casquillo 55\/35","description":"Espiga \u00d8 55 mm, espigas est\u00e1ndar \u00d8 de los placas de transmisi\u00f3n 35 mm | para elevadores BLITZ con asiento \u00d8 55 mm | 1 pieza","thumbnail":"https:\/\/dev.codekraft.it\/rotary-2024\/wp-content\/uploads\/brb_media\/00022995_buchse_web-150x150.png","url":"https:\/\/dev.codekraft.it\/rotary-2024\/es\/productos\/accesorios-elevadores-es\/dispositivos-de-transporte-de-carga-es\/casquillo-55-35\/"},{"id":377981,"cdmm_p_id":"154","name":"Casquillo 80\/35","description":"Espiga \u00d8 80 mm, espigas est\u00e1ndar \u00d8 de los placas de transmisi\u00f3n 35 mm | para elevadores BLITZ con asiento \u00d8 80 mm | 1 pieza","thumbnail":"https:\/\/dev.codekraft.it\/rotary-2024\/wp-content\/uploads\/brb_media\/00022995_buchse_web-150x150.png","url":"https:\/\/dev.codekraft.it\/rotary-2024\/es\/productos\/accesorios-elevadores-es\/dispositivos-de-transporte-de-carga-es\/casquillo-80-35\/"}],"components":[],"related":[],"similar":[{"id":377969,"cdmm_p_id":"160","name":"Placa de transmisi\u00f3n GA IV","description":"\u00c1ngulo de ajuste +\/- 12\u00ba, capacidad de carga 1 t, espiga \u00d8 35 mm, dimensiones 530 x 380 mm, galvanizado de serie, correa tensora para sujetar la carga, grandes superficies de apoyo de goma","thumbnail":"https:\/\/dev.codekraft.it\/rotary-2024\/wp-content\/uploads\/brb_media\/00022510_gearbox-plate-ga-iv-mi-150x150.png","url":"https:\/\/dev.codekraft.it\/rotary-2024\/es\/productos\/accesorios-elevadores-es\/placas-de-transmision-es\/placa-de-transmision-ga-iv\/"}],"lang":"es","translations":{"es":377975,"en":377971,"de":377972,"fr":377973,"it":377974,"ru":377976},"pll_sync_post":[],"_links":{"self":[{"href":"https:\/\/dev.codekraft.it\/rotary-2024\/wp-json\/wp\/v2\/product\/377975","targetHints":{"allow":["GET"]}}],"collection":[{"href":"https:\/\/dev.codekraft.it\/rotary-2024\/wp-json\/wp\/v2\/product"}],"about":[{"href":"https:\/\/dev.codekraft.it\/rotary-2024\/wp-json\/wp\/v2\/types\/product"}],"wp:featuredmedia":[{"embeddable":true,"href":"https:\/\/dev.codekraft.it\/rotary-2024\/wp-json\/wp\/v2\/media\/278701"}],"wp:attachment":[{"href":"https:\/\/dev.codekraft.it\/rotary-2024\/wp-json\/wp\/v2\/media?parent=377975"}],"wp:term":[{"taxonomy":"product_cat","embeddable":true,"href":"https:\/\/dev.codekraft.it\/rotary-2024\/wp-json\/wp\/v2\/product_cat?post=377975"},{"taxonomy":"product_tag","embeddable":true,"href":"https:\/\/dev.codekraft.it\/rotary-2024\/wp-json\/wp\/v2\/product_tag?post=377975"},{"taxonomy":"product_approvals","embeddable":true,"href":"https:\/\/dev.codekraft.it\/rotary-2024\/wp-json\/wp\/v2\/product_approvals?post=377975"},{"taxonomy":"product_application","embeddable":true,"href":"https:\/\/dev.codekraft.it\/rotary-2024\/wp-json\/wp\/v2\/product_application?post=377975"}],"curies":[{"name":"wp","href":"https:\/\/api.w.org\/{rel}","templated":true}]}}