{"id":377973,"date":"2025-12-11T10:10:52","date_gmt":"2025-12-11T10:10:52","guid":{"rendered":"https:\/\/dev.codekraft.it\/rotary-2024\/products\/uncategorized\/plaque-de-boites-de-vitesses-ga-iii\/"},"modified":"2025-12-11T10:10:52","modified_gmt":"2025-12-11T10:10:52","slug":"plaque-de-boites-de-vitesses-ga-iii","status":"publish","type":"product","link":"https:\/\/dev.codekraft.it\/rotary-2024\/fr\/produits\/accessoires-ponts-elevateurs-fr\/plaques-de-transmission-fr\/plaque-de-boites-de-vitesses-ga-iii\/","title":{"rendered":"Plaque de bo\u00eetes de vitesses GA III"},"content":{"rendered":"","protected":false},"excerpt":{"rendered":"<p>Angle d&#8217;ajustage +\/- 40\u00b0 \/ +\/- 17\u00b0, capacit\u00e9 de charge 1 t, \u00d8 de goujon 35 mm, dimensions 400 x 300 mm (r\u00e9glable jusqu&#8217;\u00e0 600 x 400 mm), sangle de serrage de la charge<\/p>\n","protected":false},"featured_media":278701,"template":"","meta":[],"product_cat":[1033948],"product_tag":[1034145,1034128,1034197,1034262,1034180,1034231,1034214,1034163],"product_approvals":[1014394],"product_application":[],"class_list":{"0":"post-377973","1":"product","2":"type-product","3":"status-publish","4":"has-post-thumbnail","6":"product_cat-plaques-de-transmission-fr","7":"product_tag-buses-fr","8":"product_tag-trucks-fr","9":"product_tag-motor-homes-fr","10":"product_tag-remorques-fr","11":"product_tag-light-commercial-fr","12":"product_tag-tracked-vehicles-fr","13":"product_tag-agricultural-machines-fr","14":"product_tag-passenger-cars-fr","15":"product_approvals-man-fr","17":"first","18":"instock","19":"shipping-taxable","20":"product-type-simple"},"approvals":[{"term_id":1014394,"name":"MAN","slug":"man-fr","term_group":0,"term_taxonomy_id":1014393,"taxonomy":"product_approvals","description":"","parent":0,"count":6,"filter":"raw"}],"application":[],"brb_media_brochure":"","brb_media_drawing":"","brb_media_manuals":[{"id":377190,"url":"https:\/\/dev.codekraft.it\/rotary-2024\/wp-content\/uploads\/brb_media\/00550433_gearbox-plates-om-3134980-multi-2025-04-rev-f.pdf","title":"Gearbox Plates OM 3134980 multi 2025 04 Rev F","thumbnail":"https:\/\/dev.codekraft.it\/rotary-2024\/wp-content\/uploads\/brb_media\/00550433_gearbox-plates-om-3134980-multi-2025-04-rev-f-pdf-106x150.png","description":""}],"brb_media_safety_datasheets":"","brb_media_spare_parts":[],"_cdmm_p_id":"159","_company":"Elektron","_gtin":"4057612002980","accessories":[{"id":377985,"cdmm_p_id":"153","name":"Manchon 55\/35","description":"\u00d8 de goujon 55 mm, \u00d8 de goujon standard des plaques de bo\u00eetes de vitesses 35 mm | pour ponts \u00e9l\u00e9vateurs BLITZ avec logement 55 mm | 1 pi\u00e8ce","thumbnail":"https:\/\/dev.codekraft.it\/rotary-2024\/wp-content\/uploads\/brb_media\/00022995_buchse_web-150x150.png","url":"https:\/\/dev.codekraft.it\/rotary-2024\/fr\/produits\/accessoires-ponts-elevateurs-fr\/systemes-de-transport-prise-de-charge-fr\/manchon-55-35\/"},{"id":377979,"cdmm_p_id":"154","name":"Manchon 80\/35","description":"\u00d8 de goujon 80 mm, \u00d8 de goujon standard des plaques de bo\u00eetes de vitesses 35 mm | pour ponts \u00e9l\u00e9vateurs BLITZ avec logement 80 mm | 1 pi\u00e8ce","thumbnail":"https:\/\/dev.codekraft.it\/rotary-2024\/wp-content\/uploads\/brb_media\/00022995_buchse_web-150x150.png","url":"https:\/\/dev.codekraft.it\/rotary-2024\/fr\/produits\/accessoires-ponts-elevateurs-fr\/systemes-de-transport-prise-de-charge-fr\/manchon-80-35\/"}],"components":[],"related":[],"similar":[{"id":377967,"cdmm_p_id":"160","name":"Plaque de bo\u00eetes de vitesses GA IV","description":"Angle d'ajustage +\/- 12\u00b0, capacit\u00e9 de charge 1 t, \u00d8 de goujon 35 mm, dimensions 530 x 381 mm, version standard galvanis\u00e9e, sangle de serrage de la charge, grande surface d'appui en caoutchouc","thumbnail":"https:\/\/dev.codekraft.it\/rotary-2024\/wp-content\/uploads\/brb_media\/00022510_gearbox-plate-ga-iv-mi-150x150.png","url":"https:\/\/dev.codekraft.it\/rotary-2024\/fr\/produits\/accessoires-ponts-elevateurs-fr\/plaques-de-transmission-fr\/plaque-de-boites-de-vitesses-ga-iv\/"}],"lang":"fr","translations":{"fr":377973,"en":377971,"de":377972,"it":377974,"es":377975,"ru":377976},"pll_sync_post":[],"_links":{"self":[{"href":"https:\/\/dev.codekraft.it\/rotary-2024\/wp-json\/wp\/v2\/product\/377973","targetHints":{"allow":["GET"]}}],"collection":[{"href":"https:\/\/dev.codekraft.it\/rotary-2024\/wp-json\/wp\/v2\/product"}],"about":[{"href":"https:\/\/dev.codekraft.it\/rotary-2024\/wp-json\/wp\/v2\/types\/product"}],"wp:featuredmedia":[{"embeddable":true,"href":"https:\/\/dev.codekraft.it\/rotary-2024\/wp-json\/wp\/v2\/media\/278701"}],"wp:attachment":[{"href":"https:\/\/dev.codekraft.it\/rotary-2024\/wp-json\/wp\/v2\/media?parent=377973"}],"wp:term":[{"taxonomy":"product_cat","embeddable":true,"href":"https:\/\/dev.codekraft.it\/rotary-2024\/wp-json\/wp\/v2\/product_cat?post=377973"},{"taxonomy":"product_tag","embeddable":true,"href":"https:\/\/dev.codekraft.it\/rotary-2024\/wp-json\/wp\/v2\/product_tag?post=377973"},{"taxonomy":"product_approvals","embeddable":true,"href":"https:\/\/dev.codekraft.it\/rotary-2024\/wp-json\/wp\/v2\/product_approvals?post=377973"},{"taxonomy":"product_application","embeddable":true,"href":"https:\/\/dev.codekraft.it\/rotary-2024\/wp-json\/wp\/v2\/product_application?post=377973"}],"curies":[{"name":"wp","href":"https:\/\/api.w.org\/{rel}","templated":true}]}}