{"id":377968,"date":"2025-12-11T10:11:11","date_gmt":"2025-12-11T10:11:11","guid":{"rendered":"https:\/\/dev.codekraft.it\/rotary-2024\/products\/uncategorized\/piastra-di-trasmissione-ga-iv\/"},"modified":"2025-12-11T10:11:11","modified_gmt":"2025-12-11T10:11:11","slug":"piastra-di-trasmissione-ga-iv","status":"publish","type":"product","link":"https:\/\/dev.codekraft.it\/rotary-2024\/it\/prodotti\/accessori-ponti-sollevatori-it\/piastre-di-trasmissione-it\/piastra-di-trasmissione-ga-iv\/","title":{"rendered":"Piastra di trasmissione GA IV"},"content":{"rendered":"<ul>\n<li>Inclinazione regolabile comodamente tramite vite filettata<\/li>\n<li>Esecuzione particolarmente piatta<\/li>\n<\/ul>\n","protected":false},"excerpt":{"rendered":"<p>Angolo di regolazione +\/- 12\u00b0, portata 1 t, mozzo \u00d8 35 mm, dimensioni 530 x 380 mm, zincatura di serie, cinghie per il fissaggio del carico, grandi superfici di appoggio in gomma<\/p>\n","protected":false},"featured_media":373506,"template":"","meta":[],"product_cat":[1033950],"product_tag":[1034166,1034148,1034131,1034200,1034183,1034217,1034251,1034234],"product_approvals":[1013893,1013876,1013910,1013995,1014397,1013927,1015116,1013978,1013961,1013944],"product_application":[],"class_list":{"0":"post-377968","1":"product","2":"type-product","3":"status-publish","4":"has-post-thumbnail","6":"product_cat-piastre-di-trasmissione-it","7":"product_tag-passenger-cars-it","8":"product_tag-buses-it","9":"product_tag-trucks-it","10":"product_tag-motor-homes-it","11":"product_tag-light-commercial-it","12":"product_tag-agricultural-machines-it","13":"product_tag-trailer-it","14":"product_tag-tracked-vehicles-it","15":"product_approvals-audi-it","16":"product_approvals-bentley-it","17":"product_approvals-bugatti-it","18":"product_approvals-lamborghini-it","19":"product_approvals-man-it","20":"product_approvals-porsche-it","21":"product_approvals-renault-it","22":"product_approvals-seat-it","23":"product_approvals-skoda-it","24":"product_approvals-vw-it","26":"first","27":"instock","28":"shipping-taxable","29":"product-type-simple"},"approvals":[{"term_id":1013893,"name":"Audi","slug":"audi-it","term_group":0,"term_taxonomy_id":1013892,"taxonomy":"product_approvals","description":"","parent":0,"count":26,"filter":"raw"},{"term_id":1013876,"name":"Bentley","slug":"bentley-it","term_group":0,"term_taxonomy_id":1013875,"taxonomy":"product_approvals","description":"","parent":0,"count":26,"filter":"raw"},{"term_id":1013910,"name":"Bugatti","slug":"bugatti-it","term_group":0,"term_taxonomy_id":1013909,"taxonomy":"product_approvals","description":"","parent":0,"count":26,"filter":"raw"},{"term_id":1013995,"name":"Lamborghini","slug":"lamborghini-it","term_group":0,"term_taxonomy_id":1013994,"taxonomy":"product_approvals","description":"","parent":0,"count":26,"filter":"raw"},{"term_id":1014397,"name":"MAN","slug":"man-it","term_group":0,"term_taxonomy_id":1014396,"taxonomy":"product_approvals","description":"","parent":0,"count":6,"filter":"raw"},{"term_id":1013927,"name":"Porsche","slug":"porsche-it","term_group":0,"term_taxonomy_id":1013926,"taxonomy":"product_approvals","description":"","parent":0,"count":24,"filter":"raw"},{"term_id":1015116,"name":"Renault","slug":"renault-it","term_group":0,"term_taxonomy_id":1015115,"taxonomy":"product_approvals","description":"","parent":0,"count":5,"filter":"raw"},{"term_id":1013978,"name":"Seat","slug":"seat-it","term_group":0,"term_taxonomy_id":1013977,"taxonomy":"product_approvals","description":"","parent":0,"count":26,"filter":"raw"},{"term_id":1013961,"name":"Skoda","slug":"skoda-it","term_group":0,"term_taxonomy_id":1013960,"taxonomy":"product_approvals","description":"","parent":0,"count":23,"filter":"raw"},{"term_id":1013944,"name":"VW","slug":"vw-it","term_group":0,"term_taxonomy_id":1013943,"taxonomy":"product_approvals","description":"","parent":0,"count":26,"filter":"raw"}],"application":[],"brb_media_brochure":"","brb_media_drawing":"","brb_media_manuals":[{"id":377190,"url":"https:\/\/dev.codekraft.it\/rotary-2024\/wp-content\/uploads\/brb_media\/00550433_gearbox-plates-om-3134980-multi-2025-04-rev-f.pdf","title":"Gearbox Plates OM 3134980 multi 2025 04 Rev F","thumbnail":"https:\/\/dev.codekraft.it\/rotary-2024\/wp-content\/uploads\/brb_media\/00550433_gearbox-plates-om-3134980-multi-2025-04-rev-f-pdf-106x150.png","description":""}],"brb_media_safety_datasheets":"","brb_media_spare_parts":[],"_cdmm_p_id":"160","_company":"Elektron","_gtin":"4057612003017","accessories":[{"id":377962,"cdmm_p_id":"161","name":"Supporti a prisma","description":"Per GA IV | 2 pezzi","thumbnail":"https:\/\/dev.codekraft.it\/rotary-2024\/wp-content\/uploads\/brb_media\/00023007_prismenblocke-fur-ga-iv_web-150x150.png","url":"https:\/\/dev.codekraft.it\/rotary-2024\/it\/prodotti\/accessori-ponti-sollevatori-it\/dispositivi-di-trasporto-del-carico-it\/supporti-a-prisma\/"},{"id":377986,"cdmm_p_id":"153","name":"Boccola 55\/35","description":"Mozzo \u00d8 55 mm, mozzo \u00d8 piastre di trasmissione 35 mm | per sollevatori BLITZ con attacco \u00d8 55 mm | 1 pezzo","thumbnail":"https:\/\/dev.codekraft.it\/rotary-2024\/wp-content\/uploads\/brb_media\/00022995_buchse_web-150x150.png","url":"https:\/\/dev.codekraft.it\/rotary-2024\/it\/prodotti\/accessori-ponti-sollevatori-it\/dispositivi-di-trasporto-del-carico-it\/boccola-55-35\/"},{"id":377980,"cdmm_p_id":"154","name":"Boccola 80\/35","description":"Mozzo \u00d8 80 mm, mozzo \u00d8 piastre di trasmissione 35 mm | per sollevatori BLITZ con attacco \u00d8 80 mm | 1 pezzo","thumbnail":"https:\/\/dev.codekraft.it\/rotary-2024\/wp-content\/uploads\/brb_media\/00022995_buchse_web-150x150.png","url":"https:\/\/dev.codekraft.it\/rotary-2024\/it\/prodotti\/accessori-ponti-sollevatori-it\/dispositivi-di-trasporto-del-carico-it\/boccola-80-35\/"}],"components":[],"related":[],"similar":[{"id":377974,"cdmm_p_id":"159","name":"Piastra di trasmissione GA III","description":"Angolo di regolazione +\/- 40\u00b0 \/ +\/- 17\u00b0, portata 1 t, mozzo \u00d8 35 mm, dimensioni 400 x 300 mm (regolabili fino a 600 x 400 mm), cinghie per il fissaggio del carico","thumbnail":"https:\/\/dev.codekraft.it\/rotary-2024\/wp-content\/uploads\/brb_media\/00022508-150x150.png","url":"https:\/\/dev.codekraft.it\/rotary-2024\/it\/prodotti\/accessori-ponti-sollevatori-it\/piastre-di-trasmissione-it\/piastra-di-trasmissione-ga-iii\/"}],"lang":"it","translations":{"it":377968,"en":377965,"de":377966,"fr":377967,"es":377969,"ru":377970},"pll_sync_post":[],"_links":{"self":[{"href":"https:\/\/dev.codekraft.it\/rotary-2024\/wp-json\/wp\/v2\/product\/377968","targetHints":{"allow":["GET"]}}],"collection":[{"href":"https:\/\/dev.codekraft.it\/rotary-2024\/wp-json\/wp\/v2\/product"}],"about":[{"href":"https:\/\/dev.codekraft.it\/rotary-2024\/wp-json\/wp\/v2\/types\/product"}],"wp:featuredmedia":[{"embeddable":true,"href":"https:\/\/dev.codekraft.it\/rotary-2024\/wp-json\/wp\/v2\/media\/373506"}],"wp:attachment":[{"href":"https:\/\/dev.codekraft.it\/rotary-2024\/wp-json\/wp\/v2\/media?parent=377968"}],"wp:term":[{"taxonomy":"product_cat","embeddable":true,"href":"https:\/\/dev.codekraft.it\/rotary-2024\/wp-json\/wp\/v2\/product_cat?post=377968"},{"taxonomy":"product_tag","embeddable":true,"href":"https:\/\/dev.codekraft.it\/rotary-2024\/wp-json\/wp\/v2\/product_tag?post=377968"},{"taxonomy":"product_approvals","embeddable":true,"href":"https:\/\/dev.codekraft.it\/rotary-2024\/wp-json\/wp\/v2\/product_approvals?post=377968"},{"taxonomy":"product_application","embeddable":true,"href":"https:\/\/dev.codekraft.it\/rotary-2024\/wp-json\/wp\/v2\/product_application?post=377968"}],"curies":[{"name":"wp","href":"https:\/\/api.w.org\/{rel}","templated":true}]}}