{"id":377967,"date":"2025-12-11T10:10:52","date_gmt":"2025-12-11T10:10:52","guid":{"rendered":"https:\/\/dev.codekraft.it\/rotary-2024\/products\/uncategorized\/plaque-de-boites-de-vitesses-ga-iv\/"},"modified":"2025-12-11T10:10:52","modified_gmt":"2025-12-11T10:10:52","slug":"plaque-de-boites-de-vitesses-ga-iv","status":"publish","type":"product","link":"https:\/\/dev.codekraft.it\/rotary-2024\/fr\/produits\/accessoires-ponts-elevateurs-fr\/plaques-de-transmission-fr\/plaque-de-boites-de-vitesses-ga-iv\/","title":{"rendered":"Plaque de bo\u00eetes de vitesses GA IV"},"content":{"rendered":"<ul>\n<li>Inclinaison r\u00e9glable par vis confortable dans toutes les directions<\/li>\n<li>Configuration particuli\u00e8rement plate<\/li>\n<\/ul>\n","protected":false},"excerpt":{"rendered":"<p>Angle d&#8217;ajustage +\/- 12\u00b0, capacit\u00e9 de charge 1 t, \u00d8 de goujon 35 mm, dimensions 530 x 381 mm, version standard galvanis\u00e9e, sangle de serrage de la charge, grande surface d&#8217;appui en caoutchouc<\/p>\n","protected":false},"featured_media":373506,"template":"","meta":[],"product_cat":[1033948],"product_tag":[1034145,1034128,1034197,1034262,1034180,1034231,1034214,1034163],"product_approvals":[1013890,1013873,1013907,1013992,1014394,1013924,1015113,1013975,1013958,1013941],"product_application":[],"class_list":{"0":"post-377967","1":"product","2":"type-product","3":"status-publish","4":"has-post-thumbnail","6":"product_cat-plaques-de-transmission-fr","7":"product_tag-buses-fr","8":"product_tag-trucks-fr","9":"product_tag-motor-homes-fr","10":"product_tag-remorques-fr","11":"product_tag-light-commercial-fr","12":"product_tag-tracked-vehicles-fr","13":"product_tag-agricultural-machines-fr","14":"product_tag-passenger-cars-fr","15":"product_approvals-audi-fr","16":"product_approvals-bentley-fr","17":"product_approvals-bugatti-fr","18":"product_approvals-lamborghini-fr","19":"product_approvals-man-fr","20":"product_approvals-porsche-fr","21":"product_approvals-renault-fr","22":"product_approvals-seat-fr","23":"product_approvals-skoda-fr","24":"product_approvals-vw-fr","26":"first","27":"instock","28":"shipping-taxable","29":"product-type-simple"},"approvals":[{"term_id":1013890,"name":"Audi","slug":"audi-fr","term_group":0,"term_taxonomy_id":1013889,"taxonomy":"product_approvals","description":"","parent":0,"count":26,"filter":"raw"},{"term_id":1013873,"name":"Bentley","slug":"bentley-fr","term_group":0,"term_taxonomy_id":1013872,"taxonomy":"product_approvals","description":"","parent":0,"count":26,"filter":"raw"},{"term_id":1013907,"name":"Bugatti","slug":"bugatti-fr","term_group":0,"term_taxonomy_id":1013906,"taxonomy":"product_approvals","description":"","parent":0,"count":26,"filter":"raw"},{"term_id":1013992,"name":"Lamborghini","slug":"lamborghini-fr","term_group":0,"term_taxonomy_id":1013991,"taxonomy":"product_approvals","description":"","parent":0,"count":26,"filter":"raw"},{"term_id":1014394,"name":"MAN","slug":"man-fr","term_group":0,"term_taxonomy_id":1014393,"taxonomy":"product_approvals","description":"","parent":0,"count":6,"filter":"raw"},{"term_id":1013924,"name":"Porsche","slug":"porsche-fr","term_group":0,"term_taxonomy_id":1013923,"taxonomy":"product_approvals","description":"","parent":0,"count":24,"filter":"raw"},{"term_id":1015113,"name":"Renault","slug":"renault-fr","term_group":0,"term_taxonomy_id":1015112,"taxonomy":"product_approvals","description":"","parent":0,"count":5,"filter":"raw"},{"term_id":1013975,"name":"Seat","slug":"seat-fr","term_group":0,"term_taxonomy_id":1013974,"taxonomy":"product_approvals","description":"","parent":0,"count":26,"filter":"raw"},{"term_id":1013958,"name":"Skoda","slug":"skoda-fr","term_group":0,"term_taxonomy_id":1013957,"taxonomy":"product_approvals","description":"","parent":0,"count":23,"filter":"raw"},{"term_id":1013941,"name":"VW","slug":"vw-fr","term_group":0,"term_taxonomy_id":1013940,"taxonomy":"product_approvals","description":"","parent":0,"count":26,"filter":"raw"}],"application":[],"brb_media_brochure":"","brb_media_drawing":"","brb_media_manuals":[{"id":377190,"url":"https:\/\/dev.codekraft.it\/rotary-2024\/wp-content\/uploads\/brb_media\/00550433_gearbox-plates-om-3134980-multi-2025-04-rev-f.pdf","title":"Gearbox Plates OM 3134980 multi 2025 04 Rev F","thumbnail":"https:\/\/dev.codekraft.it\/rotary-2024\/wp-content\/uploads\/brb_media\/00550433_gearbox-plates-om-3134980-multi-2025-04-rev-f-pdf-106x150.png","description":""}],"brb_media_safety_datasheets":"","brb_media_spare_parts":[],"_cdmm_p_id":"160","_company":"Elektron","_gtin":"4057612003017","accessories":[{"id":377961,"cdmm_p_id":"161","name":"Supports prismes","description":"Pour GA IV | 2 pi\u00e8ces","thumbnail":"https:\/\/dev.codekraft.it\/rotary-2024\/wp-content\/uploads\/brb_media\/00023007_prismenblocke-fur-ga-iv_web-150x150.png","url":"https:\/\/dev.codekraft.it\/rotary-2024\/fr\/produits\/accessoires-ponts-elevateurs-fr\/systemes-de-transport-prise-de-charge-fr\/supports-prismes\/"},{"id":377985,"cdmm_p_id":"153","name":"Manchon 55\/35","description":"\u00d8 de goujon 55 mm, \u00d8 de goujon standard des plaques de bo\u00eetes de vitesses 35 mm | pour ponts \u00e9l\u00e9vateurs BLITZ avec logement 55 mm | 1 pi\u00e8ce","thumbnail":"https:\/\/dev.codekraft.it\/rotary-2024\/wp-content\/uploads\/brb_media\/00022995_buchse_web-150x150.png","url":"https:\/\/dev.codekraft.it\/rotary-2024\/fr\/produits\/accessoires-ponts-elevateurs-fr\/systemes-de-transport-prise-de-charge-fr\/manchon-55-35\/"},{"id":377979,"cdmm_p_id":"154","name":"Manchon 80\/35","description":"\u00d8 de goujon 80 mm, \u00d8 de goujon standard des plaques de bo\u00eetes de vitesses 35 mm | pour ponts \u00e9l\u00e9vateurs BLITZ avec logement 80 mm | 1 pi\u00e8ce","thumbnail":"https:\/\/dev.codekraft.it\/rotary-2024\/wp-content\/uploads\/brb_media\/00022995_buchse_web-150x150.png","url":"https:\/\/dev.codekraft.it\/rotary-2024\/fr\/produits\/accessoires-ponts-elevateurs-fr\/systemes-de-transport-prise-de-charge-fr\/manchon-80-35\/"}],"components":[],"related":[],"similar":[{"id":377973,"cdmm_p_id":"159","name":"Plaque de bo\u00eetes de vitesses GA III","description":"Angle d'ajustage +\/- 40\u00b0 \/ +\/- 17\u00b0, capacit\u00e9 de charge 1 t, \u00d8 de goujon 35 mm, dimensions 400 x 300 mm (r\u00e9glable jusqu'\u00e0 600 x 400 mm), sangle de serrage de la charge","thumbnail":"https:\/\/dev.codekraft.it\/rotary-2024\/wp-content\/uploads\/brb_media\/00022508-150x150.png","url":"https:\/\/dev.codekraft.it\/rotary-2024\/fr\/produits\/accessoires-ponts-elevateurs-fr\/plaques-de-transmission-fr\/plaque-de-boites-de-vitesses-ga-iii\/"}],"lang":"fr","translations":{"fr":377967,"en":377965,"de":377966,"it":377968,"es":377969,"ru":377970},"pll_sync_post":[],"_links":{"self":[{"href":"https:\/\/dev.codekraft.it\/rotary-2024\/wp-json\/wp\/v2\/product\/377967","targetHints":{"allow":["GET"]}}],"collection":[{"href":"https:\/\/dev.codekraft.it\/rotary-2024\/wp-json\/wp\/v2\/product"}],"about":[{"href":"https:\/\/dev.codekraft.it\/rotary-2024\/wp-json\/wp\/v2\/types\/product"}],"wp:featuredmedia":[{"embeddable":true,"href":"https:\/\/dev.codekraft.it\/rotary-2024\/wp-json\/wp\/v2\/media\/373506"}],"wp:attachment":[{"href":"https:\/\/dev.codekraft.it\/rotary-2024\/wp-json\/wp\/v2\/media?parent=377967"}],"wp:term":[{"taxonomy":"product_cat","embeddable":true,"href":"https:\/\/dev.codekraft.it\/rotary-2024\/wp-json\/wp\/v2\/product_cat?post=377967"},{"taxonomy":"product_tag","embeddable":true,"href":"https:\/\/dev.codekraft.it\/rotary-2024\/wp-json\/wp\/v2\/product_tag?post=377967"},{"taxonomy":"product_approvals","embeddable":true,"href":"https:\/\/dev.codekraft.it\/rotary-2024\/wp-json\/wp\/v2\/product_approvals?post=377967"},{"taxonomy":"product_application","embeddable":true,"href":"https:\/\/dev.codekraft.it\/rotary-2024\/wp-json\/wp\/v2\/product_application?post=377967"}],"curies":[{"name":"wp","href":"https:\/\/api.w.org\/{rel}","templated":true}]}}