{"id":377965,"date":"2025-12-11T10:10:42","date_gmt":"2025-12-11T10:10:42","guid":{"rendered":"https:\/\/dev.codekraft.it\/rotary-2024\/products\/uncategorized\/gearbox-plate-ga-iv\/"},"modified":"2025-12-11T10:10:42","modified_gmt":"2025-12-11T10:10:42","slug":"gearbox-plate-ga-iv","status":"publish","type":"product","link":"https:\/\/dev.codekraft.it\/rotary-2024\/en\/products\/accessories-lifts-en\/gearbox-plates-en\/gearbox-plate-ga-iv\/","title":{"rendered":"Gearbox plate GA IV"},"content":{"rendered":"<ul>\n<li>Comfortable tilting in all directions by fork spanner<\/li>\n<li>Extremely flat construction<\/li>\n<\/ul>\n","protected":false},"excerpt":{"rendered":"<p>Adjustment angle +\/- 12\u00b0, load capacity 1 t, peg \u00d8 35 mm, measurements 546 x 381 mm, in series galvanised, tensioning belts to secure the load, large rubber supporting surface<\/p>\n","protected":false},"featured_media":373506,"template":"","meta":[],"product_cat":[1033944],"product_tag":[1034209,1034140,1034175,1034192,1034158,1034226,1034243,1034123],"product_approvals":[1013885,1013868,1013902,1013987,1014389,1013919,1015108,1013970,1013953,1013936],"product_application":[],"class_list":{"0":"post-377965","1":"product","2":"type-product","3":"status-publish","4":"has-post-thumbnail","6":"product_cat-gearbox-plates-en","7":"product_tag-agricultural-machines-en","8":"product_tag-buses-en","9":"product_tag-light-commercial-en","10":"product_tag-motor-homes-en","11":"product_tag-passenger-cars-en","12":"product_tag-tracked-vehicles-en","13":"product_tag-trailer-en","14":"product_tag-trucks-en","15":"product_approvals-audi-en","16":"product_approvals-bentley-en","17":"product_approvals-bugatti-en","18":"product_approvals-lamborghini-en","19":"product_approvals-man-en","20":"product_approvals-porsche-en","21":"product_approvals-renault-en","22":"product_approvals-seat-en","23":"product_approvals-skoda-en","24":"product_approvals-vw-en","26":"first","27":"instock","28":"shipping-taxable","29":"product-type-simple"},"approvals":[{"term_id":1013885,"name":"Audi","slug":"audi-en","term_group":0,"term_taxonomy_id":1013884,"taxonomy":"product_approvals","description":"","parent":0,"count":26,"filter":"raw"},{"term_id":1013868,"name":"Bentley","slug":"bentley-en","term_group":0,"term_taxonomy_id":1013867,"taxonomy":"product_approvals","description":"","parent":0,"count":26,"filter":"raw"},{"term_id":1013902,"name":"Bugatti","slug":"bugatti-en","term_group":0,"term_taxonomy_id":1013901,"taxonomy":"product_approvals","description":"","parent":0,"count":26,"filter":"raw"},{"term_id":1013987,"name":"Lamborghini","slug":"lamborghini-en","term_group":0,"term_taxonomy_id":1013986,"taxonomy":"product_approvals","description":"","parent":0,"count":26,"filter":"raw"},{"term_id":1014389,"name":"MAN","slug":"man-en","term_group":0,"term_taxonomy_id":1014388,"taxonomy":"product_approvals","description":"","parent":0,"count":6,"filter":"raw"},{"term_id":1013919,"name":"Porsche","slug":"porsche-en","term_group":0,"term_taxonomy_id":1013918,"taxonomy":"product_approvals","description":"","parent":0,"count":24,"filter":"raw"},{"term_id":1015108,"name":"Renault","slug":"renault-en","term_group":0,"term_taxonomy_id":1015107,"taxonomy":"product_approvals","description":"","parent":0,"count":5,"filter":"raw"},{"term_id":1013970,"name":"Seat","slug":"seat-en","term_group":0,"term_taxonomy_id":1013969,"taxonomy":"product_approvals","description":"","parent":0,"count":26,"filter":"raw"},{"term_id":1013953,"name":"Skoda","slug":"skoda-en","term_group":0,"term_taxonomy_id":1013952,"taxonomy":"product_approvals","description":"","parent":0,"count":23,"filter":"raw"},{"term_id":1013936,"name":"VW","slug":"vw-en","term_group":0,"term_taxonomy_id":1013935,"taxonomy":"product_approvals","description":"","parent":0,"count":26,"filter":"raw"}],"application":[],"brb_media_brochure":"","brb_media_drawing":"","brb_media_manuals":[{"id":377190,"url":"https:\/\/dev.codekraft.it\/rotary-2024\/wp-content\/uploads\/brb_media\/00550433_gearbox-plates-om-3134980-multi-2025-04-rev-f.pdf","title":"Gearbox Plates OM 3134980 multi 2025 04 Rev F","thumbnail":"https:\/\/dev.codekraft.it\/rotary-2024\/wp-content\/uploads\/brb_media\/00550433_gearbox-plates-om-3134980-multi-2025-04-rev-f-pdf-106x150.png","description":""}],"brb_media_safety_datasheets":"","brb_media_spare_parts":[],"_cdmm_p_id":"160","_company":"Elektron","_gtin":"4057612003017","accessories":[{"id":377959,"cdmm_p_id":"161","name":"Prismatic blocks","description":"For GA IV | 2 pieces","thumbnail":"https:\/\/dev.codekraft.it\/rotary-2024\/wp-content\/uploads\/brb_media\/00023007_prismenblocke-fur-ga-iv_web-150x150.png","url":"https:\/\/dev.codekraft.it\/rotary-2024\/en\/products\/accessories-lifts-en\/load-carrying-devices-en\/prismatic-blocks\/"},{"id":377983,"cdmm_p_id":"153","name":"Bushing 55\/35","description":"Peg \u00d8 55 mm, standard peg \u00d8 gearbox plates 35 mm | for BLITZlifts with mount \u00d8 55 mm | 1 piece","thumbnail":"https:\/\/dev.codekraft.it\/rotary-2024\/wp-content\/uploads\/brb_media\/00022995_buchse_web-150x150.png","url":"https:\/\/dev.codekraft.it\/rotary-2024\/en\/products\/accessories-lifts-en\/load-carrying-devices-en\/bushing-55-35\/"},{"id":377977,"cdmm_p_id":"154","name":"Bushing 80\/35","description":"Peg \u00d8 80 mm, standard peg \u00d8 gearbox plates 35 mm | for BLITZlifts with mount \u00d8 80 mm | 1 piece","thumbnail":"https:\/\/dev.codekraft.it\/rotary-2024\/wp-content\/uploads\/brb_media\/00022995_buchse_web-150x150.png","url":"https:\/\/dev.codekraft.it\/rotary-2024\/en\/products\/accessories-lifts-en\/load-carrying-devices-en\/bushing-80-35\/"}],"components":[],"related":[],"similar":[{"id":377971,"cdmm_p_id":"159","name":"Gearbox plate GA III","description":"Adjustment angle +\/- 40\u00b0 \/ +\/- 17\u00b0, load capacity 1 t, peg \u00d8 35 mm, measurements 400 x 300 mm (adjustable up to 600 x 400 mm), tensioning belt to secure the load","thumbnail":"https:\/\/dev.codekraft.it\/rotary-2024\/wp-content\/uploads\/brb_media\/00022508-150x150.png","url":"https:\/\/dev.codekraft.it\/rotary-2024\/en\/products\/accessories-lifts-en\/gearbox-plates-en\/gearbox-plate-ga-iii\/"}],"lang":"en","translations":{"en":377965,"de":377966,"fr":377967,"it":377968,"es":377969,"ru":377970},"pll_sync_post":[],"_links":{"self":[{"href":"https:\/\/dev.codekraft.it\/rotary-2024\/wp-json\/wp\/v2\/product\/377965","targetHints":{"allow":["GET"]}}],"collection":[{"href":"https:\/\/dev.codekraft.it\/rotary-2024\/wp-json\/wp\/v2\/product"}],"about":[{"href":"https:\/\/dev.codekraft.it\/rotary-2024\/wp-json\/wp\/v2\/types\/product"}],"wp:featuredmedia":[{"embeddable":true,"href":"https:\/\/dev.codekraft.it\/rotary-2024\/wp-json\/wp\/v2\/media\/373506"}],"wp:attachment":[{"href":"https:\/\/dev.codekraft.it\/rotary-2024\/wp-json\/wp\/v2\/media?parent=377965"}],"wp:term":[{"taxonomy":"product_cat","embeddable":true,"href":"https:\/\/dev.codekraft.it\/rotary-2024\/wp-json\/wp\/v2\/product_cat?post=377965"},{"taxonomy":"product_tag","embeddable":true,"href":"https:\/\/dev.codekraft.it\/rotary-2024\/wp-json\/wp\/v2\/product_tag?post=377965"},{"taxonomy":"product_approvals","embeddable":true,"href":"https:\/\/dev.codekraft.it\/rotary-2024\/wp-json\/wp\/v2\/product_approvals?post=377965"},{"taxonomy":"product_application","embeddable":true,"href":"https:\/\/dev.codekraft.it\/rotary-2024\/wp-json\/wp\/v2\/product_application?post=377965"}],"curies":[{"name":"wp","href":"https:\/\/api.w.org\/{rel}","templated":true}]}}