{"id":377960,"date":"2025-12-11T10:04:37","date_gmt":"2025-12-11T10:04:37","guid":{"rendered":"https:\/\/dev.codekraft.it\/rotary-2024\/products\/uncategorized\/prismenbocke\/"},"modified":"2025-12-11T10:04:37","modified_gmt":"2025-12-11T10:04:37","slug":"prismenbocke","status":"publish","type":"product","link":"https:\/\/dev.codekraft.it\/rotary-2024\/produkte\/zubehor-hebebuhnen-de\/lastaufnahmemittel-de\/prismenbocke\/","title":{"rendered":"Prismenb\u00f6cke"},"content":{"rendered":"","protected":false},"excerpt":{"rendered":"<p>F\u00fcr GA IV | 2 St\u00fcck<\/p>\n","protected":false},"featured_media":349170,"template":"","meta":[],"product_cat":[1033958],"product_tag":[1034260,1034143,1034229,1034212,1034126,1034161,1034178,1034195],"product_approvals":[1013887,1013870,1013904,1013989,1014391,1013921,1015110,1013972,1013955,1013938],"product_application":[],"class_list":{"0":"post-377960","1":"product","2":"type-product","3":"status-publish","4":"has-post-thumbnail","6":"product_cat-lastaufnahmemittel-de","7":"product_tag-anhanger-de","8":"product_tag-buses-de","9":"product_tag-tracked-vehicles-de","10":"product_tag-agricultural-machines-de","11":"product_tag-trucks-de","12":"product_tag-passenger-cars-de","13":"product_tag-light-commercial-de","14":"product_tag-motor-homes-de","15":"product_approvals-audi-de","16":"product_approvals-bentley-de","17":"product_approvals-bugatti-de","18":"product_approvals-lamborghini-de","19":"product_approvals-man-de","20":"product_approvals-porsche-de","21":"product_approvals-renault-de","22":"product_approvals-seat-de","23":"product_approvals-skoda-de","24":"product_approvals-vw-de","26":"first","27":"instock","28":"shipping-taxable","29":"product-type-simple"},"approvals":[{"term_id":1013887,"name":"Audi","slug":"audi-de","term_group":0,"term_taxonomy_id":1013886,"taxonomy":"product_approvals","description":"","parent":0,"count":26,"filter":"raw"},{"term_id":1013870,"name":"Bentley","slug":"bentley-de","term_group":0,"term_taxonomy_id":1013869,"taxonomy":"product_approvals","description":"","parent":0,"count":26,"filter":"raw"},{"term_id":1013904,"name":"Bugatti","slug":"bugatti-de","term_group":0,"term_taxonomy_id":1013903,"taxonomy":"product_approvals","description":"","parent":0,"count":26,"filter":"raw"},{"term_id":1013989,"name":"Lamborghini","slug":"lamborghini-de","term_group":0,"term_taxonomy_id":1013988,"taxonomy":"product_approvals","description":"","parent":0,"count":26,"filter":"raw"},{"term_id":1014391,"name":"MAN","slug":"man-de","term_group":0,"term_taxonomy_id":1014390,"taxonomy":"product_approvals","description":"","parent":0,"count":6,"filter":"raw"},{"term_id":1013921,"name":"Porsche","slug":"porsche-de","term_group":0,"term_taxonomy_id":1013920,"taxonomy":"product_approvals","description":"","parent":0,"count":24,"filter":"raw"},{"term_id":1015110,"name":"Renault","slug":"renault-de","term_group":0,"term_taxonomy_id":1015109,"taxonomy":"product_approvals","description":"","parent":0,"count":5,"filter":"raw"},{"term_id":1013972,"name":"Seat","slug":"seat-de","term_group":0,"term_taxonomy_id":1013971,"taxonomy":"product_approvals","description":"","parent":0,"count":26,"filter":"raw"},{"term_id":1013955,"name":"Skoda","slug":"skoda-de","term_group":0,"term_taxonomy_id":1013954,"taxonomy":"product_approvals","description":"","parent":0,"count":23,"filter":"raw"},{"term_id":1013938,"name":"VW","slug":"vw-de","term_group":0,"term_taxonomy_id":1013937,"taxonomy":"product_approvals","description":"","parent":0,"count":26,"filter":"raw"}],"application":[],"brb_media_brochure":"","brb_media_drawing":"","brb_media_manuals":"","brb_media_safety_datasheets":"","brb_media_spare_parts":[],"_cdmm_p_id":"161","_company":"Elektron","_gtin":"4057612390063","accessories":[],"components":[],"related":[],"page_logo_src":"https:\/\/dev.codekraft.it\/rotary-2024\/wp-content\/uploads\/2024\/05\/cropped-rotary-logo-2022.png","lang":"de","translations":{"de":377960,"en":377959,"fr":377961,"it":377962,"es":377963,"ru":377964},"pll_sync_post":[],"_links":{"self":[{"href":"https:\/\/dev.codekraft.it\/rotary-2024\/wp-json\/wp\/v2\/product\/377960","targetHints":{"allow":["GET"]}}],"collection":[{"href":"https:\/\/dev.codekraft.it\/rotary-2024\/wp-json\/wp\/v2\/product"}],"about":[{"href":"https:\/\/dev.codekraft.it\/rotary-2024\/wp-json\/wp\/v2\/types\/product"}],"wp:featuredmedia":[{"embeddable":true,"href":"https:\/\/dev.codekraft.it\/rotary-2024\/wp-json\/wp\/v2\/media\/349170"}],"wp:attachment":[{"href":"https:\/\/dev.codekraft.it\/rotary-2024\/wp-json\/wp\/v2\/media?parent=377960"}],"wp:term":[{"taxonomy":"product_cat","embeddable":true,"href":"https:\/\/dev.codekraft.it\/rotary-2024\/wp-json\/wp\/v2\/product_cat?post=377960"},{"taxonomy":"product_tag","embeddable":true,"href":"https:\/\/dev.codekraft.it\/rotary-2024\/wp-json\/wp\/v2\/product_tag?post=377960"},{"taxonomy":"product_approvals","embeddable":true,"href":"https:\/\/dev.codekraft.it\/rotary-2024\/wp-json\/wp\/v2\/product_approvals?post=377960"},{"taxonomy":"product_application","embeddable":true,"href":"https:\/\/dev.codekraft.it\/rotary-2024\/wp-json\/wp\/v2\/product_application?post=377960"}],"curies":[{"name":"wp","href":"https:\/\/api.w.org\/{rel}","templated":true}]}}