{"id":377906,"date":"2025-12-11T10:04:38","date_gmt":"2025-12-11T10:04:38","guid":{"rendered":"https:\/\/dev.codekraft.it\/rotary-2024\/products\/uncategorized\/aufnahmeadapter-u-175\/"},"modified":"2025-12-11T10:04:38","modified_gmt":"2025-12-11T10:04:38","slug":"aufnahmeadapter-u-175","status":"publish","type":"product","link":"https:\/\/dev.codekraft.it\/rotary-2024\/produkte\/zubehor-hebebuhnen-de\/lastaufnahmemittel-de\/aufnahmeadapter-u-175\/","title":{"rendered":"Aufnahmeadapter U 175"},"content":{"rendered":"<ul>\n<li>Tragteller mit Aufnahmepratze gro\u00df<\/li>\n<\/ul>\n","protected":false},"excerpt":{"rendered":"<p>Tragteller, Gabel | Tragf\u00e4higkeit 15 t, Zapfen-\u00d8 35 mm | 1 St\u00fcck<\/p>\n","protected":false},"featured_media":373592,"template":"","meta":[],"product_cat":[1033958],"product_tag":[1034260,1034143,1034229,1034212,1034126,1034161,1034178,1034195],"product_approvals":[],"product_application":[],"class_list":{"0":"post-377906","1":"product","2":"type-product","3":"status-publish","4":"has-post-thumbnail","6":"product_cat-lastaufnahmemittel-de","7":"product_tag-anhanger-de","8":"product_tag-buses-de","9":"product_tag-tracked-vehicles-de","10":"product_tag-agricultural-machines-de","11":"product_tag-trucks-de","12":"product_tag-passenger-cars-de","13":"product_tag-light-commercial-de","14":"product_tag-motor-homes-de","16":"first","17":"instock","18":"shipping-taxable","19":"product-type-simple"},"approvals":[],"application":[],"brb_media_brochure":"","brb_media_drawing":"","brb_media_manuals":"","brb_media_safety_datasheets":"","brb_media_spare_parts":[],"_cdmm_p_id":"180","_company":"Elektron","_gtin":"4057612303476","accessories":[],"components":[],"related":[],"similar":[{"id":377900,"cdmm_p_id":"181","name":"Aufnahmeadapter U 220","description":"Tragteller, Gabel | Tragf\u00e4higkeit 15 t, Zapfen-\u00d8 35 mm | 1 St\u00fcck","thumbnail":"https:\/\/dev.codekraft.it\/rotary-2024\/wp-content\/uploads\/brb_media\/00023147_u_220_ohne-schrift_web-150x150.png","url":"https:\/\/dev.codekraft.it\/rotary-2024\/produkte\/zubehor-hebebuhnen-de\/lastaufnahmemittel-de\/aufnahmeadapter-u-220\/"},{"id":377924,"cdmm_p_id":"177","name":"Aufnahmeadapter U","description":"Tragteller, Gabel | Tragf\u00e4higkeit 15 t, Zapfen-\u00d8 35 mm | 1 St\u00fcck","thumbnail":"https:\/\/dev.codekraft.it\/rotary-2024\/wp-content\/uploads\/brb_media\/00023141_u_115_ohne-schrift_web-150x150.png","url":"https:\/\/dev.codekraft.it\/rotary-2024\/produkte\/zubehor-hebebuhnen-de\/lastaufnahmemittel-de\/aufnahmeadapter-u-2\/"},{"id":377912,"cdmm_p_id":"179","name":"Aufnahmeadapter U 145","description":"Tragteller, Gabel | Tragf\u00e4higkeit 15 t, Zapfen-\u00d8 35 mm | 1 St\u00fcck","thumbnail":"https:\/\/dev.codekraft.it\/rotary-2024\/wp-content\/uploads\/brb_media\/00023143_u_145_ohne-schrift_web-150x150.png","url":"https:\/\/dev.codekraft.it\/rotary-2024\/produkte\/zubehor-hebebuhnen-de\/lastaufnahmemittel-de\/aufnahmeadapter-u-145\/"}],"lang":"de","translations":{"de":377906,"en":377905,"fr":377907,"it":377908,"es":377909,"ru":377910},"pll_sync_post":[],"_links":{"self":[{"href":"https:\/\/dev.codekraft.it\/rotary-2024\/wp-json\/wp\/v2\/product\/377906","targetHints":{"allow":["GET"]}}],"collection":[{"href":"https:\/\/dev.codekraft.it\/rotary-2024\/wp-json\/wp\/v2\/product"}],"about":[{"href":"https:\/\/dev.codekraft.it\/rotary-2024\/wp-json\/wp\/v2\/types\/product"}],"wp:featuredmedia":[{"embeddable":true,"href":"https:\/\/dev.codekraft.it\/rotary-2024\/wp-json\/wp\/v2\/media\/373592"}],"wp:attachment":[{"href":"https:\/\/dev.codekraft.it\/rotary-2024\/wp-json\/wp\/v2\/media?parent=377906"}],"wp:term":[{"taxonomy":"product_cat","embeddable":true,"href":"https:\/\/dev.codekraft.it\/rotary-2024\/wp-json\/wp\/v2\/product_cat?post=377906"},{"taxonomy":"product_tag","embeddable":true,"href":"https:\/\/dev.codekraft.it\/rotary-2024\/wp-json\/wp\/v2\/product_tag?post=377906"},{"taxonomy":"product_approvals","embeddable":true,"href":"https:\/\/dev.codekraft.it\/rotary-2024\/wp-json\/wp\/v2\/product_approvals?post=377906"},{"taxonomy":"product_application","embeddable":true,"href":"https:\/\/dev.codekraft.it\/rotary-2024\/wp-json\/wp\/v2\/product_application?post=377906"}],"curies":[{"name":"wp","href":"https:\/\/api.w.org\/{rel}","templated":true}]}}