{"id":377865,"date":"2025-12-11T10:10:53","date_gmt":"2025-12-11T10:10:53","guid":{"rendered":"https:\/\/dev.codekraft.it\/rotary-2024\/products\/uncategorized\/tube-decartement-dr-4-2\/"},"modified":"2025-12-11T10:10:53","modified_gmt":"2025-12-11T10:10:53","slug":"tube-decartement-dr-4-2","status":"publish","type":"product","link":"https:\/\/dev.codekraft.it\/rotary-2024\/fr\/produits\/accessoires-ponts-elevateurs-fr\/systemes-de-transport-prise-de-charge-fr\/tube-decartement-dr-4-2\/","title":{"rendered":"Tube d&#039;\u00e9cartement DR 4"},"content":{"rendered":"<ul>\n<li>Tubes d&#8217;\u00e9cartement pour compenser des diff\u00e9rences de hauteur particuli\u00e8rement importantes entre les ponts d&#8217;appui et la charge, en standard avec s\u00e9curit\u00e9 anti-chute, par pi\u00e8ce<\/li>\n<\/ul>\n","protected":false},"excerpt":{"rendered":"<p>10 t, \u00d8 de goujon 35 mm, 400 mm | 1 pi\u00e8ce<\/p>\n","protected":false},"featured_media":373645,"template":"","meta":[],"product_cat":[1033960],"product_tag":[1034145,1034128,1034197,1034262,1034180,1034231,1034214,1034163],"product_approvals":[],"product_application":[],"class_list":{"0":"post-377865","1":"product","2":"type-product","3":"status-publish","4":"has-post-thumbnail","6":"product_cat-systemes-de-transport-prise-de-charge-fr","7":"product_tag-buses-fr","8":"product_tag-trucks-fr","9":"product_tag-motor-homes-fr","10":"product_tag-remorques-fr","11":"product_tag-light-commercial-fr","12":"product_tag-tracked-vehicles-fr","13":"product_tag-agricultural-machines-fr","14":"product_tag-passenger-cars-fr","16":"first","17":"instock","18":"shipping-taxable","19":"product-type-simple"},"approvals":[],"application":[],"brb_media_brochure":"","brb_media_drawing":"","brb_media_manuals":"","brb_media_safety_datasheets":"","brb_media_spare_parts":[],"_cdmm_p_id":"193","_company":"Elektron","_gtin":"4057612303315","accessories":[],"components":[],"related":[],"similar":[{"id":377853,"cdmm_p_id":"195","name":"Tube d&#039;\u00e9cartement DR 6","description":"10 t, \u00d8 de goujon 35 mm, 600 mm | 1 pi\u00e8ce","thumbnail":"https:\/\/dev.codekraft.it\/rotary-2024\/wp-content\/uploads\/brb_media\/00023092_dr-6-ohne-text_web-36x150.png","url":"https:\/\/dev.codekraft.it\/rotary-2024\/fr\/produits\/accessoires-ponts-elevateurs-fr\/systemes-de-transport-prise-de-charge-fr\/tube-decartement-dr-6-2\/"}],"lang":"fr","translations":{"fr":377865,"en":377863,"de":377864,"it":377866,"es":377867,"ru":377868},"pll_sync_post":[],"_links":{"self":[{"href":"https:\/\/dev.codekraft.it\/rotary-2024\/wp-json\/wp\/v2\/product\/377865","targetHints":{"allow":["GET"]}}],"collection":[{"href":"https:\/\/dev.codekraft.it\/rotary-2024\/wp-json\/wp\/v2\/product"}],"about":[{"href":"https:\/\/dev.codekraft.it\/rotary-2024\/wp-json\/wp\/v2\/types\/product"}],"wp:featuredmedia":[{"embeddable":true,"href":"https:\/\/dev.codekraft.it\/rotary-2024\/wp-json\/wp\/v2\/media\/373645"}],"wp:attachment":[{"href":"https:\/\/dev.codekraft.it\/rotary-2024\/wp-json\/wp\/v2\/media?parent=377865"}],"wp:term":[{"taxonomy":"product_cat","embeddable":true,"href":"https:\/\/dev.codekraft.it\/rotary-2024\/wp-json\/wp\/v2\/product_cat?post=377865"},{"taxonomy":"product_tag","embeddable":true,"href":"https:\/\/dev.codekraft.it\/rotary-2024\/wp-json\/wp\/v2\/product_tag?post=377865"},{"taxonomy":"product_approvals","embeddable":true,"href":"https:\/\/dev.codekraft.it\/rotary-2024\/wp-json\/wp\/v2\/product_approvals?post=377865"},{"taxonomy":"product_application","embeddable":true,"href":"https:\/\/dev.codekraft.it\/rotary-2024\/wp-json\/wp\/v2\/product_application?post=377865"}],"curies":[{"name":"wp","href":"https:\/\/api.w.org\/{rel}","templated":true}]}}