{"id":377811,"date":"2025-12-11T10:10:54","date_gmt":"2025-12-11T10:10:54","guid":{"rendered":"https:\/\/dev.codekraft.it\/rotary-2024\/products\/uncategorized\/piece-decartement-ds-3-3\/"},"modified":"2025-12-11T10:10:54","modified_gmt":"2025-12-11T10:10:54","slug":"piece-decartement-ds-3-3","status":"publish","type":"product","link":"https:\/\/dev.codekraft.it\/rotary-2024\/fr\/produits\/accessoires-ponts-elevateurs-fr\/systemes-de-transport-prise-de-charge-fr\/piece-decartement-ds-3-3\/","title":{"rendered":"Pi\u00e8ce d\u2019\u00e9cartement DS 3"},"content":{"rendered":"<ul>\n<li>Pi\u00e8ce d\u2019\u00e9cartement\u00a0pour compensation de hauteur entre pont d&#8217;appui\/traverse et charge<\/li>\n<\/ul>\n","protected":false},"excerpt":{"rendered":"<p>15 t, \u00d8 de goujon 35 mm, 250 mm | 1 pi\u00e8ce<\/p>\n","protected":false},"featured_media":373697,"template":"","meta":[],"product_cat":[1033960],"product_tag":[1034145,1034128,1034197,1034262,1034180,1034231,1034214,1034163],"product_approvals":[],"product_application":[],"class_list":{"0":"post-377811","1":"product","2":"type-product","3":"status-publish","4":"has-post-thumbnail","6":"product_cat-systemes-de-transport-prise-de-charge-fr","7":"product_tag-buses-fr","8":"product_tag-trucks-fr","9":"product_tag-motor-homes-fr","10":"product_tag-remorques-fr","11":"product_tag-light-commercial-fr","12":"product_tag-tracked-vehicles-fr","13":"product_tag-agricultural-machines-fr","14":"product_tag-passenger-cars-fr","16":"first","17":"instock","18":"shipping-taxable","19":"product-type-simple"},"approvals":[],"application":[],"brb_media_brochure":"","brb_media_drawing":"","brb_media_manuals":"","brb_media_safety_datasheets":"","brb_media_spare_parts":[],"_cdmm_p_id":"202","_company":"Elektron","_gtin":"4057612507140","accessories":[],"components":[],"related":[],"similar":[{"id":377841,"cdmm_p_id":"197","name":"Pi\u00e8ce d\u2019\u00e9cartement DS 1","description":"15 t, \u00d8 de goujon 35 mm, 100 mm | 1 pi\u00e8ce","thumbnail":"https:\/\/dev.codekraft.it\/rotary-2024\/wp-content\/uploads\/brb_media\/00023096_ds-1-ohne-text_web-150x150.png","url":"https:\/\/dev.codekraft.it\/rotary-2024\/fr\/produits\/accessoires-ponts-elevateurs-fr\/systemes-de-transport-prise-de-charge-fr\/piece-decartement-ds-1-2\/"},{"id":377829,"cdmm_p_id":"199","name":"Pi\u00e8ce d\u2019\u00e9cartement DS 2","description":"15 t, \u00d8 de goujon 35 mm, 150 mm | 1 pi\u00e8ce","thumbnail":"https:\/\/dev.codekraft.it\/rotary-2024\/wp-content\/uploads\/brb_media\/00023096_ds-1-ohne-text_web-150x150.png","url":"https:\/\/dev.codekraft.it\/rotary-2024\/fr\/produits\/accessoires-ponts-elevateurs-fr\/systemes-de-transport-prise-de-charge-fr\/piece-decartement-ds-2-3\/"}],"lang":"fr","translations":{"fr":377811,"en":377809,"de":377810,"it":377812,"es":377813,"ru":377814},"pll_sync_post":[],"_links":{"self":[{"href":"https:\/\/dev.codekraft.it\/rotary-2024\/wp-json\/wp\/v2\/product\/377811","targetHints":{"allow":["GET"]}}],"collection":[{"href":"https:\/\/dev.codekraft.it\/rotary-2024\/wp-json\/wp\/v2\/product"}],"about":[{"href":"https:\/\/dev.codekraft.it\/rotary-2024\/wp-json\/wp\/v2\/types\/product"}],"wp:featuredmedia":[{"embeddable":true,"href":"https:\/\/dev.codekraft.it\/rotary-2024\/wp-json\/wp\/v2\/media\/373697"}],"wp:attachment":[{"href":"https:\/\/dev.codekraft.it\/rotary-2024\/wp-json\/wp\/v2\/media?parent=377811"}],"wp:term":[{"taxonomy":"product_cat","embeddable":true,"href":"https:\/\/dev.codekraft.it\/rotary-2024\/wp-json\/wp\/v2\/product_cat?post=377811"},{"taxonomy":"product_tag","embeddable":true,"href":"https:\/\/dev.codekraft.it\/rotary-2024\/wp-json\/wp\/v2\/product_tag?post=377811"},{"taxonomy":"product_approvals","embeddable":true,"href":"https:\/\/dev.codekraft.it\/rotary-2024\/wp-json\/wp\/v2\/product_approvals?post=377811"},{"taxonomy":"product_application","embeddable":true,"href":"https:\/\/dev.codekraft.it\/rotary-2024\/wp-json\/wp\/v2\/product_application?post=377811"}],"curies":[{"name":"wp","href":"https:\/\/api.w.org\/{rel}","templated":true}]}}