{"id":377759,"date":"2025-12-11T10:11:29","date_gmt":"2025-12-11T10:11:29","guid":{"rendered":"https:\/\/dev.codekraft.it\/rotary-2024\/products\/uncategorized\/travesano-ats-15\/"},"modified":"2025-12-11T10:11:29","modified_gmt":"2025-12-11T10:11:29","slug":"travesano-ats-15","status":"publish","type":"product","link":"https:\/\/dev.codekraft.it\/rotary-2024\/es\/productos\/accesorios-elevadores-es\/sistemas-de-apoyo-es\/travesano-ats-15\/","title":{"rendered":"Travesa\u00f1o ATS 15"},"content":{"rendered":"<p><strong>Alcance de la entrega:<\/strong><\/p>\n<ul>\n<li>Traviesa est\u00e1ndar de cami\u00f3n<\/li>\n<li>2 piezas corredizas<\/li>\n<li>2 tacos \u00abX\u00bb<\/li>\n<li>2 piezas distanciadoras \u00abDS 1\u00bb<\/li>\n<\/ul>\n","protected":false},"excerpt":{"rendered":"<p>15 t, espiga \u00d8 55 mm | traviesa est\u00e1ndar de cami\u00f3n | incl. 2 piezas corredizas, 2 tacos y 2 piezas distanciadoras<\/p>\n","protected":false},"featured_media":373747,"template":"","meta":[],"product_cat":[1033976],"product_tag":[1034151,1034134,1034203,1034169,1034220,1034265,1034186,1034237],"product_approvals":[],"product_application":[],"class_list":{"0":"post-377759","1":"product","2":"type-product","3":"status-publish","4":"has-post-thumbnail","6":"product_cat-sistemas-de-apoyo-es","7":"product_tag-buses-es","8":"product_tag-trucks-es","9":"product_tag-motor-homes-es","10":"product_tag-passenger-cars-es","11":"product_tag-agricultural-machines-es","12":"product_tag-remolques-es","13":"product_tag-light-commercial-es","14":"product_tag-tracked-vehicles-es","16":"first","17":"instock","18":"shipping-taxable","19":"product-type-simple"},"approvals":[],"application":[],"brb_media_brochure":"","brb_media_drawing":"","brb_media_manuals":[{"id":377177,"url":"https:\/\/dev.codekraft.it\/rotary-2024\/wp-content\/uploads\/brb_media\/00535454_supporting-device-om-sp-129500-multi-2024-10-revb.pdf","title":"supporting device om sp 129500 multi 2024 10 revb","thumbnail":"https:\/\/dev.codekraft.it\/rotary-2024\/wp-content\/uploads\/brb_media\/00535454_supporting-device-om-sp-129500-multi-2024-10-revb-pdf-106x150.png","description":""}],"brb_media_safety_datasheets":"","brb_media_spare_parts":[],"_cdmm_p_id":"215","_company":"Elektron","_gtin":"4057612006360","accessories":[{"id":380495,"cdmm_p_id":"483852","name":"Dispositivo de empuje para travesa\u00f1o ATS","description":"Versi\u00f3n plana, capacidad de carga 15\u00a0t, altura 35\u00a0mm | 1 unidad","thumbnail":"https:\/\/dev.codekraft.it\/rotary-2024\/wp-content\/uploads\/brb_media\/00438633_pad-for-ats-127284-150x150.png","url":"https:\/\/dev.codekraft.it\/rotary-2024\/es\/productos\/accesorios-otros-productos-es\/accesorios-herramientas-especiales-es\/dispositivo-de-empuje-para-travesano-ats\/"}],"components":[],"related":[],"similar":[],"lang":"es","translations":{"es":377759,"en":377755,"de":377756,"fr":377757,"it":377758,"ru":377760},"pll_sync_post":[],"_links":{"self":[{"href":"https:\/\/dev.codekraft.it\/rotary-2024\/wp-json\/wp\/v2\/product\/377759","targetHints":{"allow":["GET"]}}],"collection":[{"href":"https:\/\/dev.codekraft.it\/rotary-2024\/wp-json\/wp\/v2\/product"}],"about":[{"href":"https:\/\/dev.codekraft.it\/rotary-2024\/wp-json\/wp\/v2\/types\/product"}],"wp:featuredmedia":[{"embeddable":true,"href":"https:\/\/dev.codekraft.it\/rotary-2024\/wp-json\/wp\/v2\/media\/373747"}],"wp:attachment":[{"href":"https:\/\/dev.codekraft.it\/rotary-2024\/wp-json\/wp\/v2\/media?parent=377759"}],"wp:term":[{"taxonomy":"product_cat","embeddable":true,"href":"https:\/\/dev.codekraft.it\/rotary-2024\/wp-json\/wp\/v2\/product_cat?post=377759"},{"taxonomy":"product_tag","embeddable":true,"href":"https:\/\/dev.codekraft.it\/rotary-2024\/wp-json\/wp\/v2\/product_tag?post=377759"},{"taxonomy":"product_approvals","embeddable":true,"href":"https:\/\/dev.codekraft.it\/rotary-2024\/wp-json\/wp\/v2\/product_approvals?post=377759"},{"taxonomy":"product_application","embeddable":true,"href":"https:\/\/dev.codekraft.it\/rotary-2024\/wp-json\/wp\/v2\/product_application?post=377759"}],"curies":[{"name":"wp","href":"https:\/\/api.w.org\/{rel}","templated":true}]}}