{"id":377756,"date":"2025-12-11T10:04:37","date_gmt":"2025-12-11T10:04:37","guid":{"rendered":"https:\/\/dev.codekraft.it\/rotary-2024\/products\/uncategorized\/traverse-ats-15-2\/"},"modified":"2025-12-11T10:04:37","modified_gmt":"2025-12-11T10:04:37","slug":"traverse-ats-15-2","status":"publish","type":"product","link":"https:\/\/dev.codekraft.it\/rotary-2024\/produkte\/zubehor-hebebuhnen-de\/abstutzsysteme-de\/traverse-ats-15-2\/","title":{"rendered":"Traverse ATS 15"},"content":{"rendered":"<p><strong>Lieferumfang:<\/strong><\/p>\n<ul>\n<li>Lkw-Standardtraverse<\/li>\n<li>2 Schiebest\u00fccke<\/li>\n<li>2\u00a0Aufnahmeadapter \u201eX\u201d<\/li>\n<li>2 Distanzst\u00fccke \u201eDS 1\u201d<\/li>\n<\/ul>\n","protected":false},"excerpt":{"rendered":"<p>15 t, Zapfen-\u00d8 55 mm | Lkw-Standardtraverse | inkl. 2 Schiebest\u00fccken, 2 Aufnahmeadaptern und 2 Distanzst\u00fccken<\/p>\n","protected":false},"featured_media":373747,"template":"","meta":[],"product_cat":[1033970],"product_tag":[1034260,1034143,1034229,1034212,1034126,1034161,1034178,1034195],"product_approvals":[],"product_application":[],"class_list":{"0":"post-377756","1":"product","2":"type-product","3":"status-publish","4":"has-post-thumbnail","6":"product_cat-abstutzsysteme-de","7":"product_tag-anhanger-de","8":"product_tag-buses-de","9":"product_tag-tracked-vehicles-de","10":"product_tag-agricultural-machines-de","11":"product_tag-trucks-de","12":"product_tag-passenger-cars-de","13":"product_tag-light-commercial-de","14":"product_tag-motor-homes-de","16":"first","17":"instock","18":"shipping-taxable","19":"product-type-simple"},"approvals":[],"application":[],"brb_media_brochure":"","brb_media_drawing":"","brb_media_manuals":[{"id":377177,"url":"https:\/\/dev.codekraft.it\/rotary-2024\/wp-content\/uploads\/brb_media\/00535454_supporting-device-om-sp-129500-multi-2024-10-revb.pdf","title":"supporting device om sp 129500 multi 2024 10 revb","thumbnail":"https:\/\/dev.codekraft.it\/rotary-2024\/wp-content\/uploads\/brb_media\/00535454_supporting-device-om-sp-129500-multi-2024-10-revb-pdf-106x150.png","description":""}],"brb_media_safety_datasheets":"","brb_media_spare_parts":[],"_cdmm_p_id":"215","_company":"Elektron","_gtin":"4057612006360","accessories":[{"id":380492,"cdmm_p_id":"483852","name":"Schieber f\u00fcr ATS Traverse","description":"Flache Ausf\u00fchrung, Tragf\u00e4higkeit 15 t, H\u00f6he 35 mm | 1 St\u00fcck","thumbnail":"https:\/\/dev.codekraft.it\/rotary-2024\/wp-content\/uploads\/brb_media\/00438633_pad-for-ats-127284-150x150.png","url":"https:\/\/dev.codekraft.it\/rotary-2024\/produkte\/zubehor-sonstige-produkte-de\/zubehor-sonderwerkzeuge-de\/schieber-fur-ats-traverse\/"}],"components":[],"related":[],"similar":[],"lang":"de","translations":{"de":377756,"en":377755,"fr":377757,"it":377758,"es":377759,"ru":377760},"pll_sync_post":[],"_links":{"self":[{"href":"https:\/\/dev.codekraft.it\/rotary-2024\/wp-json\/wp\/v2\/product\/377756","targetHints":{"allow":["GET"]}}],"collection":[{"href":"https:\/\/dev.codekraft.it\/rotary-2024\/wp-json\/wp\/v2\/product"}],"about":[{"href":"https:\/\/dev.codekraft.it\/rotary-2024\/wp-json\/wp\/v2\/types\/product"}],"wp:featuredmedia":[{"embeddable":true,"href":"https:\/\/dev.codekraft.it\/rotary-2024\/wp-json\/wp\/v2\/media\/373747"}],"wp:attachment":[{"href":"https:\/\/dev.codekraft.it\/rotary-2024\/wp-json\/wp\/v2\/media?parent=377756"}],"wp:term":[{"taxonomy":"product_cat","embeddable":true,"href":"https:\/\/dev.codekraft.it\/rotary-2024\/wp-json\/wp\/v2\/product_cat?post=377756"},{"taxonomy":"product_tag","embeddable":true,"href":"https:\/\/dev.codekraft.it\/rotary-2024\/wp-json\/wp\/v2\/product_tag?post=377756"},{"taxonomy":"product_approvals","embeddable":true,"href":"https:\/\/dev.codekraft.it\/rotary-2024\/wp-json\/wp\/v2\/product_approvals?post=377756"},{"taxonomy":"product_application","embeddable":true,"href":"https:\/\/dev.codekraft.it\/rotary-2024\/wp-json\/wp\/v2\/product_application?post=377756"}],"curies":[{"name":"wp","href":"https:\/\/api.w.org\/{rel}","templated":true}]}}