{"id":377732,"date":"2025-12-11T10:04:38","date_gmt":"2025-12-11T10:04:38","guid":{"rendered":"https:\/\/dev.codekraft.it\/rotary-2024\/products\/uncategorized\/traverse-atb-5\/"},"modified":"2025-12-11T10:04:38","modified_gmt":"2025-12-11T10:04:38","slug":"traverse-atb-5","status":"publish","type":"product","link":"https:\/\/dev.codekraft.it\/rotary-2024\/produkte\/zubehor-hebebuhnen-de\/abstutzsysteme-de\/traverse-atb-5\/","title":{"rendered":"Traverse ATB"},"content":{"rendered":"","protected":false},"excerpt":{"rendered":"<p>10 t, Zapfen-\u00d8 55 mm<\/p>\n","protected":false},"featured_media":373778,"template":"","meta":[],"product_cat":[1033970],"product_tag":[1034260,1034143,1034229,1034212,1034126,1034161,1034178,1034195],"product_approvals":[],"product_application":[],"class_list":{"0":"post-377732","1":"product","2":"type-product","3":"status-publish","4":"has-post-thumbnail","6":"product_cat-abstutzsysteme-de","7":"product_tag-anhanger-de","8":"product_tag-buses-de","9":"product_tag-tracked-vehicles-de","10":"product_tag-agricultural-machines-de","11":"product_tag-trucks-de","12":"product_tag-passenger-cars-de","13":"product_tag-light-commercial-de","14":"product_tag-motor-homes-de","16":"first","17":"instock","18":"shipping-taxable","19":"product-type-simple"},"approvals":[],"application":[],"brb_media_brochure":"","brb_media_drawing":"","brb_media_manuals":[{"id":377177,"url":"https:\/\/dev.codekraft.it\/rotary-2024\/wp-content\/uploads\/brb_media\/00535454_supporting-device-om-sp-129500-multi-2024-10-revb.pdf","title":"supporting device om sp 129500 multi 2024 10 revb","thumbnail":"https:\/\/dev.codekraft.it\/rotary-2024\/wp-content\/uploads\/brb_media\/00535454_supporting-device-om-sp-129500-multi-2024-10-revb-pdf-106x150.png","description":""}],"brb_media_safety_datasheets":"","brb_media_spare_parts":[],"_cdmm_p_id":"221","_company":"Elektron","_gtin":"4057612443042","accessories":[{"id":377720,"cdmm_p_id":"223","name":"Traversenset ATB | 10 t","description":"10 t, Zapfen-\u00d8 35 mm | Zubeh\u00f6rset Lkw-Aufnahme | inkl. 2 Schiebest\u00fccken, 2 Aufnahmeadaptern und 2 Distanzst\u00fccken","thumbnail":"https:\/\/dev.codekraft.it\/rotary-2024\/wp-content\/uploads\/brb_media\/00023073_atb-lkw-set_web-150x150.png","url":"https:\/\/dev.codekraft.it\/rotary-2024\/produkte\/zubehor-hebebuhnen-de\/abstutzsysteme-de\/traversenset-atb-10-t\/"}],"components":[],"related":[],"similar":[],"lang":"de","translations":{"de":377732,"en":377731,"fr":377733,"it":377734,"es":377735,"ru":377736},"pll_sync_post":[],"_links":{"self":[{"href":"https:\/\/dev.codekraft.it\/rotary-2024\/wp-json\/wp\/v2\/product\/377732","targetHints":{"allow":["GET"]}}],"collection":[{"href":"https:\/\/dev.codekraft.it\/rotary-2024\/wp-json\/wp\/v2\/product"}],"about":[{"href":"https:\/\/dev.codekraft.it\/rotary-2024\/wp-json\/wp\/v2\/types\/product"}],"wp:featuredmedia":[{"embeddable":true,"href":"https:\/\/dev.codekraft.it\/rotary-2024\/wp-json\/wp\/v2\/media\/373778"}],"wp:attachment":[{"href":"https:\/\/dev.codekraft.it\/rotary-2024\/wp-json\/wp\/v2\/media?parent=377732"}],"wp:term":[{"taxonomy":"product_cat","embeddable":true,"href":"https:\/\/dev.codekraft.it\/rotary-2024\/wp-json\/wp\/v2\/product_cat?post=377732"},{"taxonomy":"product_tag","embeddable":true,"href":"https:\/\/dev.codekraft.it\/rotary-2024\/wp-json\/wp\/v2\/product_tag?post=377732"},{"taxonomy":"product_approvals","embeddable":true,"href":"https:\/\/dev.codekraft.it\/rotary-2024\/wp-json\/wp\/v2\/product_approvals?post=377732"},{"taxonomy":"product_application","embeddable":true,"href":"https:\/\/dev.codekraft.it\/rotary-2024\/wp-json\/wp\/v2\/product_application?post=377732"}],"curies":[{"name":"wp","href":"https:\/\/api.w.org\/{rel}","templated":true}]}}