{"id":377709,"date":"2025-12-11T10:10:53","date_gmt":"2025-12-11T10:10:53","guid":{"rendered":"https:\/\/dev.codekraft.it\/rotary-2024\/products\/uncategorized\/jeu-de-traverses-atb-man-tga\/"},"modified":"2025-12-11T10:10:53","modified_gmt":"2025-12-11T10:10:53","slug":"jeu-de-traverses-atb-man-tga","status":"publish","type":"product","link":"https:\/\/dev.codekraft.it\/rotary-2024\/fr\/produits\/accessoires-ponts-elevateurs-fr\/systemes-de-soutien-fr\/jeu-de-traverses-atb-man-tga\/","title":{"rendered":"Jeu de traverses ATB MAN TGA"},"content":{"rendered":"<p><strong>\u00c9tendue de la prestation :<\/strong><\/p>\n<ul>\n<li>1 ensemble de raccordement \u00ab\u00a0VS\u00a0\u00bb<\/li>\n<li>2 tampons \u00ab\u00a0P MAN\u00a0\u00bb, t\u00eate de champignon<\/li>\n<li>2 pi\u00e8ces d&#8217;\u00e9cartement \u00ab\u00a0DS 1\u00a0\u00bb<\/li>\n<li>2 pi\u00e8ces d&#8217;\u00e9cartement \u00ab\u00a0DS 3\u00a0\u00bb<\/li>\n<li>2 tampons \u00ab\u00a0U175\u00a0\u00bb<\/li>\n<\/ul>\n","protected":false},"excerpt":{"rendered":"<p>15 t, \u00d8 de goujon 55 mm | accessoires pour le support de poids lourds MAN sur les essieux | incl. ensemble de raccordement, 4 tampons et 4 pi\u00e8ces d&#8217;\u00e9cartement<\/p>\n","protected":false},"featured_media":373804,"template":"","meta":[],"product_cat":[1033972],"product_tag":[1034145,1034128,1034197,1034262,1034180,1034231,1034214,1034163],"product_approvals":[1014358,1014394],"product_application":[],"class_list":{"0":"post-377709","1":"product","2":"type-product","3":"status-publish","4":"has-post-thumbnail","6":"product_cat-systemes-de-soutien-fr","7":"product_tag-buses-fr","8":"product_tag-trucks-fr","9":"product_tag-motor-homes-fr","10":"product_tag-remorques-fr","11":"product_tag-light-commercial-fr","12":"product_tag-tracked-vehicles-fr","13":"product_tag-agricultural-machines-fr","14":"product_tag-passenger-cars-fr","15":"product_approvals-iveco-fr","16":"product_approvals-man-fr","18":"first","19":"instock","20":"shipping-taxable","21":"product-type-simple"},"approvals":[{"term_id":1014358,"name":"Iveco","slug":"iveco-fr","term_group":0,"term_taxonomy_id":1014357,"taxonomy":"product_approvals","description":"","parent":0,"count":5,"filter":"raw"},{"term_id":1014394,"name":"MAN","slug":"man-fr","term_group":0,"term_taxonomy_id":1014393,"taxonomy":"product_approvals","description":"","parent":0,"count":6,"filter":"raw"}],"application":[],"brb_media_brochure":"","brb_media_drawing":"","brb_media_manuals":[{"id":377177,"url":"https:\/\/dev.codekraft.it\/rotary-2024\/wp-content\/uploads\/brb_media\/00535454_supporting-device-om-sp-129500-multi-2024-10-revb.pdf","title":"supporting device om sp 129500 multi 2024 10 revb","thumbnail":"https:\/\/dev.codekraft.it\/rotary-2024\/wp-content\/uploads\/brb_media\/00535454_supporting-device-om-sp-129500-multi-2024-10-revb-pdf-106x150.png","description":""}],"brb_media_safety_datasheets":"","brb_media_spare_parts":[],"_cdmm_p_id":"225","_company":"Elektron","_gtin":"4057612315981","accessories":[],"components":[],"related":[],"similar":[{"id":377715,"cdmm_p_id":"224","name":"Jeu de traverses ATB","description":"15 t, \u00d8 de goujon 55 mm | accessoires pour le support de poids lourds, incl. 2 pi\u00e8ces coulissantes, 2 tampons et 2 pi\u00e8ces d'\u00e9cartement","thumbnail":"https:\/\/dev.codekraft.it\/rotary-2024\/wp-content\/uploads\/brb_media\/00023073_atb-lkw-set_web-150x150.png","url":"https:\/\/dev.codekraft.it\/rotary-2024\/fr\/produits\/accessoires-ponts-elevateurs-fr\/systemes-de-soutien-fr\/jeu-de-traverses-atb\/"}],"lang":"fr","translations":{"fr":377709,"en":377707,"de":377708,"it":377710,"es":377711,"ru":377712},"pll_sync_post":[],"_links":{"self":[{"href":"https:\/\/dev.codekraft.it\/rotary-2024\/wp-json\/wp\/v2\/product\/377709","targetHints":{"allow":["GET"]}}],"collection":[{"href":"https:\/\/dev.codekraft.it\/rotary-2024\/wp-json\/wp\/v2\/product"}],"about":[{"href":"https:\/\/dev.codekraft.it\/rotary-2024\/wp-json\/wp\/v2\/types\/product"}],"wp:featuredmedia":[{"embeddable":true,"href":"https:\/\/dev.codekraft.it\/rotary-2024\/wp-json\/wp\/v2\/media\/373804"}],"wp:attachment":[{"href":"https:\/\/dev.codekraft.it\/rotary-2024\/wp-json\/wp\/v2\/media?parent=377709"}],"wp:term":[{"taxonomy":"product_cat","embeddable":true,"href":"https:\/\/dev.codekraft.it\/rotary-2024\/wp-json\/wp\/v2\/product_cat?post=377709"},{"taxonomy":"product_tag","embeddable":true,"href":"https:\/\/dev.codekraft.it\/rotary-2024\/wp-json\/wp\/v2\/product_tag?post=377709"},{"taxonomy":"product_approvals","embeddable":true,"href":"https:\/\/dev.codekraft.it\/rotary-2024\/wp-json\/wp\/v2\/product_approvals?post=377709"},{"taxonomy":"product_application","embeddable":true,"href":"https:\/\/dev.codekraft.it\/rotary-2024\/wp-json\/wp\/v2\/product_application?post=377709"}],"curies":[{"name":"wp","href":"https:\/\/api.w.org\/{rel}","templated":true}]}}