{"id":377708,"date":"2025-12-11T10:04:37","date_gmt":"2025-12-11T10:04:37","guid":{"rendered":"https:\/\/dev.codekraft.it\/rotary-2024\/products\/uncategorized\/traversenset-atb-man-tga\/"},"modified":"2025-12-11T10:04:37","modified_gmt":"2025-12-11T10:04:37","slug":"traversenset-atb-man-tga","status":"publish","type":"product","link":"https:\/\/dev.codekraft.it\/rotary-2024\/produkte\/zubehor-hebebuhnen-de\/abstutzsysteme-de\/traversenset-atb-man-tga\/","title":{"rendered":"Traversenset ATB MAN TGA"},"content":{"rendered":"<p><strong>Lieferumfang:<\/strong><\/p>\n<ul>\n<li>1 Verbindungssatz \u201eVS\u201d<\/li>\n<li>2 Aufnahmeadapter \u201eP MAN\u201d,\u00a0Pilzkopfaufnahme<\/li>\n<li>2 Distanzst\u00fccke \u201eDS 1\u201d<\/li>\n<li>2 Distanzst\u00fccke \u201eDS 3\u201d<\/li>\n<li>2 Aufnahmeadapter\u00a0\u201eU 175\u201d<\/li>\n<\/ul>\n","protected":false},"excerpt":{"rendered":"<p>15 t, Zapfen-\u00d8 55 mm | Zubeh\u00f6r zur Aufnahme von MAN-Lkw an den Achsen | inkl. Verbindungssatz, 4 Aufnahmeadaptern und 4 Distanzst\u00fccken<\/p>\n","protected":false},"featured_media":373804,"template":"","meta":[],"product_cat":[1033970],"product_tag":[1034260,1034143,1034229,1034212,1034126,1034161,1034178,1034195],"product_approvals":[1014355,1014391],"product_application":[],"class_list":{"0":"post-377708","1":"product","2":"type-product","3":"status-publish","4":"has-post-thumbnail","6":"product_cat-abstutzsysteme-de","7":"product_tag-anhanger-de","8":"product_tag-buses-de","9":"product_tag-tracked-vehicles-de","10":"product_tag-agricultural-machines-de","11":"product_tag-trucks-de","12":"product_tag-passenger-cars-de","13":"product_tag-light-commercial-de","14":"product_tag-motor-homes-de","15":"product_approvals-iveco-de","16":"product_approvals-man-de","18":"first","19":"instock","20":"shipping-taxable","21":"product-type-simple"},"approvals":[{"term_id":1014355,"name":"Iveco","slug":"iveco-de","term_group":0,"term_taxonomy_id":1014354,"taxonomy":"product_approvals","description":"","parent":0,"count":5,"filter":"raw"},{"term_id":1014391,"name":"MAN","slug":"man-de","term_group":0,"term_taxonomy_id":1014390,"taxonomy":"product_approvals","description":"","parent":0,"count":6,"filter":"raw"}],"application":[],"brb_media_brochure":"","brb_media_drawing":"","brb_media_manuals":[{"id":377177,"url":"https:\/\/dev.codekraft.it\/rotary-2024\/wp-content\/uploads\/brb_media\/00535454_supporting-device-om-sp-129500-multi-2024-10-revb.pdf","title":"supporting device om sp 129500 multi 2024 10 revb","thumbnail":"https:\/\/dev.codekraft.it\/rotary-2024\/wp-content\/uploads\/brb_media\/00535454_supporting-device-om-sp-129500-multi-2024-10-revb-pdf-106x150.png","description":""}],"brb_media_safety_datasheets":"","brb_media_spare_parts":[],"_cdmm_p_id":"225","_company":"Elektron","_gtin":"4057612315981","accessories":[],"components":[],"related":[],"similar":[{"id":377714,"cdmm_p_id":"224","name":"Traversenset ATB","description":"15 t, Zapfen-\u00d8 55 mm | Zubeh\u00f6r Lkw-Aufnahme | inkl. 2 Schiebest\u00fccken, 2 Aufnahmeadaptern und 2 Distanzst\u00fccken","thumbnail":"https:\/\/dev.codekraft.it\/rotary-2024\/wp-content\/uploads\/brb_media\/00023073_atb-lkw-set_web-150x150.png","url":"https:\/\/dev.codekraft.it\/rotary-2024\/produkte\/zubehor-hebebuhnen-de\/abstutzsysteme-de\/traversenset-atb\/"}],"lang":"de","translations":{"de":377708,"en":377707,"fr":377709,"it":377710,"es":377711,"ru":377712},"pll_sync_post":[],"_links":{"self":[{"href":"https:\/\/dev.codekraft.it\/rotary-2024\/wp-json\/wp\/v2\/product\/377708","targetHints":{"allow":["GET"]}}],"collection":[{"href":"https:\/\/dev.codekraft.it\/rotary-2024\/wp-json\/wp\/v2\/product"}],"about":[{"href":"https:\/\/dev.codekraft.it\/rotary-2024\/wp-json\/wp\/v2\/types\/product"}],"wp:featuredmedia":[{"embeddable":true,"href":"https:\/\/dev.codekraft.it\/rotary-2024\/wp-json\/wp\/v2\/media\/373804"}],"wp:attachment":[{"href":"https:\/\/dev.codekraft.it\/rotary-2024\/wp-json\/wp\/v2\/media?parent=377708"}],"wp:term":[{"taxonomy":"product_cat","embeddable":true,"href":"https:\/\/dev.codekraft.it\/rotary-2024\/wp-json\/wp\/v2\/product_cat?post=377708"},{"taxonomy":"product_tag","embeddable":true,"href":"https:\/\/dev.codekraft.it\/rotary-2024\/wp-json\/wp\/v2\/product_tag?post=377708"},{"taxonomy":"product_approvals","embeddable":true,"href":"https:\/\/dev.codekraft.it\/rotary-2024\/wp-json\/wp\/v2\/product_approvals?post=377708"},{"taxonomy":"product_application","embeddable":true,"href":"https:\/\/dev.codekraft.it\/rotary-2024\/wp-json\/wp\/v2\/product_application?post=377708"}],"curies":[{"name":"wp","href":"https:\/\/api.w.org\/{rel}","templated":true}]}}