{"id":377681,"date":"2025-12-11T10:11:29","date_gmt":"2025-12-11T10:11:29","guid":{"rendered":"https:\/\/dev.codekraft.it\/rotary-2024\/products\/uncategorized\/puente-de-apoyo-gs-15\/"},"modified":"2025-12-11T10:11:29","modified_gmt":"2025-12-11T10:11:29","slug":"puente-de-apoyo-gs-15","status":"publish","type":"product","link":"https:\/\/dev.codekraft.it\/rotary-2024\/es\/productos\/accesorios-elevadores-es\/sistemas-de-apoyo-es\/puente-de-apoyo-gs-15\/","title":{"rendered":"Puente de apoyo GS 15"},"content":{"rendered":"<ul>\n<li>Realizados seg\u00fan dimensiones del foso<\/li>\n<\/ul>\n<p><strong>Alcance de la entrega:<\/strong><\/p>\n<ul>\n<li>Puente de apoyo \u00abGS 15\u00bb<\/li>\n<li>Juego de rodillos<\/li>\n<li>2 dispositivos de empuje<\/li>\n<li>2 tubos distanciadores \u00abDR 4\u00bb<\/li>\n<li>2 tacos \u00abX\u00bb<\/li>\n<li>Travesa\u00f1os<\/li>\n<li>Bandejas de herramientas<\/li>\n<\/ul>\n","protected":false},"excerpt":{"rendered":"<p>15 t | Universal | para un soporte a prueba de inclinaci\u00f3n del veh\u00edculo &#8211; permite seguir utilizando el elevador de foso | incl. juego de rodillos, 2 dispositivos de empuje, 2 tubos distanciadores, 2 tacos, travesa\u00f1os y bandejas de herramientas<\/p>\n","protected":false},"featured_media":373832,"template":"","meta":[],"product_cat":[1033976],"product_tag":[1034151,1034134,1034203,1034169,1034220,1034265,1034186,1034237],"product_approvals":[],"product_application":[],"class_list":{"0":"post-377681","1":"product","2":"type-product","3":"status-publish","4":"has-post-thumbnail","6":"product_cat-sistemas-de-apoyo-es","7":"product_tag-buses-es","8":"product_tag-trucks-es","9":"product_tag-motor-homes-es","10":"product_tag-passenger-cars-es","11":"product_tag-agricultural-machines-es","12":"product_tag-remolques-es","13":"product_tag-light-commercial-es","14":"product_tag-tracked-vehicles-es","16":"first","17":"instock","18":"shipping-taxable","19":"product-type-simple"},"approvals":[],"application":[],"brb_media_brochure":"","brb_media_drawing":"","brb_media_manuals":[{"id":377177,"url":"https:\/\/dev.codekraft.it\/rotary-2024\/wp-content\/uploads\/brb_media\/00535454_supporting-device-om-sp-129500-multi-2024-10-revb.pdf","title":"supporting device om sp 129500 multi 2024 10 revb","thumbnail":"https:\/\/dev.codekraft.it\/rotary-2024\/wp-content\/uploads\/brb_media\/00535454_supporting-device-om-sp-129500-multi-2024-10-revb-pdf-106x150.png","description":""}],"brb_media_safety_datasheets":"","brb_media_spare_parts":[],"_cdmm_p_id":"236","_company":"Elektron","_gtin":"4057612122619","accessories":[{"id":377639,"cdmm_p_id":"258","name":"Bloque de apoyo DB","description":"Bloque de madera 100 x 200 x 360 mm, capacidad de carga 15 t | para bajar el travesa\u00f1o al puente de apoyo | 1 unidad","thumbnail":"https:\/\/dev.codekraft.it\/rotary-2024\/wp-content\/uploads\/brb_media\/00023088_db-ohne-text_web-150x150.png","url":"https:\/\/dev.codekraft.it\/rotary-2024\/es\/productos\/accesorios-elevadores-es\/sistemas-de-apoyo-es\/bloque-de-apoyo-db\/"},{"id":377651,"cdmm_p_id":"256","name":"Kit de fijaci\u00f3n ATS","description":"10 t, espiga \u00d8 35 mm | para la conexi\u00f3n segura entre el travesa\u00f1o y el puente de apoyo GS","thumbnail":"https:\/\/dev.codekraft.it\/rotary-2024\/wp-content\/uploads\/brb_media\/00023149_vs-ohne-text_web-150x150.png","url":"https:\/\/dev.codekraft.it\/rotary-2024\/es\/productos\/accesorios-elevadores-es\/sistemas-de-apoyo-es\/kit-de-fijacion-ats-2\/"},{"id":377645,"cdmm_p_id":"257","name":"Kit de fijaci\u00f3n ATS","description":"30 t, espiga \u00d8 55 mm | para la conexi\u00f3n segura entre el travesa\u00f1o y el puente de apoyo GS","thumbnail":"https:\/\/dev.codekraft.it\/rotary-2024\/wp-content\/uploads\/brb_media\/00023149_vs-ohne-text_web-150x150.png","url":"https:\/\/dev.codekraft.it\/rotary-2024\/es\/productos\/accesorios-elevadores-es\/sistemas-de-apoyo-es\/kit-de-fijacion-ats\/"},{"id":378591,"cdmm_p_id":"264430","name":"Tubo distanciadores DR 4","description":"15 - 20 t, espiga \u00d8 55 mm, 400 mm | 1 pieza","thumbnail":"https:\/\/dev.codekraft.it\/rotary-2024\/wp-content\/uploads\/brb_media\/00023090_dr-4-ohne-text_web-54x150.png","url":"https:\/\/dev.codekraft.it\/rotary-2024\/es\/productos\/accesorios-elevadores-es\/dispositivos-de-transporte-de-carga-es\/tubo-distanciadores-dr-4-3\/"}],"components":[],"related":[],"similar":[],"lang":"es","translations":{"es":377681,"en":377677,"de":377678,"fr":377679,"it":377680,"ru":377682},"pll_sync_post":[],"_links":{"self":[{"href":"https:\/\/dev.codekraft.it\/rotary-2024\/wp-json\/wp\/v2\/product\/377681","targetHints":{"allow":["GET"]}}],"collection":[{"href":"https:\/\/dev.codekraft.it\/rotary-2024\/wp-json\/wp\/v2\/product"}],"about":[{"href":"https:\/\/dev.codekraft.it\/rotary-2024\/wp-json\/wp\/v2\/types\/product"}],"wp:featuredmedia":[{"embeddable":true,"href":"https:\/\/dev.codekraft.it\/rotary-2024\/wp-json\/wp\/v2\/media\/373832"}],"wp:attachment":[{"href":"https:\/\/dev.codekraft.it\/rotary-2024\/wp-json\/wp\/v2\/media?parent=377681"}],"wp:term":[{"taxonomy":"product_cat","embeddable":true,"href":"https:\/\/dev.codekraft.it\/rotary-2024\/wp-json\/wp\/v2\/product_cat?post=377681"},{"taxonomy":"product_tag","embeddable":true,"href":"https:\/\/dev.codekraft.it\/rotary-2024\/wp-json\/wp\/v2\/product_tag?post=377681"},{"taxonomy":"product_approvals","embeddable":true,"href":"https:\/\/dev.codekraft.it\/rotary-2024\/wp-json\/wp\/v2\/product_approvals?post=377681"},{"taxonomy":"product_application","embeddable":true,"href":"https:\/\/dev.codekraft.it\/rotary-2024\/wp-json\/wp\/v2\/product_application?post=377681"}],"curies":[{"name":"wp","href":"https:\/\/api.w.org\/{rel}","templated":true}]}}