{"id":377666,"date":"2025-12-11T10:04:38","date_gmt":"2025-12-11T10:04:38","guid":{"rendered":"https:\/\/dev.codekraft.it\/rotary-2024\/products\/uncategorized\/abstutzbrucke-gs-30\/"},"modified":"2025-12-11T10:04:38","modified_gmt":"2025-12-11T10:04:38","slug":"abstutzbrucke-gs-30","status":"publish","type":"product","link":"https:\/\/dev.codekraft.it\/rotary-2024\/produkte\/zubehor-hebebuhnen-de\/abstutzsysteme-de\/abstutzbrucke-gs-30\/","title":{"rendered":"Abst\u00fctzbr\u00fccke GS 30"},"content":{"rendered":"<ul>\n<li>Nach Grubenma\u00df gefertigt<\/li>\n<\/ul>\n<p><strong>Lieferumfang:<\/strong><\/p>\n<ul>\n<li>Abst\u00fctzbr\u00fccke \u201eGS 30\u201d<\/li>\n<li>Rollenset<\/li>\n<li>2 Schieber<\/li>\n<li>2 Distanzrohre\u00a0\u201eDR 4\u201d<\/li>\n<li>2 Aufnahmeadapter\u00a0\u201eX\u201d<\/li>\n<li>Traversen<\/li>\n<li>Werkzeugablage<\/li>\n<\/ul>\n","protected":false},"excerpt":{"rendered":"<p>30 t | Universal | f\u00fcr kippsicheren Stand des Fahrzeugs &#8211; Grubenheber kann weiterverwendet werden | inkl. Rollenset, 2 Schiebern, 2 Distanzrohren, 2 Aufnahmeadaptern, Traversen und Werkzeugablage<\/p>\n","protected":false},"featured_media":373832,"template":"","meta":[],"product_cat":[1033970],"product_tag":[1034260,1034143,1034229,1034212,1034126,1034161,1034178,1034195],"product_approvals":[],"product_application":[],"class_list":{"0":"post-377666","1":"product","2":"type-product","3":"status-publish","4":"has-post-thumbnail","6":"product_cat-abstutzsysteme-de","7":"product_tag-anhanger-de","8":"product_tag-buses-de","9":"product_tag-tracked-vehicles-de","10":"product_tag-agricultural-machines-de","11":"product_tag-trucks-de","12":"product_tag-passenger-cars-de","13":"product_tag-light-commercial-de","14":"product_tag-motor-homes-de","16":"first","17":"instock","18":"shipping-taxable","19":"product-type-simple"},"approvals":[],"application":[],"brb_media_brochure":"","brb_media_drawing":"","brb_media_manuals":[{"id":377177,"url":"https:\/\/dev.codekraft.it\/rotary-2024\/wp-content\/uploads\/brb_media\/00535454_supporting-device-om-sp-129500-multi-2024-10-revb.pdf","title":"supporting device om sp 129500 multi 2024 10 revb","thumbnail":"https:\/\/dev.codekraft.it\/rotary-2024\/wp-content\/uploads\/brb_media\/00535454_supporting-device-om-sp-129500-multi-2024-10-revb-pdf-106x150.png","description":""}],"brb_media_safety_datasheets":"","brb_media_spare_parts":[],"_cdmm_p_id":"238","_company":"Elektron","_gtin":"4057612122671","accessories":[{"id":377636,"cdmm_p_id":"258","name":"Abst\u00fctzklotz DB","description":"Holzklotz, 100 x 200 x 360 mm, Tragf\u00e4higkeit 15 t | zum Absenken der Traverse auf der Abst\u00fctzbr\u00fccke | 1 St\u00fcck","thumbnail":"https:\/\/dev.codekraft.it\/rotary-2024\/wp-content\/uploads\/brb_media\/00023088_db-ohne-text_web-150x150.png","url":"https:\/\/dev.codekraft.it\/rotary-2024\/produkte\/zubehor-hebebuhnen-de\/abstutzsysteme-de\/abstutzklotz-db\/"},{"id":377648,"cdmm_p_id":"256","name":"Verbindungssatz ATS","description":"10 t, Zapfen-\u00d8 55 mm | zum sicheren Absetzen einer Achstraverse auf die Abst\u00fctzbr\u00fccke GS","thumbnail":"https:\/\/dev.codekraft.it\/rotary-2024\/wp-content\/uploads\/brb_media\/00023149_vs-ohne-text_web-150x150.png","url":"https:\/\/dev.codekraft.it\/rotary-2024\/produkte\/zubehor-hebebuhnen-de\/abstutzsysteme-de\/verbindungssatz-ats-2\/"},{"id":377642,"cdmm_p_id":"257","name":"Verbindungssatz ATS","description":"30 t, Zapfen-\u00d8 55 mm | zum sicheren Absetzen einer Achstraverse auf die Abst\u00fctzbr\u00fccke GS","thumbnail":"https:\/\/dev.codekraft.it\/rotary-2024\/wp-content\/uploads\/brb_media\/00023149_vs-ohne-text_web-150x150.png","url":"https:\/\/dev.codekraft.it\/rotary-2024\/produkte\/zubehor-hebebuhnen-de\/abstutzsysteme-de\/verbindungssatz-ats\/"},{"id":377858,"cdmm_p_id":"194","name":"Distanzrohr DR 4","description":"30 t, Zapfen-\u00d8 80 mm, 400 mm | 1 St\u00fcck","thumbnail":"https:\/\/dev.codekraft.it\/rotary-2024\/wp-content\/uploads\/brb_media\/00023090_dr-4-ohne-text_web-54x150.png","url":"https:\/\/dev.codekraft.it\/rotary-2024\/produkte\/zubehor-hebebuhnen-de\/lastaufnahmemittel-de\/distanzrohr-dr-4\/"},{"id":379133,"cdmm_p_id":"462869","name":"Distanzrohr DR 5","description":"15 - 30 t, Zapfen-\u00d8 55 mm, 500 mm | 1 St\u00fcck","thumbnail":"https:\/\/dev.codekraft.it\/rotary-2024\/wp-content\/uploads\/brb_media\/00355544_dr-5_p-ohne-text-24x150.png","url":"https:\/\/dev.codekraft.it\/rotary-2024\/produkte\/zubehor-hebebuhnen-de\/lastaufnahmemittel-de\/distanzrohr-dr-5-2\/"},{"id":377846,"cdmm_p_id":"196","name":"Distanzrohr DR 6","description":"30 t, Zapfen-\u00d8 80 mm, 600 mm | 1 St\u00fcck","thumbnail":"https:\/\/dev.codekraft.it\/rotary-2024\/wp-content\/uploads\/brb_media\/00023092_dr-6-ohne-text_web-36x150.png","url":"https:\/\/dev.codekraft.it\/rotary-2024\/produkte\/zubehor-hebebuhnen-de\/lastaufnahmemittel-de\/distanzrohr-dr-6\/"}],"components":[],"related":[],"similar":[],"lang":"de","translations":{"de":377666,"en":377665,"fr":377667,"it":377668,"es":377669,"ru":377670},"pll_sync_post":[],"_links":{"self":[{"href":"https:\/\/dev.codekraft.it\/rotary-2024\/wp-json\/wp\/v2\/product\/377666","targetHints":{"allow":["GET"]}}],"collection":[{"href":"https:\/\/dev.codekraft.it\/rotary-2024\/wp-json\/wp\/v2\/product"}],"about":[{"href":"https:\/\/dev.codekraft.it\/rotary-2024\/wp-json\/wp\/v2\/types\/product"}],"wp:featuredmedia":[{"embeddable":true,"href":"https:\/\/dev.codekraft.it\/rotary-2024\/wp-json\/wp\/v2\/media\/373832"}],"wp:attachment":[{"href":"https:\/\/dev.codekraft.it\/rotary-2024\/wp-json\/wp\/v2\/media?parent=377666"}],"wp:term":[{"taxonomy":"product_cat","embeddable":true,"href":"https:\/\/dev.codekraft.it\/rotary-2024\/wp-json\/wp\/v2\/product_cat?post=377666"},{"taxonomy":"product_tag","embeddable":true,"href":"https:\/\/dev.codekraft.it\/rotary-2024\/wp-json\/wp\/v2\/product_tag?post=377666"},{"taxonomy":"product_approvals","embeddable":true,"href":"https:\/\/dev.codekraft.it\/rotary-2024\/wp-json\/wp\/v2\/product_approvals?post=377666"},{"taxonomy":"product_application","embeddable":true,"href":"https:\/\/dev.codekraft.it\/rotary-2024\/wp-json\/wp\/v2\/product_application?post=377666"}],"curies":[{"name":"wp","href":"https:\/\/api.w.org\/{rel}","templated":true}]}}