{"id":377651,"date":"2025-12-11T10:11:31","date_gmt":"2025-12-11T10:11:31","guid":{"rendered":"https:\/\/dev.codekraft.it\/rotary-2024\/products\/uncategorized\/kit-de-fijacion-ats-2\/"},"modified":"2025-12-11T10:11:31","modified_gmt":"2025-12-11T10:11:31","slug":"kit-de-fijacion-ats-2","status":"publish","type":"product","link":"https:\/\/dev.codekraft.it\/rotary-2024\/es\/productos\/accesorios-elevadores-es\/sistemas-de-apoyo-es\/kit-de-fijacion-ats-2\/","title":{"rendered":"Kit de fijaci\u00f3n ATS"},"content":{"rendered":"<ul>\n<li>Juego de conexi\u00f3n para la conexi\u00f3n segura entre el travesa\u00f1o (sobre el que est\u00e1 elevado el veh\u00edculo) y el puente de apoyo GS, incl. 2 piezas corredizas y 2 piezas de uni\u00f3n<\/li>\n<\/ul>\n","protected":false},"excerpt":{"rendered":"<p>10 t, espiga \u00d8 35 mm | para la conexi\u00f3n segura entre el travesa\u00f1o y el puente de apoyo GS<\/p>\n","protected":false},"featured_media":373879,"template":"","meta":[],"product_cat":[1033976],"product_tag":[1034151,1034134,1034203,1034169,1034220,1034265,1034186,1034237],"product_approvals":[],"product_application":[],"class_list":{"0":"post-377651","1":"product","2":"type-product","3":"status-publish","4":"has-post-thumbnail","6":"product_cat-sistemas-de-apoyo-es","7":"product_tag-buses-es","8":"product_tag-trucks-es","9":"product_tag-motor-homes-es","10":"product_tag-passenger-cars-es","11":"product_tag-agricultural-machines-es","12":"product_tag-remolques-es","13":"product_tag-light-commercial-es","14":"product_tag-tracked-vehicles-es","16":"first","17":"instock","18":"shipping-taxable","19":"product-type-simple"},"approvals":[],"application":[],"brb_media_brochure":"","brb_media_drawing":"","brb_media_manuals":"","brb_media_safety_datasheets":"","brb_media_spare_parts":[],"_cdmm_p_id":"256","_company":"Elektron","_gtin":"4057612505368","accessories":[],"components":[],"related":[],"similar":[{"id":377645,"cdmm_p_id":"257","name":"Kit de fijaci\u00f3n ATS","description":"30 t, espiga \u00d8 55 mm | para la conexi\u00f3n segura entre el travesa\u00f1o y el puente de apoyo GS","thumbnail":"https:\/\/dev.codekraft.it\/rotary-2024\/wp-content\/uploads\/brb_media\/00023149_vs-ohne-text_web-150x150.png","url":"https:\/\/dev.codekraft.it\/rotary-2024\/es\/productos\/accesorios-elevadores-es\/sistemas-de-apoyo-es\/kit-de-fijacion-ats\/"}],"lang":"es","translations":{"es":377651,"en":377647,"de":377648,"fr":377649,"it":377650,"ru":377652},"pll_sync_post":[],"_links":{"self":[{"href":"https:\/\/dev.codekraft.it\/rotary-2024\/wp-json\/wp\/v2\/product\/377651","targetHints":{"allow":["GET"]}}],"collection":[{"href":"https:\/\/dev.codekraft.it\/rotary-2024\/wp-json\/wp\/v2\/product"}],"about":[{"href":"https:\/\/dev.codekraft.it\/rotary-2024\/wp-json\/wp\/v2\/types\/product"}],"wp:featuredmedia":[{"embeddable":true,"href":"https:\/\/dev.codekraft.it\/rotary-2024\/wp-json\/wp\/v2\/media\/373879"}],"wp:attachment":[{"href":"https:\/\/dev.codekraft.it\/rotary-2024\/wp-json\/wp\/v2\/media?parent=377651"}],"wp:term":[{"taxonomy":"product_cat","embeddable":true,"href":"https:\/\/dev.codekraft.it\/rotary-2024\/wp-json\/wp\/v2\/product_cat?post=377651"},{"taxonomy":"product_tag","embeddable":true,"href":"https:\/\/dev.codekraft.it\/rotary-2024\/wp-json\/wp\/v2\/product_tag?post=377651"},{"taxonomy":"product_approvals","embeddable":true,"href":"https:\/\/dev.codekraft.it\/rotary-2024\/wp-json\/wp\/v2\/product_approvals?post=377651"},{"taxonomy":"product_application","embeddable":true,"href":"https:\/\/dev.codekraft.it\/rotary-2024\/wp-json\/wp\/v2\/product_application?post=377651"}],"curies":[{"name":"wp","href":"https:\/\/api.w.org\/{rel}","templated":true}]}}