{"id":377627,"date":"2025-12-11T10:11:29","date_gmt":"2025-12-11T10:11:29","guid":{"rendered":"https:\/\/dev.codekraft.it\/rotary-2024\/products\/uncategorized\/paquete-de-apoyo-i-4\/"},"modified":"2025-12-11T10:11:29","modified_gmt":"2025-12-11T10:11:29","slug":"paquete-de-apoyo-i-4","status":"publish","type":"product","link":"https:\/\/dev.codekraft.it\/rotary-2024\/es\/productos\/accesorios-elevadores-es\/sistemas-de-apoyo-es\/paquete-de-apoyo-i-4\/","title":{"rendered":"Paquete de apoyo I"},"content":{"rendered":"<ul>\n<li>Equipamiento m\u00ednimo de un foso de trabajo<\/li>\n<\/ul>\n<p><strong>Alcance de la entrega:<\/strong><\/p>\n<ul>\n<li>1 puente de soporte \u00abGS\u00bb\n<ul>\n<li>soporte antivuelco (por ejemplo, para trabajos de carrocer\u00eda)<\/li>\n<li>uso adicional del elevador de foso<\/li>\n<\/ul>\n<\/li>\n<li>1 travesa\u00f1o \u00abATS\u00bb\n<ul>\n<li>asiento seguro de 2 puntos para ejes cargados<\/li>\n<li>para puentear el diferencial<\/li>\n<\/ul>\n<\/li>\n<li>2 piezas distanciadora \u00abDS 2\u00bb &#8211; para puntos de levantamiento altos con ATS &#038; GS<\/li>\n<li>1 juego de conexi\u00f3n \u00abVS\u00bb &#8211; uni\u00f3n sin holgura de ATS &#038; GS<\/li>\n<\/ul>\n","protected":false},"excerpt":{"rendered":"<p>15 t, espiga \u00d8 55 mm, m\u00f3vil | equipamiento m\u00ednimo de un foso de trabajo | incl. puente de soporte GS, travesa\u00f1o ATS, 2 piezas distanciadora y juego de conexi\u00f3n<\/p>\n","protected":false},"featured_media":373899,"template":"","meta":[],"product_brand":[],"product_cat":[1033976],"product_tag":[1034151,1034134,1034203,1034169,1034220,1034265,1034186,1034237],"product_approvals":[],"product_application":[],"class_list":{"0":"post-377627","1":"product","2":"type-product","3":"status-publish","4":"has-post-thumbnail","6":"product_cat-sistemas-de-apoyo-es","7":"product_tag-buses-es","8":"product_tag-trucks-es","9":"product_tag-motor-homes-es","10":"product_tag-passenger-cars-es","11":"product_tag-agricultural-machines-es","12":"product_tag-remolques-es","13":"product_tag-light-commercial-es","14":"product_tag-tracked-vehicles-es","16":"first","17":"instock","18":"shipping-taxable","19":"product-type-simple"},"approvals":[],"application":[],"brb_media_brochure":"","brb_media_drawing":"","brb_media_manuals":"","brb_media_safety_datasheets":"","brb_media_spare_parts":[],"_cdmm_p_id":"269","_company":"Elektron","_gtin":"4057612122893","accessories":[],"components":[],"related":[],"page_logo_src":"https:\/\/dev.codekraft.it\/rotary-2024\/wp-content\/uploads\/2026\/04\/rotary-negative-logo.png","pll_sync_post":{},"lang":"es","translations":{"es":377627,"en":377623,"de":377624,"fr":377625,"it":377626,"ru":377628},"_links":{"self":[{"href":"https:\/\/dev.codekraft.it\/rotary-2024\/wp-json\/wp\/v2\/product\/377627","targetHints":{"allow":["GET"]}}],"collection":[{"href":"https:\/\/dev.codekraft.it\/rotary-2024\/wp-json\/wp\/v2\/product"}],"about":[{"href":"https:\/\/dev.codekraft.it\/rotary-2024\/wp-json\/wp\/v2\/types\/product"}],"wp:featuredmedia":[{"embeddable":true,"href":"https:\/\/dev.codekraft.it\/rotary-2024\/wp-json\/wp\/v2\/media\/373899"}],"wp:attachment":[{"href":"https:\/\/dev.codekraft.it\/rotary-2024\/wp-json\/wp\/v2\/media?parent=377627"}],"wp:term":[{"taxonomy":"product_brand","embeddable":true,"href":"https:\/\/dev.codekraft.it\/rotary-2024\/wp-json\/wp\/v2\/product_brand?post=377627"},{"taxonomy":"product_cat","embeddable":true,"href":"https:\/\/dev.codekraft.it\/rotary-2024\/wp-json\/wp\/v2\/product_cat?post=377627"},{"taxonomy":"product_tag","embeddable":true,"href":"https:\/\/dev.codekraft.it\/rotary-2024\/wp-json\/wp\/v2\/product_tag?post=377627"},{"taxonomy":"product_approvals","embeddable":true,"href":"https:\/\/dev.codekraft.it\/rotary-2024\/wp-json\/wp\/v2\/product_approvals?post=377627"},{"taxonomy":"product_application","embeddable":true,"href":"https:\/\/dev.codekraft.it\/rotary-2024\/wp-json\/wp\/v2\/product_application?post=377627"}],"curies":[{"name":"wp","href":"https:\/\/api.w.org\/{rel}","templated":true}]}}