{"id":377612,"date":"2025-12-11T10:04:38","date_gmt":"2025-12-11T10:04:38","guid":{"rendered":"https:\/\/dev.codekraft.it\/rotary-2024\/products\/uncategorized\/abstutzpaket-i-2\/"},"modified":"2025-12-11T10:04:38","modified_gmt":"2025-12-11T10:04:38","slug":"abstutzpaket-i-2","status":"publish","type":"product","link":"https:\/\/dev.codekraft.it\/rotary-2024\/produkte\/zubehor-hebebuhnen-de\/abstutzsysteme-de\/abstutzpaket-i-2\/","title":{"rendered":"Abst\u00fctzpaket I"},"content":{"rendered":"<ul>\n<li>Minimalausstattung einer Arbeitsgrube<\/li>\n<\/ul>\n<p><strong>Lieferumfang:<\/strong><\/p>\n<ul>\n<li>1 Abst\u00fctzbr\u00fccken\u00a0\u201eGS\u201d\n<ul>\n<li>kippsicherer Stand (z. B. Karosseriearbeiten)<\/li>\n<li>weitere Verwendung des Grubenhebers<\/li>\n<\/ul>\n<\/li>\n<li>1 Achstraverse\u00a0\u201eATS\u201d\n<ul>\n<li>sichere 2-Punkt-Aufnahme belasteter Achsen<\/li>\n<li>zur \u00dcberbr\u00fcckung des Differentials<\/li>\n<\/ul>\n<\/li>\n<li>2 Distanzst\u00fccke\u00a0\u201eDS 2\u201d &#8211; f\u00fcr hohe Aufnahmepunkte mit ATS &amp; GS<\/li>\n<li>1 Verbindungssatz\u00a0\u201eVS\u201d &#8211; formschl\u00fcssige Verbindung von ATS &amp; GS<\/li>\n<\/ul>\n","protected":false},"excerpt":{"rendered":"<p>20 t, Zapfen-\u00d8 80 mm, fahrbar | Minimalausstattung einer Arbeitsgrube | inkl. Abst\u00fctzbr\u00fccke GS, Achstraverse ATS, 2 Distanzst\u00fccken und Verbindungssatz<\/p>\n","protected":false},"featured_media":373899,"template":"","meta":[],"product_cat":[1033970],"product_tag":[1034260,1034143,1034229,1034212,1034126,1034161,1034178,1034195],"product_approvals":[],"product_application":[],"class_list":{"0":"post-377612","1":"product","2":"type-product","3":"status-publish","4":"has-post-thumbnail","6":"product_cat-abstutzsysteme-de","7":"product_tag-anhanger-de","8":"product_tag-buses-de","9":"product_tag-tracked-vehicles-de","10":"product_tag-agricultural-machines-de","11":"product_tag-trucks-de","12":"product_tag-passenger-cars-de","13":"product_tag-light-commercial-de","14":"product_tag-motor-homes-de","16":"first","17":"instock","18":"shipping-taxable","19":"product-type-simple"},"approvals":[],"application":[],"brb_media_brochure":"","brb_media_drawing":"","brb_media_manuals":"","brb_media_safety_datasheets":"","brb_media_spare_parts":[],"_cdmm_p_id":"271","_company":"Elektron","_gtin":"4057612122954","accessories":[],"components":[],"related":[],"similar":[{"id":377588,"cdmm_p_id":"284","name":"Abst\u00fctzpaket II","description":"20 t, Zapfen-\u00d8 55 mm, fahrbar | Grundausstattung f\u00fcr Lkw-Werkst\u00e4tten mit universellem Fahrzeugdurchgang | inkl. 2 Abst\u00fctzbr\u00fccken GS, 2 Achstraversen (ATS, ATK), 2 Distanzst\u00fccken, Verbindungssatz und 2 Distanzrohren","thumbnail":"https:\/\/dev.codekraft.it\/rotary-2024\/wp-content\/uploads\/brb_media\/00022948_abstutzpaket-ii-mit-rollen_ohne-text_web-150x150.png","url":"https:\/\/dev.codekraft.it\/rotary-2024\/produkte\/zubehor-hebebuhnen-de\/abstutzsysteme-de\/abstutzpaket-ii-3\/"},{"id":377534,"cdmm_p_id":"307","name":"Abst\u00fctzpaket IV","description":"20 t, Zapfen-\u00d8 80 mm, fahrbar | f\u00fcr Reparaturbetriebe mit universellem Fahrzeugdurchgang - Schwerpunkt Lkw, Unimog, Bau- und Sonderfahrzeuge | inkl. 3 Achstraversen (ATK, ATS, ATB), 3 Abst\u00fctzbr\u00fccken GS, 2 Holzkl\u00f6tzen, 5 Aufnahmeadaptern, 2 Distanzrohren und 8 Distanzst\u00fccken","thumbnail":"https:\/\/dev.codekraft.it\/rotary-2024\/wp-content\/uploads\/brb_media\/00022956_abstutzpaket-iv-mit-rollen_ohne-text_web-150x150.png","url":"https:\/\/dev.codekraft.it\/rotary-2024\/produkte\/zubehor-hebebuhnen-de\/abstutzsysteme-de\/abstutzpaket-iv-2\/"}],"lang":"de","translations":{"de":377612,"en":377611,"fr":377613,"it":377614,"es":377615,"ru":377616},"pll_sync_post":[],"_links":{"self":[{"href":"https:\/\/dev.codekraft.it\/rotary-2024\/wp-json\/wp\/v2\/product\/377612","targetHints":{"allow":["GET"]}}],"collection":[{"href":"https:\/\/dev.codekraft.it\/rotary-2024\/wp-json\/wp\/v2\/product"}],"about":[{"href":"https:\/\/dev.codekraft.it\/rotary-2024\/wp-json\/wp\/v2\/types\/product"}],"wp:featuredmedia":[{"embeddable":true,"href":"https:\/\/dev.codekraft.it\/rotary-2024\/wp-json\/wp\/v2\/media\/373899"}],"wp:attachment":[{"href":"https:\/\/dev.codekraft.it\/rotary-2024\/wp-json\/wp\/v2\/media?parent=377612"}],"wp:term":[{"taxonomy":"product_cat","embeddable":true,"href":"https:\/\/dev.codekraft.it\/rotary-2024\/wp-json\/wp\/v2\/product_cat?post=377612"},{"taxonomy":"product_tag","embeddable":true,"href":"https:\/\/dev.codekraft.it\/rotary-2024\/wp-json\/wp\/v2\/product_tag?post=377612"},{"taxonomy":"product_approvals","embeddable":true,"href":"https:\/\/dev.codekraft.it\/rotary-2024\/wp-json\/wp\/v2\/product_approvals?post=377612"},{"taxonomy":"product_application","embeddable":true,"href":"https:\/\/dev.codekraft.it\/rotary-2024\/wp-json\/wp\/v2\/product_application?post=377612"}],"curies":[{"name":"wp","href":"https:\/\/api.w.org\/{rel}","templated":true}]}}