{"id":377601,"date":"2025-12-11T10:10:53","date_gmt":"2025-12-11T10:10:53","guid":{"rendered":"https:\/\/dev.codekraft.it\/rotary-2024\/products\/uncategorized\/kit-de-levage-ii-5\/"},"modified":"2025-12-11T10:10:53","modified_gmt":"2025-12-11T10:10:53","slug":"kit-de-levage-ii-5","status":"publish","type":"product","link":"https:\/\/dev.codekraft.it\/rotary-2024\/fr\/produits\/accessoires-ponts-elevateurs-fr\/systemes-de-soutien-fr\/kit-de-levage-ii-5\/","title":{"rendered":"Kit de levage II"},"content":{"rendered":"<ul>\n<li>\u00c9quipement de base pour les ateliers de r\u00e9paration de camions avec passage universel pour les v\u00e9hicules<\/li>\n<\/ul>\n<p><strong>\u00c9tendue de la prestation :<\/strong><\/p>\n<ul>\n<li>2 pontages d&#8217;appui \u00ab\u00a0GS\u00a0\u00bb\n<ul>\n<li>positionnement sans risque de basculement (p. ex. travaux de carrosserie)<\/li>\n<li>utilisation combin\u00e9e possible du pont \u00e9l\u00e9vateur de fosse<\/li>\n<\/ul>\n<\/li>\n<li>1 traverse \u00ab\u00a0ATS\u00a0\u00bb\n<ul>\n<li>mise en place s\u00fbre en 2 points des essieux soutenus<\/li>\n<li>pour mettre le diff\u00e9rentiel sur un pont \u00e9l\u00e9vateur<\/li>\n<\/ul>\n<\/li>\n<li>1 traverse \u00ab\u00a0ATK\u00a0\u00bb\n<ul>\n<li>r\u00e9partition de la charge en douceur pour les essieux l\u00e9gers soutenus<\/li>\n<\/ul>\n<\/li>\n<li>2 pi\u00e8ces d\u2019\u00e9cartement \u00ab\u00a0DS 2\u00a0\u00bb &#8211; pour les points de levage \u00e9lev\u00e9s avec ATS et GS<\/li>\n<li>1 ensemble de raccordement \u00ab\u00a0VS\u00a0\u00bb &#8211; liaison par compl\u00e9mentarit\u00e9 de forme d&#8217;ATS et de GS<\/li>\n<li>2 tubes d&#8217;\u00e9cartement \u00ab\u00a0DR 6\u00a0\u00bb &#8211; pour points de levage \u00e9lev\u00e9s sur le cadre<\/li>\n<\/ul>\n","protected":false},"excerpt":{"rendered":"<p>15 t, \u00d8 de goujon 55 mm, mobile | \u00e9quipement de base pour les ateliers de r\u00e9paration de camions avec passage universel pour les v\u00e9hicules | incl. 2 pontages d&#8217;appui GS, 2 traverses (ATS, ATK), 2 pi\u00e8ces d\u2019\u00e9cartement, ensemble de raccordement et 2 tubes d&#8217;\u00e9cartement<\/p>\n","protected":false},"featured_media":373930,"template":"","meta":[],"product_brand":[],"product_cat":[1033972],"product_tag":[1034145,1034128,1034197,1034262,1034180,1034231,1034214,1034163],"product_approvals":[],"product_application":[],"class_list":{"0":"post-377601","1":"product","2":"type-product","3":"status-publish","4":"has-post-thumbnail","6":"product_cat-systemes-de-soutien-fr","7":"product_tag-buses-fr","8":"product_tag-trucks-fr","9":"product_tag-motor-homes-fr","10":"product_tag-remorques-fr","11":"product_tag-light-commercial-fr","12":"product_tag-tracked-vehicles-fr","13":"product_tag-agricultural-machines-fr","14":"product_tag-passenger-cars-fr","16":"first","17":"instock","18":"shipping-taxable","19":"product-type-simple"},"approvals":[],"application":[],"brb_media_brochure":"","brb_media_drawing":"","brb_media_manuals":"","brb_media_safety_datasheets":"","brb_media_spare_parts":[],"_cdmm_p_id":"283","_company":"Elektron","_gtin":"4057612123104","accessories":[],"components":[],"related":[],"page_logo_src":"https:\/\/dev.codekraft.it\/rotary-2024\/wp-content\/uploads\/2026\/04\/rotary-negative-logo.png","pll_sync_post":{},"lang":"fr","translations":{"fr":377601,"en":377599,"de":377600,"it":377602,"es":377603,"ru":377604},"_links":{"self":[{"href":"https:\/\/dev.codekraft.it\/rotary-2024\/wp-json\/wp\/v2\/product\/377601","targetHints":{"allow":["GET"]}}],"collection":[{"href":"https:\/\/dev.codekraft.it\/rotary-2024\/wp-json\/wp\/v2\/product"}],"about":[{"href":"https:\/\/dev.codekraft.it\/rotary-2024\/wp-json\/wp\/v2\/types\/product"}],"wp:featuredmedia":[{"embeddable":true,"href":"https:\/\/dev.codekraft.it\/rotary-2024\/wp-json\/wp\/v2\/media\/373930"}],"wp:attachment":[{"href":"https:\/\/dev.codekraft.it\/rotary-2024\/wp-json\/wp\/v2\/media?parent=377601"}],"wp:term":[{"taxonomy":"product_brand","embeddable":true,"href":"https:\/\/dev.codekraft.it\/rotary-2024\/wp-json\/wp\/v2\/product_brand?post=377601"},{"taxonomy":"product_cat","embeddable":true,"href":"https:\/\/dev.codekraft.it\/rotary-2024\/wp-json\/wp\/v2\/product_cat?post=377601"},{"taxonomy":"product_tag","embeddable":true,"href":"https:\/\/dev.codekraft.it\/rotary-2024\/wp-json\/wp\/v2\/product_tag?post=377601"},{"taxonomy":"product_approvals","embeddable":true,"href":"https:\/\/dev.codekraft.it\/rotary-2024\/wp-json\/wp\/v2\/product_approvals?post=377601"},{"taxonomy":"product_application","embeddable":true,"href":"https:\/\/dev.codekraft.it\/rotary-2024\/wp-json\/wp\/v2\/product_application?post=377601"}],"curies":[{"name":"wp","href":"https:\/\/api.w.org\/{rel}","templated":true}]}}