{"id":377564,"date":"2025-12-11T10:04:37","date_gmt":"2025-12-11T10:04:37","guid":{"rendered":"https:\/\/dev.codekraft.it\/rotary-2024\/products\/uncategorized\/abstutzpaket-iii\/"},"modified":"2025-12-11T10:04:37","modified_gmt":"2025-12-11T10:04:37","slug":"abstutzpaket-iii","status":"publish","type":"product","link":"https:\/\/dev.codekraft.it\/rotary-2024\/produkte\/zubehor-hebebuhnen-de\/abstutzsysteme-de\/abstutzpaket-iii\/","title":{"rendered":"Abst\u00fctzpaket III"},"content":{"rendered":"<ul>\n<li>F\u00fcr Bus- und Verkehrsbetriebe (Niederflurbusse)<\/li>\n<\/ul>\n<p><strong>Lieferumfang:<\/strong><\/p>\n<ul>\n<li>1 Abst\u00fctzbr\u00fccke \u201eGSB\u201d &#8211; superflach, auch mit Niederflurbussen \u00fcberfahrbar<\/li>\n<li>1 Achstraverse \u201eATB\u201d &#8211; \u0431\u0435\u0437\u043e\u043f\u0430\u0441\u043d\u0430\u044f 2-\u0442\u043e\u0447\u0435\u0447\u043d\u0430\u044f \u043e\u043f\u043e\u0440\u0430 \u0434\u043b\u044f \u043f\u043e\u0434\u0432\u0435\u0441\u043a\u0438 \u043e\u0441\u0438 \u0441\u043e \u0441\u043f\u0435\u0446\u0438\u0430\u043b\u044c\u043d\u044b\u043c\u0438 \u0440\u0435\u0437\u0438\u043d\u043e\u0432\u044b\u043c\u0438 \u043d\u0430\u043a\u043b\u0430\u0434\u043a\u0430\u043c\u0438<\/li>\n<li>2 Aufnahmeadapter\u00a0\u201eP\u201d &#8211; Pilzkopfaufnahme, zur Aufnahme des Fahrzeuges an den Knotenblechen<\/li>\n<li>1\u00a0Aufnahmeadapter\u00a0\u201eH\u201d &#8211; zur schonenden Einpunkt-Aufnahme<\/li>\n<li>2 Holzkl\u00f6tze \u201eDB\u201d &#8211; Distanzk\u00f6rper 100 x 200 x 360 mm<\/li>\n<\/ul>\n","protected":false},"excerpt":{"rendered":"<p>15 t, Zapfen-\u00d8 55 mm, fahrbar | f\u00fcr Bus- und Verkehrsbetriebe (Niederflurbusse) | inkl. Abst\u00fctzbr\u00fccke GSB, Achstraverse ATB, 3 Aufnahmeadaptern und 2 Holzkl\u00f6tzen<\/p>\n","protected":false},"featured_media":373961,"template":"","meta":[],"product_cat":[1033970],"product_tag":[1034260,1034143,1034229,1034212,1034126,1034161,1034178,1034195],"product_approvals":[],"product_application":[],"class_list":{"0":"post-377564","1":"product","2":"type-product","3":"status-publish","4":"has-post-thumbnail","6":"product_cat-abstutzsysteme-de","7":"product_tag-anhanger-de","8":"product_tag-buses-de","9":"product_tag-tracked-vehicles-de","10":"product_tag-agricultural-machines-de","11":"product_tag-trucks-de","12":"product_tag-passenger-cars-de","13":"product_tag-light-commercial-de","14":"product_tag-motor-homes-de","16":"first","17":"instock","18":"shipping-taxable","19":"product-type-simple"},"approvals":[],"application":[],"brb_media_brochure":"","brb_media_drawing":"","brb_media_manuals":"","brb_media_safety_datasheets":"","brb_media_spare_parts":[],"_cdmm_p_id":"294","_company":"Elektron","_gtin":"4057612123319","accessories":[],"components":[],"related":[],"similar":[{"id":377546,"cdmm_p_id":"305","name":"Abst\u00fctzpaket IV","description":"15 t, Zapfen-\u00d8 55 mm, fahrbar | f\u00fcr Reparaturbetriebe mit universellem Fahrzeugdurchgang - Schwerpunkt Lkw, Unimog, Bau- und Sonderfahrzeuge | inkl. 3 Achstraversen (ATK, ATS, ATB), 3 Abst\u00fctzbr\u00fccken GS, 2 Holzkl\u00f6tzen, 5 Aufnahmeadaptern, 2 Distanzrohren und 8 Distanzst\u00fccken","thumbnail":"https:\/\/dev.codekraft.it\/rotary-2024\/wp-content\/uploads\/brb_media\/00022956_abstutzpaket-iv-mit-rollen_ohne-text_web-150x150.png","url":"https:\/\/dev.codekraft.it\/rotary-2024\/produkte\/zubehor-hebebuhnen-de\/abstutzsysteme-de\/abstutzpaket-iv-4\/"},{"id":377624,"cdmm_p_id":"269","name":"Abst\u00fctzpaket I","description":"15 t, Zapfen-\u00d8 55 mm, fahrbar | Minimalausstattung einer Arbeitsgrube | inkl. Abst\u00fctzbr\u00fccke GS, Achstraverse ATS, 2 Distanzst\u00fccken und Verbindungssatz","thumbnail":"https:\/\/dev.codekraft.it\/rotary-2024\/wp-content\/uploads\/brb_media\/00022946_abstutzpaket-i-mit-rollen_ohne-text_web-150x150.png","url":"https:\/\/dev.codekraft.it\/rotary-2024\/produkte\/zubehor-hebebuhnen-de\/abstutzsysteme-de\/abstutzpaket-i-4\/"},{"id":377600,"cdmm_p_id":"283","name":"Abst\u00fctzpaket II","description":"15 t, Zapfen-\u00d8 55 mm, fahrbar | Grundausstattung f\u00fcr Lkw-Werkst\u00e4tten mit universellem Fahrzeugdurchgang | inkl. 2 Abst\u00fctzbr\u00fccken GS, 2 Achstraversen (ATS, ATK), 2 Distanzst\u00fccken, Verbindungssatz und 2 Distanzrohren","thumbnail":"https:\/\/dev.codekraft.it\/rotary-2024\/wp-content\/uploads\/brb_media\/00022948_abstutzpaket-ii-mit-rollen_ohne-text_web-150x150.png","url":"https:\/\/dev.codekraft.it\/rotary-2024\/produkte\/zubehor-hebebuhnen-de\/abstutzsysteme-de\/abstutzpaket-ii-5\/"}],"lang":"de","translations":{"de":377564,"en":377563,"fr":377565,"it":377566,"es":377567,"ru":377568},"pll_sync_post":[],"_links":{"self":[{"href":"https:\/\/dev.codekraft.it\/rotary-2024\/wp-json\/wp\/v2\/product\/377564","targetHints":{"allow":["GET"]}}],"collection":[{"href":"https:\/\/dev.codekraft.it\/rotary-2024\/wp-json\/wp\/v2\/product"}],"about":[{"href":"https:\/\/dev.codekraft.it\/rotary-2024\/wp-json\/wp\/v2\/types\/product"}],"wp:featuredmedia":[{"embeddable":true,"href":"https:\/\/dev.codekraft.it\/rotary-2024\/wp-json\/wp\/v2\/media\/373961"}],"wp:attachment":[{"href":"https:\/\/dev.codekraft.it\/rotary-2024\/wp-json\/wp\/v2\/media?parent=377564"}],"wp:term":[{"taxonomy":"product_cat","embeddable":true,"href":"https:\/\/dev.codekraft.it\/rotary-2024\/wp-json\/wp\/v2\/product_cat?post=377564"},{"taxonomy":"product_tag","embeddable":true,"href":"https:\/\/dev.codekraft.it\/rotary-2024\/wp-json\/wp\/v2\/product_tag?post=377564"},{"taxonomy":"product_approvals","embeddable":true,"href":"https:\/\/dev.codekraft.it\/rotary-2024\/wp-json\/wp\/v2\/product_approvals?post=377564"},{"taxonomy":"product_application","embeddable":true,"href":"https:\/\/dev.codekraft.it\/rotary-2024\/wp-json\/wp\/v2\/product_application?post=377564"}],"curies":[{"name":"wp","href":"https:\/\/api.w.org\/{rel}","templated":true}]}}