{"id":377558,"date":"2025-12-11T10:04:38","date_gmt":"2025-12-11T10:04:38","guid":{"rendered":"https:\/\/dev.codekraft.it\/rotary-2024\/products\/uncategorized\/abstutzpaket-iv-6\/"},"modified":"2025-12-11T10:04:38","modified_gmt":"2025-12-11T10:04:38","slug":"abstutzpaket-iv-6","status":"publish","type":"product","link":"https:\/\/dev.codekraft.it\/rotary-2024\/produkte\/zubehor-hebebuhnen-de\/abstutzsysteme-de\/abstutzpaket-iv-6\/","title":{"rendered":"Abst\u00fctzpaket IV"},"content":{"rendered":"<ul>\n<li>F\u00fcr Reparaturbetriebe mit universellem Fahrzeugdurchgang &#8211; Schwerpunkt Lkw, Unimog, Bau- und Sonderfahrzeuge<\/li>\n<\/ul>\n<p><strong>Lieferumfang:<\/strong><\/p>\n<ul>\n<li>1 Achstraverse \u201eATK\u201d &#8211; schonende Lastverteilung bei belasteten Leichtbauachsen<\/li>\n<li>1 Achstraverse \u201eATS\u201d &#8211; sichere 2-Punkt-Aufnahme belasteter Achsen<\/li>\n<li>1 Achstraverse \u201eATB\u201d &#8211; f\u00fcr Lastangriffspunkte au\u00dferhalb der Grube<\/li>\n<li>3 Abst\u00fctzbr\u00fccken \u201eGS\u201d\n<ul>\n<li>kippsicherer Stand (z. B. Karosseriearbeiten)<\/li>\n<li>weitere Verwendung des Grubenhebers<\/li>\n<\/ul>\n<\/li>\n<li>2 Holzkl\u00f6tze \u201eDB\u201d &#8211; Distanzk\u00f6rper 100 x 200 x 360 mm<\/li>\n<li>2 Aufnahmeadapter\u00a0\u201eU\u201d &#8211; zur sicheren Aufnahme am Rahmen<\/li>\n<li>2 Aufnahmeadapter\u00a0\u201eR\u201d &#8211; mit Gummieinlage<\/li>\n<li>1 Aufnahmeadapter\u00a0\u201eH\u201d &#8211; mit Holzeinlage, zur schonenden Einpunkt-Aufnahme<\/li>\n<li>2 Distanzrohre \u201eDR 6\u201d<\/li>\n<li>2 Distanzst\u00fccke \u201eDS 1\u201d<\/li>\n<li>2 Distanzst\u00fccke \u201eDS 2\u201d<\/li>\n<li>4 Distanzst\u00fccke \u201eDS 3\u201d<\/li>\n<\/ul>\n","protected":false},"excerpt":{"rendered":"<p>30 t, Zapfen-\u00d8 80 mm, fahrbar | f\u00fcr Reparaturbetriebe mit universellem Fahrzeugdurchgang &#8211; Schwerpunkt Lkw, Unimog, Bau- und Sonderfahrzeuge | inkl. 3 Achstraversen (ATK, ATS, ATB), 3 Abst\u00fctzbr\u00fccken GS, 2 Holzkl\u00f6tzen, 5 Aufnahmeadaptern, 2 Distanzrohren und 8 Distanzst\u00fccken<\/p>\n","protected":false},"featured_media":375325,"template":"","meta":[],"product_cat":[1033970],"product_tag":[1034260,1034143,1034229,1034212,1034126,1034161,1034178,1034195],"product_approvals":[],"product_application":[],"class_list":{"0":"post-377558","1":"product","2":"type-product","3":"status-publish","4":"has-post-thumbnail","6":"product_cat-abstutzsysteme-de","7":"product_tag-anhanger-de","8":"product_tag-buses-de","9":"product_tag-tracked-vehicles-de","10":"product_tag-agricultural-machines-de","11":"product_tag-trucks-de","12":"product_tag-passenger-cars-de","13":"product_tag-light-commercial-de","14":"product_tag-motor-homes-de","16":"first","17":"instock","18":"shipping-taxable","19":"product-type-simple"},"approvals":[],"application":[],"brb_media_brochure":"","brb_media_drawing":"","brb_media_manuals":"","brb_media_safety_datasheets":"","brb_media_spare_parts":[],"_cdmm_p_id":"301","_company":"Elektron","_gtin":"4057612315752","accessories":[],"components":[],"related":[],"similar":[{"id":377528,"cdmm_p_id":"308","name":"Abst\u00fctzpaket IV","description":"30 t, Zapfen-\u00d8 80 mm, fahrbar | f\u00fcr Reparaturbetriebe mit universellem Fahrzeugdurchgang - Schwerpunkt Lkw, Unimog, Bau- und Sonderfahrzeuge | inkl. 3 Achstraversen (ATK, ATS, ATB), 3 Abst\u00fctzbr\u00fccken GS, 2 Holzkl\u00f6tzen, 5 Aufnahmeadaptern, 2 Distanzrohren und 8 Distanzst\u00fccken","thumbnail":"https:\/\/dev.codekraft.it\/rotary-2024\/wp-content\/uploads\/brb_media\/00022956_abstutzpaket-iv-mit-rollen_ohne-text_web-150x150.png","url":"https:\/\/dev.codekraft.it\/rotary-2024\/produkte\/zubehor-hebebuhnen-de\/abstutzsysteme-de\/abstutzpaket-iv\/"}],"page_logo_src":"https:\/\/dev.codekraft.it\/rotary-2024\/wp-content\/uploads\/2024\/05\/cropped-rotary-logo-2022.png","lang":"de","translations":{"de":377558,"en":377557,"fr":377559,"it":377560,"es":377561,"ru":377562},"pll_sync_post":[],"_links":{"self":[{"href":"https:\/\/dev.codekraft.it\/rotary-2024\/wp-json\/wp\/v2\/product\/377558","targetHints":{"allow":["GET"]}}],"collection":[{"href":"https:\/\/dev.codekraft.it\/rotary-2024\/wp-json\/wp\/v2\/product"}],"about":[{"href":"https:\/\/dev.codekraft.it\/rotary-2024\/wp-json\/wp\/v2\/types\/product"}],"wp:featuredmedia":[{"embeddable":true,"href":"https:\/\/dev.codekraft.it\/rotary-2024\/wp-json\/wp\/v2\/media\/375325"}],"wp:attachment":[{"href":"https:\/\/dev.codekraft.it\/rotary-2024\/wp-json\/wp\/v2\/media?parent=377558"}],"wp:term":[{"taxonomy":"product_cat","embeddable":true,"href":"https:\/\/dev.codekraft.it\/rotary-2024\/wp-json\/wp\/v2\/product_cat?post=377558"},{"taxonomy":"product_tag","embeddable":true,"href":"https:\/\/dev.codekraft.it\/rotary-2024\/wp-json\/wp\/v2\/product_tag?post=377558"},{"taxonomy":"product_approvals","embeddable":true,"href":"https:\/\/dev.codekraft.it\/rotary-2024\/wp-json\/wp\/v2\/product_approvals?post=377558"},{"taxonomy":"product_application","embeddable":true,"href":"https:\/\/dev.codekraft.it\/rotary-2024\/wp-json\/wp\/v2\/product_application?post=377558"}],"curies":[{"name":"wp","href":"https:\/\/api.w.org\/{rel}","templated":true}]}}