{"id":377549,"date":"2025-12-11T10:11:29","date_gmt":"2025-12-11T10:11:29","guid":{"rendered":"https:\/\/dev.codekraft.it\/rotary-2024\/products\/uncategorized\/paquete-de-apoyo-iv-4\/"},"modified":"2025-12-11T10:11:29","modified_gmt":"2025-12-11T10:11:29","slug":"paquete-de-apoyo-iv-4","status":"publish","type":"product","link":"https:\/\/dev.codekraft.it\/rotary-2024\/es\/productos\/accesorios-elevadores-es\/sistemas-de-apoyo-es\/paquete-de-apoyo-iv-4\/","title":{"rendered":"Paquete de apoyo IV"},"content":{"rendered":"<ul>\n<li>Para talleres de reparaci\u00f3n con acceso universal de veh\u00edculos &#8211; especializados en camiones, camiones Unimog, veh\u00edculos de construcci\u00f3n y especiales<\/li>\n<\/ul>\n<p><strong>Alcance de la entrega:<\/strong><\/p>\n<ul>\n<li>1 travesa\u00f1o \u00abATK\u00bb &#8211; distribuci\u00f3n uniforme de la carga para ejes ligeros cargados<\/li>\n<li>1 travesa\u00f1o \u00abATS\u00bb &#8211; asiento seguro de 2 puntos para ejes cargados<\/li>\n<li>1 travesa\u00f1o \u00abATB\u00bb &#8211; para puntos de aplicaci\u00f3n de carga fuera del foso<\/li>\n<li>3 puentes de soporte \u00abGS\u00bb\n<ul>\n<li>soporte antivuelco (por ejemplo, para trabajos de carrocer\u00eda)<\/li>\n<li>uso adicional del elevador de foso<\/li>\n<\/ul>\n<\/li>\n<li>2 bloques de madera \u00abDB\u00bb &#8211; distanciador 100 x 200 x 360 mm<\/li>\n<li>2 taco\u00a0\u00abU\u00bb &#8211; para asiento seguro al marco<\/li>\n<li>2 taco\u00a0\u00abR\u00bb &#8211; almohadilla de goma<\/li>\n<li>1 taco\u00a0\u00abH\u00bb &#8211; con inserto de madera, para asiento cuidadoso en un punto<\/li>\n<li>2 tubo distanciadorese \u00abDR 6\u00bb<\/li>\n<li>2 piezas distanciadora \u00abDS 1\u00bb<\/li>\n<li>2 piezas distanciadora \u00abDS 2\u00bb<\/li>\n<li>4 piezas distanciadora \u00abDS 3\u00bb<\/li>\n<\/ul>\n","protected":false},"excerpt":{"rendered":"<p>15 t, espiga \u00d8 55 mm, desplazable | para talleres de reparaci\u00f3n con acceso universal de veh\u00edculos &#8211; especializados en camiones, camiones Unimog, veh\u00edculos de construcci\u00f3n y especiales | incl. 3 travesa\u00f1os (ATK, ATS, ATB), 3 puentes de soporte GS, 2 bloques de madera, 5 tacos, 2 tubos distanciadores y 8 piezas distanciadora<\/p>\n","protected":false},"featured_media":373974,"template":"","meta":[],"product_brand":[],"product_cat":[1033976],"product_tag":[1034151,1034134,1034203,1034169,1034220,1034265,1034186,1034237],"product_approvals":[],"product_application":[],"class_list":{"0":"post-377549","1":"product","2":"type-product","3":"status-publish","4":"has-post-thumbnail","6":"product_cat-sistemas-de-apoyo-es","7":"product_tag-buses-es","8":"product_tag-trucks-es","9":"product_tag-motor-homes-es","10":"product_tag-passenger-cars-es","11":"product_tag-agricultural-machines-es","12":"product_tag-remolques-es","13":"product_tag-light-commercial-es","14":"product_tag-tracked-vehicles-es","16":"first","17":"instock","18":"shipping-taxable","19":"product-type-simple"},"approvals":[],"application":[],"brb_media_brochure":"","brb_media_drawing":"","brb_media_manuals":"","brb_media_safety_datasheets":"","brb_media_spare_parts":[],"_cdmm_p_id":"305","_company":"Elektron","_gtin":"4057612123449","accessories":[],"components":[],"related":[],"page_logo_src":"https:\/\/dev.codekraft.it\/rotary-2024\/wp-content\/uploads\/2024\/05\/cropped-rotary-logo-2022.png","lang":"es","translations":{"es":377549,"en":377545,"de":377546,"fr":377547,"it":377548,"ru":377550},"pll_sync_post":[],"_links":{"self":[{"href":"https:\/\/dev.codekraft.it\/rotary-2024\/wp-json\/wp\/v2\/product\/377549","targetHints":{"allow":["GET"]}}],"collection":[{"href":"https:\/\/dev.codekraft.it\/rotary-2024\/wp-json\/wp\/v2\/product"}],"about":[{"href":"https:\/\/dev.codekraft.it\/rotary-2024\/wp-json\/wp\/v2\/types\/product"}],"wp:featuredmedia":[{"embeddable":true,"href":"https:\/\/dev.codekraft.it\/rotary-2024\/wp-json\/wp\/v2\/media\/373974"}],"wp:attachment":[{"href":"https:\/\/dev.codekraft.it\/rotary-2024\/wp-json\/wp\/v2\/media?parent=377549"}],"wp:term":[{"taxonomy":"product_brand","embeddable":true,"href":"https:\/\/dev.codekraft.it\/rotary-2024\/wp-json\/wp\/v2\/product_brand?post=377549"},{"taxonomy":"product_cat","embeddable":true,"href":"https:\/\/dev.codekraft.it\/rotary-2024\/wp-json\/wp\/v2\/product_cat?post=377549"},{"taxonomy":"product_tag","embeddable":true,"href":"https:\/\/dev.codekraft.it\/rotary-2024\/wp-json\/wp\/v2\/product_tag?post=377549"},{"taxonomy":"product_approvals","embeddable":true,"href":"https:\/\/dev.codekraft.it\/rotary-2024\/wp-json\/wp\/v2\/product_approvals?post=377549"},{"taxonomy":"product_application","embeddable":true,"href":"https:\/\/dev.codekraft.it\/rotary-2024\/wp-json\/wp\/v2\/product_application?post=377549"}],"curies":[{"name":"wp","href":"https:\/\/api.w.org\/{rel}","templated":true}]}}