{"id":377547,"date":"2025-12-11T10:10:53","date_gmt":"2025-12-11T10:10:53","guid":{"rendered":"https:\/\/dev.codekraft.it\/rotary-2024\/products\/uncategorized\/kit-de-levage-iv-4\/"},"modified":"2025-12-11T10:10:53","modified_gmt":"2025-12-11T10:10:53","slug":"kit-de-levage-iv-4","status":"publish","type":"product","link":"https:\/\/dev.codekraft.it\/rotary-2024\/fr\/produits\/accessoires-ponts-elevateurs-fr\/systemes-de-soutien-fr\/kit-de-levage-iv-4\/","title":{"rendered":"Kit de levage IV"},"content":{"rendered":"<ul>\n<li>Pour les entreprises de r\u00e9paration avec passage universel pour les v\u00e9hicules &#8211; en particulier pour les camions, Unimog, v\u00e9hicules de chantier et v\u00e9hicules sp\u00e9ciaux<\/li>\n<\/ul>\n<p><strong>\u00c9tendue de la prestation :<\/strong><\/p>\n<ul>\n<li>1 traverse \u00ab\u00a0ATK\u00a0\u00bb &#8211; r\u00e9partition de la charge en douceur pour les essieux l\u00e9gers soutenus<\/li>\n<li>1 traverse \u00ab\u00a0ATS\u00a0\u00bb &#8211; mise en place s\u00fbre en 2 points des essieux soutenus<\/li>\n<li>1 traverse \u00ab\u00a0ATB\u00a0\u00bb &#8211; pour les points d&#8217;application de la charge hors de la fosse<\/li>\n<li>3 pontages d&#8217;appui \u00ab\u00a0GS\u00a0\u00bb\n<ul>\n<li>positionnement sans risque de basculement (p. ex. travaux de carrosserie)<\/li>\n<li>utilisation combin\u00e9e possible du pont \u00e9l\u00e9vateur de fosse<\/li>\n<\/ul>\n<\/li>\n<li>2 des blocs en bois \u00ab\u00a0DB\u00a0\u00bb &#8211; \u00e9l\u00e9ment d&#8217;\u00e9cartement 100 x 200 x 360 mm<\/li>\n<li>2 tampons \u00ab\u00a0U\u00a0\u00bb &#8211; pour la prise en charge en douceur au niveau du cadre<\/li>\n<li>2 tampons \u00ab\u00a0R\u00a0\u00bb &#8211; avec support en caoutchouc<\/li>\n<li>1 tampons \u00ab\u00a0H\u00a0\u00bb &#8211; avec garniture en bois, pour la prise en charge en douceur en un seul point<\/li>\n<li>2 tubes d&#8217;\u00e9cartement \u00ab\u00a0DR 6\u00a0\u00bb<\/li>\n<li>2 pi\u00e8ces d\u2019\u00e9cartement \u00ab\u00a0DS 1\u00a0\u00bb<\/li>\n<li>2 pi\u00e8ces d\u2019\u00e9cartement \u00ab\u00a0DS 2\u00a0\u00bb<\/li>\n<li>4 pi\u00e8ces d\u2019\u00e9cartement \u00ab\u00a0DS 3\u00a0\u00bb<\/li>\n<\/ul>\n","protected":false},"excerpt":{"rendered":"<p>15 t, \u00d8 de goujon 55 mm, mobile | pour les entreprises de r\u00e9paration avec passage universel pour les v\u00e9hicules &#8211; en particulier pour les camions, Unimog, v\u00e9hicules de chantier et v\u00e9hicules sp\u00e9ciaux | incl. 3 traverses (ATK, ATS, ATB), 3 pontages d&#8217;appui GS, 2 blocs de bois, 5 tampons, 2 tubes d&#8217;\u00e9cartement et 8 pi\u00e8ces d\u2019\u00e9cartement<\/p>\n","protected":false},"featured_media":373974,"template":"","meta":[],"product_cat":[1033972],"product_tag":[1034145,1034128,1034197,1034262,1034180,1034231,1034214,1034163],"product_approvals":[],"product_application":[],"class_list":{"0":"post-377547","1":"product","2":"type-product","3":"status-publish","4":"has-post-thumbnail","6":"product_cat-systemes-de-soutien-fr","7":"product_tag-buses-fr","8":"product_tag-trucks-fr","9":"product_tag-motor-homes-fr","10":"product_tag-remorques-fr","11":"product_tag-light-commercial-fr","12":"product_tag-tracked-vehicles-fr","13":"product_tag-agricultural-machines-fr","14":"product_tag-passenger-cars-fr","16":"first","17":"instock","18":"shipping-taxable","19":"product-type-simple"},"approvals":[],"application":[],"brb_media_brochure":"","brb_media_drawing":"","brb_media_manuals":"","brb_media_safety_datasheets":"","brb_media_spare_parts":[],"_cdmm_p_id":"305","_company":"Elektron","_gtin":"4057612123449","accessories":[],"components":[],"related":[],"similar":[{"id":377625,"cdmm_p_id":"269","name":"Kit de levage I","description":"15 t, \u00d8 de goujon 55 mm, mobile | \u00e9quipement minimal d'une fosse de travail | incl. pontage d'appui GS, traverse ATS, 2 pi\u00e8ces d\u2019\u00e9cartement et ensemble de raccordement","thumbnail":"https:\/\/dev.codekraft.it\/rotary-2024\/wp-content\/uploads\/brb_media\/00022946_abstutzpaket-i-mit-rollen_ohne-text_web-150x150.png","url":"https:\/\/dev.codekraft.it\/rotary-2024\/fr\/produits\/accessoires-ponts-elevateurs-fr\/systemes-de-soutien-fr\/kit-de-levage-i-4\/"},{"id":377601,"cdmm_p_id":"283","name":"Kit de levage II","description":"15 t, \u00d8 de goujon 55 mm, mobile | \u00e9quipement de base pour les ateliers de r\u00e9paration de camions avec passage universel pour les v\u00e9hicules | incl. 2 pontages d'appui GS, 2 traverses (ATS, ATK), 2 pi\u00e8ces d\u2019\u00e9cartement, ensemble de raccordement et 2 tubes d'\u00e9cartement","thumbnail":"https:\/\/dev.codekraft.it\/rotary-2024\/wp-content\/uploads\/brb_media\/00022948_abstutzpaket-ii-mit-rollen_ohne-text_web-150x150.png","url":"https:\/\/dev.codekraft.it\/rotary-2024\/fr\/produits\/accessoires-ponts-elevateurs-fr\/systemes-de-soutien-fr\/kit-de-levage-ii-5\/"},{"id":377565,"cdmm_p_id":"294","name":"Kit de levage III","description":"15 t, \u00d8 de goujon 55 mm, mobile | pour les entreprises de bus et de transport (bus surbaiss\u00e9s) | incl. pontage d'appui GSB, traverse ATB, 3 tampons et 2 blocs de bois","thumbnail":"https:\/\/dev.codekraft.it\/rotary-2024\/wp-content\/uploads\/brb_media\/00022950_abstutzpaket-iii-mit-rollen_ohne-text_web-150x150.png","url":"https:\/\/dev.codekraft.it\/rotary-2024\/fr\/produits\/accessoires-ponts-elevateurs-fr\/systemes-de-soutien-fr\/kit-de-levage-iii\/"}],"lang":"fr","translations":{"fr":377547,"en":377545,"de":377546,"it":377548,"es":377549,"ru":377550},"pll_sync_post":[],"_links":{"self":[{"href":"https:\/\/dev.codekraft.it\/rotary-2024\/wp-json\/wp\/v2\/product\/377547","targetHints":{"allow":["GET"]}}],"collection":[{"href":"https:\/\/dev.codekraft.it\/rotary-2024\/wp-json\/wp\/v2\/product"}],"about":[{"href":"https:\/\/dev.codekraft.it\/rotary-2024\/wp-json\/wp\/v2\/types\/product"}],"wp:featuredmedia":[{"embeddable":true,"href":"https:\/\/dev.codekraft.it\/rotary-2024\/wp-json\/wp\/v2\/media\/373974"}],"wp:attachment":[{"href":"https:\/\/dev.codekraft.it\/rotary-2024\/wp-json\/wp\/v2\/media?parent=377547"}],"wp:term":[{"taxonomy":"product_cat","embeddable":true,"href":"https:\/\/dev.codekraft.it\/rotary-2024\/wp-json\/wp\/v2\/product_cat?post=377547"},{"taxonomy":"product_tag","embeddable":true,"href":"https:\/\/dev.codekraft.it\/rotary-2024\/wp-json\/wp\/v2\/product_tag?post=377547"},{"taxonomy":"product_approvals","embeddable":true,"href":"https:\/\/dev.codekraft.it\/rotary-2024\/wp-json\/wp\/v2\/product_approvals?post=377547"},{"taxonomy":"product_application","embeddable":true,"href":"https:\/\/dev.codekraft.it\/rotary-2024\/wp-json\/wp\/v2\/product_application?post=377547"}],"curies":[{"name":"wp","href":"https:\/\/api.w.org\/{rel}","templated":true}]}}