{"id":377517,"date":"2024-06-20T10:13:54","date_gmt":"2024-06-20T10:13:54","guid":{"rendered":"https:\/\/dev.codekraft.it\/rotary-2024\/products\/uncategorized\/securite-du-vehicule-v40\/"},"modified":"2024-06-20T10:13:54","modified_gmt":"2024-06-20T10:13:54","slug":"securite-du-vehicule-v40","status":"publish","type":"product","link":"https:\/\/dev.codekraft.it\/rotary-2024\/fr\/produits\/autres-produits-fr\/outils-speciaux-fr\/securite-du-vehicule-v40\/","title":{"rendered":"S\u00e9curit\u00e9 du v\u00e9hicule V40"},"content":{"rendered":"","protected":false},"excerpt":{"rendered":"<p>(Vito\/Viano)<\/p>\n","protected":false},"featured_media":348729,"template":"","meta":[],"product_cat":[1033378],"product_tag":[1034197,1034180],"product_approvals":[1014567,1014533,1014550],"product_application":[],"class_list":{"0":"post-377517","1":"product","2":"type-product","3":"status-publish","4":"has-post-thumbnail","6":"product_cat-outils-speciaux-fr","7":"product_tag-motor-homes-fr","8":"product_tag-light-commercial-fr","9":"product_approvals-maybach-fr","10":"product_approvals-mercedes-benz-fr","11":"product_approvals-smart-fr","13":"first","14":"instock","15":"shipping-taxable","16":"product-type-simple"},"approvals":[{"term_id":1014567,"name":"Maybach","slug":"maybach-fr","term_group":0,"term_taxonomy_id":1014566,"taxonomy":"product_approvals","description":"","parent":0,"count":33,"filter":"raw"},{"term_id":1014533,"name":"Mercedes-Benz","slug":"mercedes-benz-fr","term_group":0,"term_taxonomy_id":1014532,"taxonomy":"product_approvals","description":"","parent":0,"count":43,"filter":"raw"},{"term_id":1014550,"name":"Smart","slug":"smart-fr","term_group":0,"term_taxonomy_id":1014549,"taxonomy":"product_approvals","description":"","parent":0,"count":33,"filter":"raw"}],"application":[],"brb_media_brochure":[{"id":356550,"url":"https:\/\/dev.codekraft.it\/rotary-2024\/wp-content\/uploads\/brb_media\/00527943_special-tools-br-06-24-de-2024-06-screen.pdf","title":"Special tools BR 06 24 de 2024 06 screen","thumbnail":"https:\/\/dev.codekraft.it\/rotary-2024\/wp-content\/uploads\/brb_media\/00527943_special-tools-br-06-24-de-2024-06-screen-pdf-106x150.png","description":""},{"id":356551,"url":"https:\/\/dev.codekraft.it\/rotary-2024\/wp-content\/uploads\/brb_media\/00527944_special-tools-br-06-24-en-2024-06-screen.pdf","title":"Special tools BR 06 24 en 2024 06 screen","thumbnail":"https:\/\/dev.codekraft.it\/rotary-2024\/wp-content\/uploads\/brb_media\/00527944_special-tools-br-06-24-en-2024-06-screen-pdf-106x150.png","description":""}],"brb_media_drawing":"","brb_media_manuals":"","brb_media_safety_datasheets":"","brb_media_spare_parts":[],"_cdmm_p_id":"336","_company":"Elektron","_gtin":"4057612050837","accessories":[],"components":[],"related":[],"similar":[],"lang":"fr","translations":{"fr":377517,"en":377515,"de":377516,"it":377518,"es":377519,"ru":377520},"pll_sync_post":[],"_links":{"self":[{"href":"https:\/\/dev.codekraft.it\/rotary-2024\/wp-json\/wp\/v2\/product\/377517","targetHints":{"allow":["GET"]}}],"collection":[{"href":"https:\/\/dev.codekraft.it\/rotary-2024\/wp-json\/wp\/v2\/product"}],"about":[{"href":"https:\/\/dev.codekraft.it\/rotary-2024\/wp-json\/wp\/v2\/types\/product"}],"wp:featuredmedia":[{"embeddable":true,"href":"https:\/\/dev.codekraft.it\/rotary-2024\/wp-json\/wp\/v2\/media\/348729"}],"wp:attachment":[{"href":"https:\/\/dev.codekraft.it\/rotary-2024\/wp-json\/wp\/v2\/media?parent=377517"}],"wp:term":[{"taxonomy":"product_cat","embeddable":true,"href":"https:\/\/dev.codekraft.it\/rotary-2024\/wp-json\/wp\/v2\/product_cat?post=377517"},{"taxonomy":"product_tag","embeddable":true,"href":"https:\/\/dev.codekraft.it\/rotary-2024\/wp-json\/wp\/v2\/product_tag?post=377517"},{"taxonomy":"product_approvals","embeddable":true,"href":"https:\/\/dev.codekraft.it\/rotary-2024\/wp-json\/wp\/v2\/product_approvals?post=377517"},{"taxonomy":"product_application","embeddable":true,"href":"https:\/\/dev.codekraft.it\/rotary-2024\/wp-json\/wp\/v2\/product_application?post=377517"}],"curies":[{"name":"wp","href":"https:\/\/api.w.org\/{rel}","templated":true}]}}