{"id":377391,"date":"2025-03-25T14:01:11","date_gmt":"2025-03-25T14:01:11","guid":{"rendered":"https:\/\/dev.codekraft.it\/rotary-2024\/products\/uncategorized\/cric-hydraulique-typ-f1\/"},"modified":"2025-03-25T14:01:11","modified_gmt":"2025-03-25T14:01:11","slug":"cric-hydraulique-typ-f1","status":"publish","type":"product","link":"https:\/\/dev.codekraft.it\/rotary-2024\/fr\/produits\/accessoires-ponts-elevateurs-fr\/bordure-de-fosse-fr\/cric-hydraulique-typ-f1\/","title":{"rendered":"Cric hydraulique Typ F1"},"content":{"rendered":"<ul>\n<li>Pour fosses pour poids lourds et v\u00e9hicules surbaiss\u00e9s, sans chasse-roues, U220, DIN 1026<\/li>\n<\/ul>\n","protected":false},"excerpt":{"rendered":"<p>poids : 62,5 kg\/m, a = 940 mm, m\u00e8tre courant, galvanis\u00e9 (de chaque c\u00f4t\u00e9)<\/p>\n","protected":false},"featured_media":374250,"template":"","meta":[],"product_cat":[1033996],"product_tag":[1034145,1034128,1034197,1035648,1035682,1034262,1035665,1034180,1034231,1034214,1034163],"product_approvals":[],"product_application":[],"class_list":{"0":"post-377391","1":"product","2":"type-product","3":"status-publish","4":"has-post-thumbnail","6":"product_cat-bordure-de-fosse-fr","7":"product_tag-buses-fr","8":"product_tag-trucks-fr","9":"product_tag-motor-homes-fr","10":"product_tag-motorbikes-fr","11":"product_tag-quad-bikes-fr","12":"product_tag-remorques-fr","13":"product_tag-scooter-fr","14":"product_tag-light-commercial-fr","15":"product_tag-tracked-vehicles-fr","16":"product_tag-agricultural-machines-fr","17":"product_tag-passenger-cars-fr","19":"first","20":"instock","21":"shipping-taxable","22":"product-type-simple"},"approvals":[],"application":[],"brb_media_brochure":"","brb_media_drawing":"","brb_media_manuals":"","brb_media_safety_datasheets":"","brb_media_spare_parts":[],"_cdmm_p_id":"546","_company":"Elektron","_gtin":"4057612008029","accessories":[],"components":[],"related":[],"similar":[{"id":377397,"cdmm_p_id":"545","name":"Cric hydraulique Typ F1","description":"poids : 62,5 kg\/m, a = 940 mm, m\u00e8tre courant, peint d\u2019une couche de fond (de chaque c\u00f4t\u00e9)","thumbnail":"https:\/\/dev.codekraft.it\/rotary-2024\/wp-content\/uploads\/brb_media\/00023026_grbeinf-typ-f1_p-150x148.png","url":"https:\/\/dev.codekraft.it\/rotary-2024\/fr\/produits\/accessoires-ponts-elevateurs-fr\/bordure-de-fosse-fr\/cric-hydraulique-typ-f1-2\/"}],"lang":"fr","translations":{"fr":377391,"en":377389,"de":377390,"it":377392,"es":377393,"ru":377394},"pll_sync_post":[],"_links":{"self":[{"href":"https:\/\/dev.codekraft.it\/rotary-2024\/wp-json\/wp\/v2\/product\/377391","targetHints":{"allow":["GET"]}}],"collection":[{"href":"https:\/\/dev.codekraft.it\/rotary-2024\/wp-json\/wp\/v2\/product"}],"about":[{"href":"https:\/\/dev.codekraft.it\/rotary-2024\/wp-json\/wp\/v2\/types\/product"}],"wp:featuredmedia":[{"embeddable":true,"href":"https:\/\/dev.codekraft.it\/rotary-2024\/wp-json\/wp\/v2\/media\/374250"}],"wp:attachment":[{"href":"https:\/\/dev.codekraft.it\/rotary-2024\/wp-json\/wp\/v2\/media?parent=377391"}],"wp:term":[{"taxonomy":"product_cat","embeddable":true,"href":"https:\/\/dev.codekraft.it\/rotary-2024\/wp-json\/wp\/v2\/product_cat?post=377391"},{"taxonomy":"product_tag","embeddable":true,"href":"https:\/\/dev.codekraft.it\/rotary-2024\/wp-json\/wp\/v2\/product_tag?post=377391"},{"taxonomy":"product_approvals","embeddable":true,"href":"https:\/\/dev.codekraft.it\/rotary-2024\/wp-json\/wp\/v2\/product_approvals?post=377391"},{"taxonomy":"product_application","embeddable":true,"href":"https:\/\/dev.codekraft.it\/rotary-2024\/wp-json\/wp\/v2\/product_application?post=377391"}],"curies":[{"name":"wp","href":"https:\/\/api.w.org\/{rel}","templated":true}]}}