{"id":377387,"date":"2024-10-17T09:13:52","date_gmt":"2024-10-17T09:13:52","guid":{"rendered":"https:\/\/dev.codekraft.it\/rotary-2024\/products\/uncategorized\/cubierta-de-foso-por-segmentos\/"},"modified":"2024-10-17T09:13:52","modified_gmt":"2024-10-17T09:13:52","slug":"cubierta-de-foso-por-segmentos","status":"publish","type":"product","link":"https:\/\/dev.codekraft.it\/rotary-2024\/es\/productos\/accesorios-elevadores-es\/tapas-para-fosos-es\/cubierta-de-foso-por-segmentos\/","title":{"rendered":"Cubierta de foso por segmentos"},"content":{"rendered":"<ul>\n<li><strong>Completamente transitable:<\/strong> La capacidad de carga extraordinariamente alta permite un paso completo por encima de la cubierta (elementos de base hasta una carga carga por eje de 10 t, elementos extra\u00edbles hasta una carga de 5 t). <\/li>\n<li><strong>Flexibilidad I:<\/strong> Cada uno de los m\u00f3dulos de la cubierta puede ser empleado sin problemas para otros trabajos, por ejemplo, para el apoyo por medio de caballetes. <\/li>\n<li><strong>Ahorro de tiempo:<\/strong> \u00bfHa deseado siempre trabajar al mismo tiempo delante, debajo y detr\u00e1s del veh\u00edculo, y aprovechar tambi\u00e9n el acceso lateral? Con el cierre de foso por segmentos de BLITZ, no supone problema alguno. <\/li>\n<li><strong>Optimal acceso al veh\u00edculo: <\/strong>Como los elementos de la cubierta pueden ser retirados all\u00ed donde son necesarios, se obtiene un acceso \u00f3ptimo al veh\u00edculo. <\/li>\n<li><strong>Simplificaci\u00f3n del trabajo: <\/strong>No es mucho el esfuerzo necesario para extraer los elementos de la cubierta apoyados sobre ruedas. La creaci\u00f3n de superficies de paso (empleando medidas de seguridad adecuadas) puede efectuarse as\u00ed en pocos segundos. <\/li>\n<li><strong>Seguridad:<\/strong> Las partes no utilizadas del foso se pueden cubrir con rapidez y flexibilidad. De este modo se reduce al m\u00ednimo el peligro de accidentes en el puesto de trabajo. <\/li>\n<li><strong>Flexibilidad II:<\/strong> La longitud del foso corresponde a la longitud necesaria. El espacio sobrante puede ser empleado para trabajos secundarios. De este modo se aumenta la superficie \u00fatil b\u00e1sica del taller.<\/li>\n<\/ul>\n<p><strong>Nota:<\/strong> Componente est\u00e1ndar. La anchura del foso debe adaptarse en la fase de planificaci\u00f3n a la anchura de la cubierta del foso.<\/p>\n","protected":false},"excerpt":{"rendered":"<p>para fosos con estructura monol\u00edtica, metro lineal<\/p>\n","protected":false},"featured_media":374151,"template":"","meta":[],"product_brand":[],"product_cat":[1033988],"product_tag":[1034151,1034134,1034203,1034169,1034220,1035654,1035688,1034265,1035671,1034186,1034237],"product_approvals":[],"product_application":[],"class_list":{"0":"post-377387","1":"product","2":"type-product","3":"status-publish","4":"has-post-thumbnail","6":"product_cat-tapas-para-fosos-es","7":"product_tag-buses-es","8":"product_tag-trucks-es","9":"product_tag-motor-homes-es","10":"product_tag-passenger-cars-es","11":"product_tag-agricultural-machines-es","12":"product_tag-motorbikes-es","13":"product_tag-quad-bikes-es","14":"product_tag-remolques-es","15":"product_tag-scooter-es","16":"product_tag-light-commercial-es","17":"product_tag-tracked-vehicles-es","19":"first","20":"instock","21":"shipping-taxable","22":"product-type-simple"},"approvals":[],"application":[],"brb_media_brochure":"","brb_media_drawing":"","brb_media_manuals":[{"id":374152,"url":"https:\/\/dev.codekraft.it\/rotary-2024\/wp-content\/uploads\/brb_media\/00061536_segment-pit-covering-om-de-2008-06-screen.pdf","title":"segment pit covering om de 2008 06 screen","mpn":"","thumbnail":"https:\/\/dev.codekraft.it\/rotary-2024\/wp-content\/uploads\/brb_media\/00061536_segment-pit-covering-om-de-2008-06-screen-pdf-106x150.png","description":""},{"id":374153,"url":"https:\/\/dev.codekraft.it\/rotary-2024\/wp-content\/uploads\/brb_media\/00061537_segment-pit-covering-om-en-2008-06-screen.pdf","title":"segment pit covering om en 2008 06 screen","mpn":"","thumbnail":"https:\/\/dev.codekraft.it\/rotary-2024\/wp-content\/uploads\/brb_media\/00061537_segment-pit-covering-om-en-2008-06-screen-pdf-106x150.png","description":""}],"brb_media_safety_datasheets":"","brb_media_spare_parts":[],"_cdmm_p_id":"520","_company":"Elektron","_gtin":"4057612029130","accessories":[],"components":[],"related":[],"page_logo_src":"https:\/\/dev.codekraft.it\/rotary-2024\/wp-content\/uploads\/2026\/04\/rotary-negative-logo.png","pll_sync_post":{},"lang":"es","translations":{"es":377387,"en":377383,"de":377384,"fr":377385,"it":377386,"ru":377388},"_links":{"self":[{"href":"https:\/\/dev.codekraft.it\/rotary-2024\/wp-json\/wp\/v2\/product\/377387","targetHints":{"allow":["GET"]}}],"collection":[{"href":"https:\/\/dev.codekraft.it\/rotary-2024\/wp-json\/wp\/v2\/product"}],"about":[{"href":"https:\/\/dev.codekraft.it\/rotary-2024\/wp-json\/wp\/v2\/types\/product"}],"wp:featuredmedia":[{"embeddable":true,"href":"https:\/\/dev.codekraft.it\/rotary-2024\/wp-json\/wp\/v2\/media\/374151"}],"wp:attachment":[{"href":"https:\/\/dev.codekraft.it\/rotary-2024\/wp-json\/wp\/v2\/media?parent=377387"}],"wp:term":[{"taxonomy":"product_brand","embeddable":true,"href":"https:\/\/dev.codekraft.it\/rotary-2024\/wp-json\/wp\/v2\/product_brand?post=377387"},{"taxonomy":"product_cat","embeddable":true,"href":"https:\/\/dev.codekraft.it\/rotary-2024\/wp-json\/wp\/v2\/product_cat?post=377387"},{"taxonomy":"product_tag","embeddable":true,"href":"https:\/\/dev.codekraft.it\/rotary-2024\/wp-json\/wp\/v2\/product_tag?post=377387"},{"taxonomy":"product_approvals","embeddable":true,"href":"https:\/\/dev.codekraft.it\/rotary-2024\/wp-json\/wp\/v2\/product_approvals?post=377387"},{"taxonomy":"product_application","embeddable":true,"href":"https:\/\/dev.codekraft.it\/rotary-2024\/wp-json\/wp\/v2\/product_application?post=377387"}],"curies":[{"name":"wp","href":"https:\/\/api.w.org\/{rel}","templated":true}]}}