{"id":377386,"date":"2024-10-17T09:13:45","date_gmt":"2024-10-17T09:13:45","guid":{"rendered":"https:\/\/dev.codekraft.it\/rotary-2024\/products\/uncategorized\/copertura-per-fossa-a-segmenti\/"},"modified":"2024-10-17T09:13:45","modified_gmt":"2024-10-17T09:13:45","slug":"copertura-per-fossa-a-segmenti","status":"publish","type":"product","link":"https:\/\/dev.codekraft.it\/rotary-2024\/it\/prodotti\/accessori-ponti-sollevatori-it\/coperture-per-fosse-it\/copertura-per-fossa-a-segmenti\/","title":{"rendered":"Copertura per fossa a segmenti"},"content":{"rendered":"<ul>\n<li><strong>Percorribilit\u00e0 totale:<\/strong> La portata particolarmente elevata consente una percorribilit\u00e0 totale (per gli elementi della base fino a 10 t di carico sugli assi, per gli elementi estraibili fino a 5 t di carico ruota). <\/li>\n<li><strong>Flessibilit\u00e0 I:<\/strong> Ogni dispositivo per spingere la copertura pu\u00f2 essere utilizzato senza problemi anche per altri scopi, ad esempio per il supporto dei blocchi di appoggio. <\/li>\n<li><strong>Risparmio di tempo:<\/strong> Volevate gi\u00e0 da sempre lavorare davanti, dietro e di sotto il veicolo ed anche utilizzare l&#8217;accesso laterale. Con la copertura modulare della BLITZ non c&#8217;\u00e9 alcun problema. <\/li>\n<li><strong>Accessibilit\u00e0 ottimale all&#8217;automezzo:<\/strong> Poich\u00e9 gli elementi di copertura possono essere tirati per coprire la zona che si preferisce, \u00e8 possibile ottenere un&#8217; accessibilit\u00e0 totale all&#8217;automezzo. <\/li>\n<li><strong>Facilitazione del lavoro:<\/strong> Il dispendio di energia per estrarre gli elementi di copertura appoggiati sui rulli \u00e8 limitato. I passaggio nelle fosse (utilizzando le misure di sicurezza necessarie) avviene in pochi secondi. <\/li>\n<li><strong>Sicurezza:<\/strong> Le zone non utilizzate della fossa possono essere ricoperte in maniera flessibile e veloce. Il rischio di infortuni sul posto di lavoro \u00e8 ridotto al minimo. <\/li>\n<li><strong>Flessibilit\u00e0 II:<\/strong> La lunghezza della fossa corrisponde alla lunghezza totale necessaria. Lo spazio in eccesso pu\u00f2 essere utilizzato per altri interventi. Cos\u00ed la base dell&#8217;officina aumenta, sfruttandola in questo modo.<\/li>\n<\/ul>\n<p><strong><\/strong><\/p>\n<p><strong>Nota:<\/strong> Componente standard! La larghezza della fossa deve essere adattata nella fase di pianificazione alla larghezza della copertura per fossa.<\/p>\n","protected":false},"excerpt":{"rendered":"<p>per fosse di tipo monolitico, mtr. lin.<\/p>\n","protected":false},"featured_media":374151,"template":"","meta":[],"product_brand":[],"product_cat":[1033986],"product_tag":[1034166,1034148,1034131,1034200,1034183,1034217,1035651,1035685,1035668,1034251,1034234],"product_approvals":[],"product_application":[],"class_list":{"0":"post-377386","1":"product","2":"type-product","3":"status-publish","4":"has-post-thumbnail","6":"product_cat-coperture-per-fosse-it","7":"product_tag-passenger-cars-it","8":"product_tag-buses-it","9":"product_tag-trucks-it","10":"product_tag-motor-homes-it","11":"product_tag-light-commercial-it","12":"product_tag-agricultural-machines-it","13":"product_tag-motorbikes-it","14":"product_tag-quad-bikes-it","15":"product_tag-scooter-it","16":"product_tag-trailer-it","17":"product_tag-tracked-vehicles-it","19":"first","20":"instock","21":"shipping-taxable","22":"product-type-simple"},"approvals":[],"application":[],"brb_media_brochure":"","brb_media_drawing":"","brb_media_manuals":[{"id":374152,"url":"https:\/\/dev.codekraft.it\/rotary-2024\/wp-content\/uploads\/brb_media\/00061536_segment-pit-covering-om-de-2008-06-screen.pdf","title":"segment pit covering om de 2008 06 screen","mpn":"","thumbnail":"https:\/\/dev.codekraft.it\/rotary-2024\/wp-content\/uploads\/brb_media\/00061536_segment-pit-covering-om-de-2008-06-screen-pdf-106x150.png","description":""},{"id":374153,"url":"https:\/\/dev.codekraft.it\/rotary-2024\/wp-content\/uploads\/brb_media\/00061537_segment-pit-covering-om-en-2008-06-screen.pdf","title":"segment pit covering om en 2008 06 screen","mpn":"","thumbnail":"https:\/\/dev.codekraft.it\/rotary-2024\/wp-content\/uploads\/brb_media\/00061537_segment-pit-covering-om-en-2008-06-screen-pdf-106x150.png","description":""}],"brb_media_safety_datasheets":"","brb_media_spare_parts":[],"_cdmm_p_id":"520","_company":"Elektron","_gtin":"4057612029130","accessories":[],"components":[],"related":[],"page_logo_src":"https:\/\/dev.codekraft.it\/rotary-2024\/wp-content\/uploads\/2026\/04\/rotary-negative-logo.png","lang":"it","translations":{"it":377386,"en":377383,"de":377384,"fr":377385,"es":377387,"ru":377388},"pll_sync_post":[],"_links":{"self":[{"href":"https:\/\/dev.codekraft.it\/rotary-2024\/wp-json\/wp\/v2\/product\/377386","targetHints":{"allow":["GET"]}}],"collection":[{"href":"https:\/\/dev.codekraft.it\/rotary-2024\/wp-json\/wp\/v2\/product"}],"about":[{"href":"https:\/\/dev.codekraft.it\/rotary-2024\/wp-json\/wp\/v2\/types\/product"}],"wp:featuredmedia":[{"embeddable":true,"href":"https:\/\/dev.codekraft.it\/rotary-2024\/wp-json\/wp\/v2\/media\/374151"}],"wp:attachment":[{"href":"https:\/\/dev.codekraft.it\/rotary-2024\/wp-json\/wp\/v2\/media?parent=377386"}],"wp:term":[{"taxonomy":"product_brand","embeddable":true,"href":"https:\/\/dev.codekraft.it\/rotary-2024\/wp-json\/wp\/v2\/product_brand?post=377386"},{"taxonomy":"product_cat","embeddable":true,"href":"https:\/\/dev.codekraft.it\/rotary-2024\/wp-json\/wp\/v2\/product_cat?post=377386"},{"taxonomy":"product_tag","embeddable":true,"href":"https:\/\/dev.codekraft.it\/rotary-2024\/wp-json\/wp\/v2\/product_tag?post=377386"},{"taxonomy":"product_approvals","embeddable":true,"href":"https:\/\/dev.codekraft.it\/rotary-2024\/wp-json\/wp\/v2\/product_approvals?post=377386"},{"taxonomy":"product_application","embeddable":true,"href":"https:\/\/dev.codekraft.it\/rotary-2024\/wp-json\/wp\/v2\/product_application?post=377386"}],"curies":[{"name":"wp","href":"https:\/\/api.w.org\/{rel}","templated":true}]}}