{"id":377384,"date":"2024-10-17T09:13:19","date_gmt":"2024-10-17T09:13:19","guid":{"rendered":"https:\/\/dev.codekraft.it\/rotary-2024\/products\/uncategorized\/segment-grubenabdeckung\/"},"modified":"2024-10-17T09:13:19","modified_gmt":"2024-10-17T09:13:19","slug":"segment-grubenabdeckung","status":"publish","type":"product","link":"https:\/\/dev.codekraft.it\/rotary-2024\/produkte\/zubehor-hebebuhnen-de\/segmentgrubenabdeckungen-de\/segment-grubenabdeckung\/","title":{"rendered":"Segment-Grubenabdeckung"},"content":{"rendered":"<ul>\n<li><strong>Vollst\u00e4ndige \u00dcberfahrbarkeit:<\/strong> Die besonders hohe Tragf\u00e4higkeit erm\u00f6glicht eine vollst\u00e4ndige \u00dcberfahrbarkeit (Bodenelemente bis 10 t Achslast, Auszugselemente bis 5 t Radlast). <\/li>\n<li><strong>Flexibilit\u00e4t I:<\/strong> Jeder einzelne Abdeckschieber l\u00e4\u00dft sich problemlos auch f\u00fcr andere Aufgaben einsetzen, beispielsweise zur Abst\u00fctzung mittels Abst\u00fctzb\u00f6cken. <\/li>\n<li><strong>Zeitgewinn:<\/strong> Sie wollten schon immer zugleich vor, unter und hinter dem Fahrzeug arbeiten und auch den seitlich Zugang nutzen. Mit der Segment-Grubenabdeckung von BLITZ kein Problem. <\/li>\n<li><strong>Optimaler Fahrzeugzugang:<\/strong> Da die Abdeckelemente dort ausgezogen werden k\u00f6nnen, wo sie ben\u00f6tigt werden, wird ein maximaler Zugang am Fahrzeug erreicht. <\/li>\n<li><strong>Arbeitserleichterung:<\/strong> Der Kraftaufwand f\u00fcr das Herausziehen der auf Rollen gelagerten Abdeckelemente ist gering. Die Schaffung von Gruben\u00fcberg\u00e4ngen (unter Verwendung geeigneter Sicherheitsma\u00dfnahmen) erfolgt dadurch innerhalb weniger Sekunden. <\/li>\n<li><strong>Sicherheit:<\/strong> Ungenutzte Grubenbereiche lassen sich schnell und flexibel abdecken. Die Unfallgefahr am Arbeitsplatz sinkt dadurch auf ein Minimum. <\/li>\n<li><strong>Flexibilit\u00e4t II:<\/strong> Die Grubenl\u00e4nge entspricht der notwendigen L\u00e4nge. Der \u00fcbersch\u00fcssige Raum kann f\u00fcr Nebenarbeiten herangezogen werden. Die real nutzbare Grundfl\u00e4che der Werkstatt nimmt zu.<\/li>\n<\/ul>\n<p><strong>Hinweis:<\/strong> Standardbauteil! Grubenbreite mu\u00df in Planungsphase an Breite der Grubenabdeckung angepa\u00dft werden.<\/p>\n","protected":false},"excerpt":{"rendered":"<p>f\u00fcr Gruben in monolithischer Bauart, lfd. Meter<\/p>\n","protected":false},"featured_media":374151,"template":"","meta":[],"product_cat":[1033982],"product_tag":[1034260,1034143,1034229,1034212,1034126,1035646,1035663,1034161,1035680,1034178,1034195],"product_approvals":[],"product_application":[],"class_list":{"0":"post-377384","1":"product","2":"type-product","3":"status-publish","4":"has-post-thumbnail","6":"product_cat-segmentgrubenabdeckungen-de","7":"product_tag-anhanger-de","8":"product_tag-buses-de","9":"product_tag-tracked-vehicles-de","10":"product_tag-agricultural-machines-de","11":"product_tag-trucks-de","12":"product_tag-motorbikes-de","13":"product_tag-scooter-de","14":"product_tag-passenger-cars-de","15":"product_tag-quad-bikes-de","16":"product_tag-light-commercial-de","17":"product_tag-motor-homes-de","19":"first","20":"instock","21":"shipping-taxable","22":"product-type-simple"},"approvals":[],"application":[],"brb_media_brochure":"","brb_media_drawing":"","brb_media_manuals":[{"id":374152,"url":"https:\/\/dev.codekraft.it\/rotary-2024\/wp-content\/uploads\/brb_media\/00061536_segment-pit-covering-om-de-2008-06-screen.pdf","title":"segment pit covering om de 2008 06 screen","mpn":"","thumbnail":"https:\/\/dev.codekraft.it\/rotary-2024\/wp-content\/uploads\/brb_media\/00061536_segment-pit-covering-om-de-2008-06-screen-pdf-106x150.png","description":""},{"id":374153,"url":"https:\/\/dev.codekraft.it\/rotary-2024\/wp-content\/uploads\/brb_media\/00061537_segment-pit-covering-om-en-2008-06-screen.pdf","title":"segment pit covering om en 2008 06 screen","mpn":"","thumbnail":"https:\/\/dev.codekraft.it\/rotary-2024\/wp-content\/uploads\/brb_media\/00061537_segment-pit-covering-om-en-2008-06-screen-pdf-106x150.png","description":""}],"brb_media_safety_datasheets":"","brb_media_spare_parts":[],"_cdmm_p_id":"520","_company":"Elektron","_gtin":"4057612029130","accessories":[],"components":[],"related":[],"page_logo_src":"https:\/\/dev.codekraft.it\/rotary-2024\/wp-content\/uploads\/2024\/05\/cropped-rotary-logo-2022.png","lang":"de","translations":{"de":377384,"en":377383,"fr":377385,"it":377386,"es":377387,"ru":377388},"pll_sync_post":[],"_links":{"self":[{"href":"https:\/\/dev.codekraft.it\/rotary-2024\/wp-json\/wp\/v2\/product\/377384","targetHints":{"allow":["GET"]}}],"collection":[{"href":"https:\/\/dev.codekraft.it\/rotary-2024\/wp-json\/wp\/v2\/product"}],"about":[{"href":"https:\/\/dev.codekraft.it\/rotary-2024\/wp-json\/wp\/v2\/types\/product"}],"wp:featuredmedia":[{"embeddable":true,"href":"https:\/\/dev.codekraft.it\/rotary-2024\/wp-json\/wp\/v2\/media\/374151"}],"wp:attachment":[{"href":"https:\/\/dev.codekraft.it\/rotary-2024\/wp-json\/wp\/v2\/media?parent=377384"}],"wp:term":[{"taxonomy":"product_cat","embeddable":true,"href":"https:\/\/dev.codekraft.it\/rotary-2024\/wp-json\/wp\/v2\/product_cat?post=377384"},{"taxonomy":"product_tag","embeddable":true,"href":"https:\/\/dev.codekraft.it\/rotary-2024\/wp-json\/wp\/v2\/product_tag?post=377384"},{"taxonomy":"product_approvals","embeddable":true,"href":"https:\/\/dev.codekraft.it\/rotary-2024\/wp-json\/wp\/v2\/product_approvals?post=377384"},{"taxonomy":"product_application","embeddable":true,"href":"https:\/\/dev.codekraft.it\/rotary-2024\/wp-json\/wp\/v2\/product_application?post=377384"}],"curies":[{"name":"wp","href":"https:\/\/api.w.org\/{rel}","templated":true}]}}