{"id":377379,"date":"2024-10-17T09:13:37","date_gmt":"2024-10-17T09:13:37","guid":{"rendered":"https:\/\/dev.codekraft.it\/rotary-2024\/products\/uncategorized\/extension-de-fosse-busstop\/"},"modified":"2024-10-17T09:13:37","modified_gmt":"2024-10-17T09:13:37","slug":"extension-de-fosse-busstop","status":"publish","type":"product","link":"https:\/\/dev.codekraft.it\/rotary-2024\/fr\/produits\/accessoires-ponts-elevateurs-fr\/recouvrement-de-fosse-fr\/extension-de-fosse-busstop\/","title":{"rendered":"Extension de fosse BusStop"},"content":{"rendered":"<p><strong>Etape 1<\/strong><\/p>\n<p>Tout d&#8217;abord, les deux caillebotis sont retir\u00e9s du sol de l&#8217;atelier. L&#8217;espace ainsi lib\u00e9r\u00e9 permet de d\u00e9caler la plate-forme.<\/p>\n<p><strong>Etape 2<\/strong><\/p>\n<p>Au cours de la deuxi\u00e8me \u00e9tape, la plate-forme pouvant \u00eatre d\u00e9cal\u00e9e est amen\u00e9e sur sa position de stationnement. L&#8217;ouverture suppl\u00e9mentaire dans le sol de l&#8217;atelier permet un acc\u00e8s libre \u00e0 tous les groupes situ\u00e9s \u00e0 l&#8217;ext\u00e9rieur sur le v\u00e9hicule.<\/p>\n","protected":false},"excerpt":{"rendered":"<p>Segment t\u00e9l\u00e9scopique<\/p>\n","protected":false},"featured_media":374163,"template":"","meta":[],"product_brand":[],"product_cat":[1033984],"product_tag":[1034145,1034128,1034197,1035648,1035682,1034262,1035665,1034180,1034231,1034214,1034163],"product_approvals":[],"product_application":[],"class_list":{"0":"post-377379","1":"product","2":"type-product","3":"status-publish","4":"has-post-thumbnail","6":"product_cat-recouvrement-de-fosse-fr","7":"product_tag-buses-fr","8":"product_tag-trucks-fr","9":"product_tag-motor-homes-fr","10":"product_tag-motorbikes-fr","11":"product_tag-quad-bikes-fr","12":"product_tag-remorques-fr","13":"product_tag-scooter-fr","14":"product_tag-light-commercial-fr","15":"product_tag-tracked-vehicles-fr","16":"product_tag-agricultural-machines-fr","17":"product_tag-passenger-cars-fr","19":"first","20":"instock","21":"shipping-taxable","22":"product-type-simple"},"approvals":[],"application":[],"brb_media_brochure":"","brb_media_drawing":"","brb_media_manuals":"","brb_media_safety_datasheets":"","brb_media_spare_parts":[],"_cdmm_p_id":"522","_company":"Elektron","_gtin":"","accessories":[],"components":[],"related":[],"page_logo_src":"https:\/\/dev.codekraft.it\/rotary-2024\/wp-content\/uploads\/2024\/05\/cropped-rotary-logo-2022.png","lang":"fr","translations":{"fr":377379,"en":377377,"de":377378,"it":377380,"es":377381,"ru":377382},"pll_sync_post":[],"_links":{"self":[{"href":"https:\/\/dev.codekraft.it\/rotary-2024\/wp-json\/wp\/v2\/product\/377379","targetHints":{"allow":["GET"]}}],"collection":[{"href":"https:\/\/dev.codekraft.it\/rotary-2024\/wp-json\/wp\/v2\/product"}],"about":[{"href":"https:\/\/dev.codekraft.it\/rotary-2024\/wp-json\/wp\/v2\/types\/product"}],"wp:featuredmedia":[{"embeddable":true,"href":"https:\/\/dev.codekraft.it\/rotary-2024\/wp-json\/wp\/v2\/media\/374163"}],"wp:attachment":[{"href":"https:\/\/dev.codekraft.it\/rotary-2024\/wp-json\/wp\/v2\/media?parent=377379"}],"wp:term":[{"taxonomy":"product_brand","embeddable":true,"href":"https:\/\/dev.codekraft.it\/rotary-2024\/wp-json\/wp\/v2\/product_brand?post=377379"},{"taxonomy":"product_cat","embeddable":true,"href":"https:\/\/dev.codekraft.it\/rotary-2024\/wp-json\/wp\/v2\/product_cat?post=377379"},{"taxonomy":"product_tag","embeddable":true,"href":"https:\/\/dev.codekraft.it\/rotary-2024\/wp-json\/wp\/v2\/product_tag?post=377379"},{"taxonomy":"product_approvals","embeddable":true,"href":"https:\/\/dev.codekraft.it\/rotary-2024\/wp-json\/wp\/v2\/product_approvals?post=377379"},{"taxonomy":"product_application","embeddable":true,"href":"https:\/\/dev.codekraft.it\/rotary-2024\/wp-json\/wp\/v2\/product_application?post=377379"}],"curies":[{"name":"wp","href":"https:\/\/api.w.org\/{rel}","templated":true}]}}