{"id":377375,"date":"2025-12-11T10:11:27","date_gmt":"2025-12-11T10:11:27","guid":{"rendered":"https:\/\/dev.codekraft.it\/rotary-2024\/products\/uncategorized\/elevador-para-liberar-ejes-ghusktp-14-14\/"},"modified":"2025-12-11T10:11:27","modified_gmt":"2025-12-11T10:11:27","slug":"elevador-para-liberar-ejes-ghusktp-14-14","status":"publish","type":"product","link":"https:\/\/dev.codekraft.it\/rotary-2024\/es\/productos\/elevadores-es\/gatos-traviesas-es\/elevador-para-liberar-ejes-ghusktp-14-14\/","title":{"rendered":"Elevador para liberar ejes GHUSKTP 14\/14"},"content":{"rendered":"<ul>\n<li><strong>Completo:<\/strong> Dos juegos de prolongaciones y un adaptador para la elevaci\u00f3n central forman parte de su equipamiento standard. Estos est\u00e1n directa y c\u00f3modamente integrados al elevador.<\/li>\n<li><strong>Funcionamiento suave:<\/strong> La disposici\u00f3n de los rodamientos de agujas de serie de las ruedas del bastidor permite un desplazamiento sin esfuerzos del elevador dentro del foso.<\/li>\n<li><strong>Ahorro de tiempo:<\/strong> El retroceso forzado mec\u00e1nico permite realizar una bajada r\u00e1pida del pist\u00f3n, sin carga. Al contrario de lo que sucede en los elevadores convencionales, aqu\u00ed el pist\u00f3n es pr\u00e1cticamente \u00bbconducido\u00bb a su posici\u00f3n de reposo.<\/li>\n<li><strong>Precisi\u00f3n<\/strong>: Con ayuda de la carrera de precisi\u00f3n en progresi\u00f3n continua es posible realizar un ajuste exacto del elevador en el veh\u00edculo. Lo cual es sumamente importante durante un levantamiento sensible, as\u00ed como para el empleo de grupos.<\/li>\n<li><strong>Ahorro de fuerza:<\/strong> La elevaci\u00f3n de la carga a trav\u00e9s de un motor neum\u00e1tico posibilita un levantamiento de la carga pulsando un bot\u00f3n sin la necesidad de fuerza humana.<\/li>\n<li><strong>Larga vida:<\/strong> Tanto el pist\u00f3n de elevaci\u00f3n como el \u00e9mbolo de la bomba disponen de un cromado duro como medida de protecci\u00f3n contra la corrosi\u00f3n y el desgaste.<\/li>\n<li><strong>Chasis de seguridad transversal rebajable bajo carga:<\/strong> A partir de aprox. 800 kg. de carga se elimina la desplazabilidad bajo carga. Adem\u00e1s, se alcanza un tipo de construcci\u00f3n especialmente plano.<\/li>\n<li>1\u00aa y 2\u00aa etapa 14 toneladas de capacidad de carga cada una<\/li>\n<\/ul>\n","protected":false},"excerpt":{"rendered":"<p>14\/14 t, 330 mm carrera, neumohidr\u00e1ulico, gato de eje central, telesc\u00f3pico de 2 pliegues, presi\u00f3n de trabajo 10 bar, di\u00e1metro de la clavija 55 mm<\/p>\n","protected":false},"featured_media":348373,"template":"","meta":[],"product_cat":[1033888],"product_tag":[1034151,1034134,1034203,1034186],"product_approvals":[],"product_application":[],"class_list":{"0":"post-377375","1":"product","2":"type-product","3":"status-publish","4":"has-post-thumbnail","6":"product_cat-gatos-traviesas-es","7":"product_tag-buses-es","8":"product_tag-trucks-es","9":"product_tag-motor-homes-es","10":"product_tag-light-commercial-es","12":"first","13":"instock","14":"shipping-taxable","15":"product-type-simple"},"approvals":[],"application":[],"brb_media_brochure":[{"id":348374,"url":"https:\/\/dev.codekraft.it\/rotary-2024\/wp-content\/uploads\/brb_media\/00367747_pit-lift-suspended-br-de-2017-03-screen.pdf","title":"pit lift suspended br de 2017 03 screen","thumbnail":"https:\/\/dev.codekraft.it\/rotary-2024\/wp-content\/uploads\/brb_media\/00367747_pit-lift-suspended-br-de-2017-03-screen-pdf-150x106.png","description":""},{"id":348375,"url":"https:\/\/dev.codekraft.it\/rotary-2024\/wp-content\/uploads\/brb_media\/00367748_pit-lift-suspended-br-en-2017-03-screen.pdf","title":"pit lift suspended br en 2017 03 screen","thumbnail":"https:\/\/dev.codekraft.it\/rotary-2024\/wp-content\/uploads\/brb_media\/00367748_pit-lift-suspended-br-en-2017-03-screen-pdf-150x106.png","description":""},{"id":376145,"url":"https:\/\/dev.codekraft.it\/rotary-2024\/wp-content\/uploads\/brb_media\/00367750_pit-lift-suspended-br-fr-2017-03-screen.pdf","title":"pit lift suspended br fr 2017 03 screen","thumbnail":"https:\/\/dev.codekraft.it\/rotary-2024\/wp-content\/uploads\/brb_media\/00367750_pit-lift-suspended-br-fr-2017-03-screen-pdf-150x106.png","description":""},{"id":348377,"url":"https:\/\/dev.codekraft.it\/rotary-2024\/wp-content\/uploads\/brb_media\/00378573_pit-lift-suspended-br-it-2017-03-screen.pdf","title":"pit lift suspended br it 2017 03 screen","thumbnail":"https:\/\/dev.codekraft.it\/rotary-2024\/wp-content\/uploads\/brb_media\/00378573_pit-lift-suspended-br-it-2017-03-screen-pdf-150x106.png","description":""},{"id":348378,"url":"https:\/\/dev.codekraft.it\/rotary-2024\/wp-content\/uploads\/brb_media\/00367752_pit-lift-suspended-br-es-2017-03-screen.pdf","title":"pit lift suspended br es 2017 03 screen","thumbnail":"https:\/\/dev.codekraft.it\/rotary-2024\/wp-content\/uploads\/brb_media\/00367752_pit-lift-suspended-br-es-2017-03-screen-pdf-150x106.png","description":""},{"id":376146,"url":"https:\/\/dev.codekraft.it\/rotary-2024\/wp-content\/uploads\/brb_media\/00367753_pit-lift-suspended-br-ru-2017-03-screen.pdf","title":"pit lift suspended br ru 2017 03 screen","thumbnail":"https:\/\/dev.codekraft.it\/rotary-2024\/wp-content\/uploads\/brb_media\/00367753_pit-lift-suspended-br-ru-2017-03-screen-pdf-150x106.png","description":""}],"brb_media_drawing":"","brb_media_manuals":[{"id":375255,"url":"https:\/\/dev.codekraft.it\/rotary-2024\/wp-content\/uploads\/brb_media\/00535434_pit-jacks-suspended-om-dc-sp-126600_de_2024-02-rev-f.pdf","title":"pit jacks suspended om dc sp 126600 de 2024 02 rev f","thumbnail":"https:\/\/dev.codekraft.it\/rotary-2024\/wp-content\/uploads\/brb_media\/00535434_pit-jacks-suspended-om-dc-sp-126600_de_2024-02-rev-f-pdf-106x150.png","description":""},{"id":375256,"url":"https:\/\/dev.codekraft.it\/rotary-2024\/wp-content\/uploads\/brb_media\/00535435_pit-jacks-suspended-om-dc-sp-126867-en-2024-02-rev-f.pdf","title":"pit jacks suspended om dc sp 126867 en 2024 02 rev f","thumbnail":"https:\/\/dev.codekraft.it\/rotary-2024\/wp-content\/uploads\/brb_media\/00535435_pit-jacks-suspended-om-dc-sp-126867-en-2024-02-rev-f-pdf-106x150.png","description":""},{"id":375257,"url":"https:\/\/dev.codekraft.it\/rotary-2024\/wp-content\/uploads\/brb_media\/00535436_pit-jacks-suspended-om-dc-sp-126868_fr-2024-02-rev-f.pdf","title":"pit jacks suspended om dc sp 126868 fr 2024 02 rev f","thumbnail":"https:\/\/dev.codekraft.it\/rotary-2024\/wp-content\/uploads\/brb_media\/00535436_pit-jacks-suspended-om-dc-sp-126868_fr-2024-02-rev-f-pdf-106x150.png","description":""},{"id":375258,"url":"https:\/\/dev.codekraft.it\/rotary-2024\/wp-content\/uploads\/brb_media\/00535437_pit-jacks-suspended-om-dc-sp-126869_it-2024-02-rev-f.pdf","title":"pit jacks suspended om dc sp 126869 it 2024 02 rev f","thumbnail":"https:\/\/dev.codekraft.it\/rotary-2024\/wp-content\/uploads\/brb_media\/00535437_pit-jacks-suspended-om-dc-sp-126869_it-2024-02-rev-f-pdf-106x150.png","description":""},{"id":375259,"url":"https:\/\/dev.codekraft.it\/rotary-2024\/wp-content\/uploads\/brb_media\/00535438_pit-jacks-suspended-om-dc-sp-126872_es-2024-02-rev-f.pdf","title":"pit jacks suspended om dc sp 126872 es 2024 02 rev f","thumbnail":"https:\/\/dev.codekraft.it\/rotary-2024\/wp-content\/uploads\/brb_media\/00535438_pit-jacks-suspended-om-dc-sp-126872_es-2024-02-rev-f-pdf-106x150.png","description":""},{"id":375260,"url":"https:\/\/dev.codekraft.it\/rotary-2024\/wp-content\/uploads\/brb_media\/00535439_pit-jacks-suspended-om-dc-sp-126871_ru-2024-02-rev-f.pdf","title":"pit jacks suspended om dc sp 126871 ru 2024 02 rev f","thumbnail":"https:\/\/dev.codekraft.it\/rotary-2024\/wp-content\/uploads\/brb_media\/00535439_pit-jacks-suspended-om-dc-sp-126871_ru-2024-02-rev-f-pdf-106x150.png","description":""},{"id":375261,"url":"https:\/\/dev.codekraft.it\/rotary-2024\/wp-content\/uploads\/brb_media\/00535440_pit-jacks-suspended-om-dc-sp-126870_nl-2024-02-rev-f.pdf","title":"pit jacks suspended om dc sp 126870 nl 2024 02 rev f","thumbnail":"https:\/\/dev.codekraft.it\/rotary-2024\/wp-content\/uploads\/brb_media\/00535440_pit-jacks-suspended-om-dc-sp-126870_nl-2024-02-rev-f-pdf-106x150.png","description":""}],"brb_media_safety_datasheets":"","brb_media_spare_parts":[],"_cdmm_p_id":"12","_company":"Elektron","_gtin":"4057612011456","accessories":[{"id":377951,"cdmm_p_id":"173","name":"Taco X","description":"Abrazadera de acero | capacidad de carga 20 t, espiga \u00d8 55 mm | 1 pieza","thumbnail":"https:\/\/dev.codekraft.it\/rotary-2024\/wp-content\/uploads\/brb_media\/00023151_x-ohne-text_web-150x150.png","url":"https:\/\/dev.codekraft.it\/rotary-2024\/es\/productos\/accesorios-elevadores-es\/dispositivos-de-transporte-de-carga-es\/taco-x-2\/"},{"id":377933,"cdmm_p_id":"176","name":"Taco R","description":"Placa de soporte, almohadilla de goma, redondo | capacidad de carga 15 t, espiga \u00d8 55 mm | 1 pieza","thumbnail":"https:\/\/dev.codekraft.it\/rotary-2024\/wp-content\/uploads\/brb_media\/00023129_r-ohne-text_web-150x150.png","url":"https:\/\/dev.codekraft.it\/rotary-2024\/es\/productos\/accesorios-elevadores-es\/dispositivos-de-transporte-de-carga-es\/taco-r\/"}],"components":[],"related":[],"similar":[{"id":377351,"cdmm_p_id":"17","name":"Elevador para liberar ejes GHUSKTP 4\/4","description":"4\/4 t, 330 mm carrera, neumohidr\u00e1ulico","thumbnail":"https:\/\/dev.codekraft.it\/rotary-2024\/wp-content\/uploads\/brb_media\/00022493-150x150.png","url":"https:\/\/dev.codekraft.it\/rotary-2024\/es\/productos\/elevadores-es\/gatos-traviesas-es\/elevador-para-liberar-ejes-ghusktp-4-4\/"},{"id":377357,"cdmm_p_id":"16","name":"Elevador para liberar ejes GHUSKTP 6\/6","description":"6\/6 t, 330 mm carrera, neumohidr\u00e1ulico","thumbnail":"https:\/\/dev.codekraft.it\/rotary-2024\/wp-content\/uploads\/brb_media\/00022493-150x150.png","url":"https:\/\/dev.codekraft.it\/rotary-2024\/es\/productos\/elevadores-es\/gatos-traviesas-es\/elevador-para-liberar-ejes-ghusktp-6-6\/"},{"id":377363,"cdmm_p_id":"14","name":"Elevador para liberar ejes GHUSKTP 10\/10","description":"10\/10 t, 330 mm carrera, neumohidr\u00e1ulico","thumbnail":"https:\/\/dev.codekraft.it\/rotary-2024\/wp-content\/uploads\/brb_media\/00022493-150x150.png","url":"https:\/\/dev.codekraft.it\/rotary-2024\/es\/productos\/elevadores-es\/gatos-traviesas-es\/elevador-para-liberar-ejes-ghusktp-10-10\/"},{"id":377369,"cdmm_p_id":"13","name":"Elevador para liberar ejes GHUSKTP 12\/12","description":"12\/12 t, 330 mm carrera, neumohidr\u00e1ulico","thumbnail":"https:\/\/dev.codekraft.it\/rotary-2024\/wp-content\/uploads\/brb_media\/00022493-150x150.png","url":"https:\/\/dev.codekraft.it\/rotary-2024\/es\/productos\/elevadores-es\/gatos-traviesas-es\/elevador-para-liberar-ejes-ghusktp-12-12\/"}],"lang":"es","translations":{"es":377375,"en":377371,"de":377372,"fr":377373,"it":377374,"ru":377376},"pll_sync_post":[],"_links":{"self":[{"href":"https:\/\/dev.codekraft.it\/rotary-2024\/wp-json\/wp\/v2\/product\/377375","targetHints":{"allow":["GET"]}}],"collection":[{"href":"https:\/\/dev.codekraft.it\/rotary-2024\/wp-json\/wp\/v2\/product"}],"about":[{"href":"https:\/\/dev.codekraft.it\/rotary-2024\/wp-json\/wp\/v2\/types\/product"}],"wp:featuredmedia":[{"embeddable":true,"href":"https:\/\/dev.codekraft.it\/rotary-2024\/wp-json\/wp\/v2\/media\/348373"}],"wp:attachment":[{"href":"https:\/\/dev.codekraft.it\/rotary-2024\/wp-json\/wp\/v2\/media?parent=377375"}],"wp:term":[{"taxonomy":"product_cat","embeddable":true,"href":"https:\/\/dev.codekraft.it\/rotary-2024\/wp-json\/wp\/v2\/product_cat?post=377375"},{"taxonomy":"product_tag","embeddable":true,"href":"https:\/\/dev.codekraft.it\/rotary-2024\/wp-json\/wp\/v2\/product_tag?post=377375"},{"taxonomy":"product_approvals","embeddable":true,"href":"https:\/\/dev.codekraft.it\/rotary-2024\/wp-json\/wp\/v2\/product_approvals?post=377375"},{"taxonomy":"product_application","embeddable":true,"href":"https:\/\/dev.codekraft.it\/rotary-2024\/wp-json\/wp\/v2\/product_application?post=377375"}],"curies":[{"name":"wp","href":"https:\/\/api.w.org\/{rel}","templated":true}]}}