{"id":377361,"date":"2025-12-11T10:10:57","date_gmt":"2025-12-11T10:10:57","guid":{"rendered":"https:\/\/dev.codekraft.it\/rotary-2024\/products\/uncategorized\/traverse-de-levage-ghusktp-10-10\/"},"modified":"2025-12-11T10:10:57","modified_gmt":"2025-12-11T10:10:57","slug":"traverse-de-levage-ghusktp-10-10","status":"publish","type":"product","link":"https:\/\/dev.codekraft.it\/rotary-2024\/fr\/produits\/ponts-elevateurs-fr\/traverses-fr\/traverse-de-levage-ghusktp-10-10\/","title":{"rendered":"Traverse de levage GHUSKTP 10\/10"},"content":{"rendered":"<ul>\n<li><strong>Complet:<\/strong> Deux jeux de rehausses et un orifice de logement pour une prise centrale font partie de la fourniture standard. Ceux ci sont plac\u00e9s \u00e0 port\u00e9 de main, sur le chariot.<\/li>\n<li><strong>Mobilit\u00e9:<\/strong> Le logement \u00e0 aiguilles en s\u00e9rie des rouleaux du ch\u00e2ssis assure un d\u00e9calage sans probl\u00e8me du cric hydraulique \u00e0 l&#8217;int\u00e9rieur de la fosse.<\/li>\n<li><strong>Economie de temps:<\/strong> Le retour forc\u00e9 m\u00e9canique permet de ramener rapidement le piston dans sa position initiale, avec ou sans charge. A l&#8217;encontre des crics hydrauliques de fosses conventionnels, le piston est pratiquement \u00abtir\u00e9e\u00bb dans sa position de repos.<\/li>\n<li><strong>Pr\u00e9cision:<\/strong> La course pr\u00e9cise et progressive permet le r\u00e9glage de pr\u00e9cision du cric hydraulique de fosse sur le v\u00e9hicule, ce qui est important aussi bien pour le levage en douceur que pour la mise en place de groupes.<\/li>\n<li><strong>Economie de force:<\/strong> La course de charge assur\u00e9e par moteur pneumatique permet un levage de la charge par pression de bouton, sans effort corporel.<\/li>\n<li><strong>Long\u00e9vit\u00e9:<\/strong> La tige du piston, tout comme le piston de la pompe, sont en chrome durci pour pallier corrosion et usure.<\/li>\n<li><strong>Transbordeur de s\u00e9curit\u00e9 abaissant la charge:<\/strong> d\u00e8s 800 kg de charge environ, il n&#8217;est plus possible de d\u00e9caler la plate-forme lorsqu&#8217;elle est charg\u00e9e. En outre, une construction extr\u00eamement plate est obtenue.<\/li>\n<\/ul>\n","protected":false},"excerpt":{"rendered":"<p>10\/10 t, 330 mm course, hydropneumatique<\/p>\n","protected":false},"featured_media":348373,"template":"","meta":[],"product_cat":[1033880],"product_tag":[1034145,1034128,1034197,1034180],"product_approvals":[],"product_application":[],"class_list":{"0":"post-377361","1":"product","2":"type-product","3":"status-publish","4":"has-post-thumbnail","6":"product_cat-traverses-fr","7":"product_tag-buses-fr","8":"product_tag-trucks-fr","9":"product_tag-motor-homes-fr","10":"product_tag-light-commercial-fr","12":"first","13":"instock","14":"shipping-taxable","15":"product-type-simple"},"approvals":[],"application":[],"brb_media_brochure":[{"id":348374,"url":"https:\/\/dev.codekraft.it\/rotary-2024\/wp-content\/uploads\/brb_media\/00367747_pit-lift-suspended-br-de-2017-03-screen.pdf","title":"pit lift suspended br de 2017 03 screen","thumbnail":"https:\/\/dev.codekraft.it\/rotary-2024\/wp-content\/uploads\/brb_media\/00367747_pit-lift-suspended-br-de-2017-03-screen-pdf-150x106.png","description":""},{"id":348375,"url":"https:\/\/dev.codekraft.it\/rotary-2024\/wp-content\/uploads\/brb_media\/00367748_pit-lift-suspended-br-en-2017-03-screen.pdf","title":"pit lift suspended br en 2017 03 screen","thumbnail":"https:\/\/dev.codekraft.it\/rotary-2024\/wp-content\/uploads\/brb_media\/00367748_pit-lift-suspended-br-en-2017-03-screen-pdf-150x106.png","description":""},{"id":376145,"url":"https:\/\/dev.codekraft.it\/rotary-2024\/wp-content\/uploads\/brb_media\/00367750_pit-lift-suspended-br-fr-2017-03-screen.pdf","title":"pit lift suspended br fr 2017 03 screen","thumbnail":"https:\/\/dev.codekraft.it\/rotary-2024\/wp-content\/uploads\/brb_media\/00367750_pit-lift-suspended-br-fr-2017-03-screen-pdf-150x106.png","description":""},{"id":376147,"url":"https:\/\/dev.codekraft.it\/rotary-2024\/wp-content\/uploads\/brb_media\/00367751_pit-lift-suspended-br-it-2017-03-screen.pdf","title":"pit lift suspended br it 2017 03 screen","thumbnail":"https:\/\/dev.codekraft.it\/rotary-2024\/wp-content\/uploads\/brb_media\/00367751_pit-lift-suspended-br-it-2017-03-screen-pdf-150x106.png","description":""},{"id":348378,"url":"https:\/\/dev.codekraft.it\/rotary-2024\/wp-content\/uploads\/brb_media\/00367752_pit-lift-suspended-br-es-2017-03-screen.pdf","title":"pit lift suspended br es 2017 03 screen","thumbnail":"https:\/\/dev.codekraft.it\/rotary-2024\/wp-content\/uploads\/brb_media\/00367752_pit-lift-suspended-br-es-2017-03-screen-pdf-150x106.png","description":""},{"id":376146,"url":"https:\/\/dev.codekraft.it\/rotary-2024\/wp-content\/uploads\/brb_media\/00367753_pit-lift-suspended-br-ru-2017-03-screen.pdf","title":"pit lift suspended br ru 2017 03 screen","thumbnail":"https:\/\/dev.codekraft.it\/rotary-2024\/wp-content\/uploads\/brb_media\/00367753_pit-lift-suspended-br-ru-2017-03-screen-pdf-150x106.png","description":""}],"brb_media_drawing":"","brb_media_manuals":[{"id":375255,"url":"https:\/\/dev.codekraft.it\/rotary-2024\/wp-content\/uploads\/brb_media\/00535434_pit-jacks-suspended-om-dc-sp-126600_de_2024-02-rev-f.pdf","title":"pit jacks suspended om dc sp 126600 de 2024 02 rev f","thumbnail":"https:\/\/dev.codekraft.it\/rotary-2024\/wp-content\/uploads\/brb_media\/00535434_pit-jacks-suspended-om-dc-sp-126600_de_2024-02-rev-f-pdf-106x150.png","description":""},{"id":375256,"url":"https:\/\/dev.codekraft.it\/rotary-2024\/wp-content\/uploads\/brb_media\/00535435_pit-jacks-suspended-om-dc-sp-126867-en-2024-02-rev-f.pdf","title":"pit jacks suspended om dc sp 126867 en 2024 02 rev f","thumbnail":"https:\/\/dev.codekraft.it\/rotary-2024\/wp-content\/uploads\/brb_media\/00535435_pit-jacks-suspended-om-dc-sp-126867-en-2024-02-rev-f-pdf-106x150.png","description":""},{"id":375257,"url":"https:\/\/dev.codekraft.it\/rotary-2024\/wp-content\/uploads\/brb_media\/00535436_pit-jacks-suspended-om-dc-sp-126868_fr-2024-02-rev-f.pdf","title":"pit jacks suspended om dc sp 126868 fr 2024 02 rev f","thumbnail":"https:\/\/dev.codekraft.it\/rotary-2024\/wp-content\/uploads\/brb_media\/00535436_pit-jacks-suspended-om-dc-sp-126868_fr-2024-02-rev-f-pdf-106x150.png","description":""},{"id":375258,"url":"https:\/\/dev.codekraft.it\/rotary-2024\/wp-content\/uploads\/brb_media\/00535437_pit-jacks-suspended-om-dc-sp-126869_it-2024-02-rev-f.pdf","title":"pit jacks suspended om dc sp 126869 it 2024 02 rev f","thumbnail":"https:\/\/dev.codekraft.it\/rotary-2024\/wp-content\/uploads\/brb_media\/00535437_pit-jacks-suspended-om-dc-sp-126869_it-2024-02-rev-f-pdf-106x150.png","description":""},{"id":375259,"url":"https:\/\/dev.codekraft.it\/rotary-2024\/wp-content\/uploads\/brb_media\/00535438_pit-jacks-suspended-om-dc-sp-126872_es-2024-02-rev-f.pdf","title":"pit jacks suspended om dc sp 126872 es 2024 02 rev f","thumbnail":"https:\/\/dev.codekraft.it\/rotary-2024\/wp-content\/uploads\/brb_media\/00535438_pit-jacks-suspended-om-dc-sp-126872_es-2024-02-rev-f-pdf-106x150.png","description":""},{"id":375260,"url":"https:\/\/dev.codekraft.it\/rotary-2024\/wp-content\/uploads\/brb_media\/00535439_pit-jacks-suspended-om-dc-sp-126871_ru-2024-02-rev-f.pdf","title":"pit jacks suspended om dc sp 126871 ru 2024 02 rev f","thumbnail":"https:\/\/dev.codekraft.it\/rotary-2024\/wp-content\/uploads\/brb_media\/00535439_pit-jacks-suspended-om-dc-sp-126871_ru-2024-02-rev-f-pdf-106x150.png","description":""},{"id":375261,"url":"https:\/\/dev.codekraft.it\/rotary-2024\/wp-content\/uploads\/brb_media\/00535440_pit-jacks-suspended-om-dc-sp-126870_nl-2024-02-rev-f.pdf","title":"pit jacks suspended om dc sp 126870 nl 2024 02 rev f","thumbnail":"https:\/\/dev.codekraft.it\/rotary-2024\/wp-content\/uploads\/brb_media\/00535440_pit-jacks-suspended-om-dc-sp-126870_nl-2024-02-rev-f-pdf-106x150.png","description":""}],"brb_media_safety_datasheets":"","brb_media_spare_parts":[],"_cdmm_p_id":"14","_company":"Elektron","_gtin":"4057612011401","accessories":[{"id":377949,"cdmm_p_id":"173","name":"Tampon X","description":"Pince en acier | capacit\u00e9 de charge 20 t, \u00d8 de goujon 55 mm | 1 pi\u00e8ce","thumbnail":"https:\/\/dev.codekraft.it\/rotary-2024\/wp-content\/uploads\/brb_media\/00023151_x-ohne-text_web-150x150.png","url":"https:\/\/dev.codekraft.it\/rotary-2024\/fr\/produits\/accessoires-ponts-elevateurs-fr\/systemes-de-transport-prise-de-charge-fr\/tampon-x-2\/"},{"id":377931,"cdmm_p_id":"176","name":"Tampon R","description":"Plaque de support, support en caoutchouc, rond | capacit\u00e9 de charge 15 t, \u00d8 de goujon 55 mm | 1 pi\u00e8ce","thumbnail":"https:\/\/dev.codekraft.it\/rotary-2024\/wp-content\/uploads\/brb_media\/00023129_r-ohne-text_web-150x150.png","url":"https:\/\/dev.codekraft.it\/rotary-2024\/fr\/produits\/accessoires-ponts-elevateurs-fr\/systemes-de-transport-prise-de-charge-fr\/tampon-r\/"}],"components":[],"related":[],"similar":[{"id":377349,"cdmm_p_id":"17","name":"Traverse de levage GHUSKTP 4\/4","description":"4\/4 t, 330 mm course, hydropneumatique","thumbnail":"https:\/\/dev.codekraft.it\/rotary-2024\/wp-content\/uploads\/brb_media\/00022493-150x150.png","url":"https:\/\/dev.codekraft.it\/rotary-2024\/fr\/produits\/ponts-elevateurs-fr\/traverses-fr\/traverse-de-levage-ghusktp-4-4\/"},{"id":377355,"cdmm_p_id":"16","name":"Traverse de levage GHUSKTP 6\/6","description":"6\/6 t, 330 mm course, hydropneumatique","thumbnail":"https:\/\/dev.codekraft.it\/rotary-2024\/wp-content\/uploads\/brb_media\/00022493-150x150.png","url":"https:\/\/dev.codekraft.it\/rotary-2024\/fr\/produits\/ponts-elevateurs-fr\/traverses-fr\/traverse-de-levage-ghusktp-6-6\/"},{"id":377373,"cdmm_p_id":"12","name":"Traverse de levage GHUSKTP 14\/14","description":"14\/14 t, 330 mm course, hydropneumatique, v\u00e9rin d'essieu \u00e0 point de levage central, 2 fois t\u00e9lescopique, pression de service 10 bar, diam\u00e8tre d'ergot 55 mm","thumbnail":"https:\/\/dev.codekraft.it\/rotary-2024\/wp-content\/uploads\/brb_media\/00022493-150x150.png","url":"https:\/\/dev.codekraft.it\/rotary-2024\/fr\/produits\/ponts-elevateurs-fr\/traverses-fr\/traverse-de-levage-ghusktp-14-14\/"},{"id":377367,"cdmm_p_id":"13","name":"Traverse de levage GHUSKTP 12\/12","description":"12\/12 t, 330 mm course, hydropneumatique","thumbnail":"https:\/\/dev.codekraft.it\/rotary-2024\/wp-content\/uploads\/brb_media\/00022493-150x150.png","url":"https:\/\/dev.codekraft.it\/rotary-2024\/fr\/produits\/ponts-elevateurs-fr\/traverses-fr\/traverse-de-levage-ghusktp-12-12\/"}],"lang":"fr","translations":{"fr":377361,"en":377359,"de":377360,"it":377362,"es":377363,"ru":377364},"pll_sync_post":[],"_links":{"self":[{"href":"https:\/\/dev.codekraft.it\/rotary-2024\/wp-json\/wp\/v2\/product\/377361","targetHints":{"allow":["GET"]}}],"collection":[{"href":"https:\/\/dev.codekraft.it\/rotary-2024\/wp-json\/wp\/v2\/product"}],"about":[{"href":"https:\/\/dev.codekraft.it\/rotary-2024\/wp-json\/wp\/v2\/types\/product"}],"wp:featuredmedia":[{"embeddable":true,"href":"https:\/\/dev.codekraft.it\/rotary-2024\/wp-json\/wp\/v2\/media\/348373"}],"wp:attachment":[{"href":"https:\/\/dev.codekraft.it\/rotary-2024\/wp-json\/wp\/v2\/media?parent=377361"}],"wp:term":[{"taxonomy":"product_cat","embeddable":true,"href":"https:\/\/dev.codekraft.it\/rotary-2024\/wp-json\/wp\/v2\/product_cat?post=377361"},{"taxonomy":"product_tag","embeddable":true,"href":"https:\/\/dev.codekraft.it\/rotary-2024\/wp-json\/wp\/v2\/product_tag?post=377361"},{"taxonomy":"product_approvals","embeddable":true,"href":"https:\/\/dev.codekraft.it\/rotary-2024\/wp-json\/wp\/v2\/product_approvals?post=377361"},{"taxonomy":"product_application","embeddable":true,"href":"https:\/\/dev.codekraft.it\/rotary-2024\/wp-json\/wp\/v2\/product_application?post=377361"}],"curies":[{"name":"wp","href":"https:\/\/api.w.org\/{rel}","templated":true}]}}