{"id":377345,"date":"2025-12-11T10:11:37","date_gmt":"2025-12-11T10:11:37","guid":{"rendered":"https:\/\/dev.codekraft.it\/rotary-2024\/products\/uncategorized\/carro-de-montaje-de-ruedas-mw80\/"},"modified":"2025-12-11T10:11:37","modified_gmt":"2025-12-11T10:11:37","slug":"carro-de-montaje-de-ruedas-mw80","status":"publish","type":"product","link":"https:\/\/dev.codekraft.it\/rotary-2024\/es\/productos\/servicio-de-llantas-es\/carro-de-montaje-de-ruedas-es\/carro-de-montaje-de-ruedas-mw80\/","title":{"rendered":"Carro de montaje de ruedas MW80"},"content":{"rendered":"<p>El carro de montaje de ruedas Master Wheel 80 es una potente herramienta de trabajo, adecuada para montar y transportar ruedas. Numerosos detalles pr\u00e1cticos permiten un uso flexible en todo entorno de taller.<\/p>\n<ul>\n<li>BLITZ &#8211; Pioneer en carros de montaje de ruedas<\/li>\n<li>La bater\u00eda doble, permite hasta 100 movimientos de elevaci\u00f3n y descenso<\/li>\n<li>Husillo de elevaci\u00f3n de bajo mantenimiento<\/li>\n<li>Soporte m\u00f3vil de seguridad<\/li>\n<\/ul>\n<ul>\n<li>Husillo de elevaci\u00f3n de bajo mantenimiento: Una novedosa construcci\u00f3n protege eficazmente al husillo de elevaci\u00f3n contra la suciedad y otros agentes externos. El accionamiento corre a cargo de un potente electromotor con freno de seguridad integrado.<\/li>\n<li>Las bater\u00edas se pueden recargar r\u00e1pidamente con el cable de carga universal suministrado.<\/li>\n<li>El carro de montaje de ruedas MW80 facilita la elevaci\u00f3n de ruedas pesadas y por lo tanto protege contra problemas de espalda.<\/li>\n<li>Las potentes bater\u00edas y la unidad de control est\u00e1n protegidas en el conjunto de suelo.<\/li>\n<li>La columna de desplazamiento facilita el trabajo en la rueda.<\/li>\n<li>F\u00e1cil manejo: La carga se puede maniobrar f\u00e1cilmente gracias a las ruedas que giran en torno a 360\u02da<\/li>\n<li>Chasis de seguridad: un centro de gravedad bajo garantiza una movilidad \u00f3ptima y, al mismo tiempo, evita el vuelco.<\/li>\n<li>El MW80 es adecuado para el montaje y transporte de ruedas. El mango grande facilita el movimiento.<\/li>\n<\/ul>\n<ul>\n<li>Desplazamiento de la columna elevadora. Accesibilidad ideal a los tornillos de rueda<\/li>\n<li>Manejo sencillo. Los botones de funcionamiento se encuentran debajo de la bandeja de almacenamiento. La rueda se puede posicionar perfectamente en el veh\u00edculo mediante el jogging.<\/li>\n<li>La flexible horquilla de montaje con rodamientos de bolas y 3 rodillos gu\u00eda adicionales garantiza un montaje \u00f3ptimo de la rueda. La rueda se puede girar f\u00e1cilmente con una sola mano.<\/li>\n<li>El indicador de bater\u00eda siempre indica el estado actual de carga. Se puede acceder f\u00e1cilmente a un bot\u00f3n de parada de emergencia y a una toma de carga.<\/li>\n<li>Las ruedas giratorias incorporadas (dos de ellas con freno de estacionamiento) garantizan una marcha suave.<\/li>\n<li>Bajo la cubierta extra\u00edble se encuentra un fusible fino para proteger los componentes el\u00e9ctricos.<\/li>\n<\/ul>\n","protected":false},"excerpt":{"rendered":"<p>Accionado por bater\u00eda, capacidad de carga 80 kg<\/p>\n","protected":false},"featured_media":348829,"template":"","meta":[],"product_cat":[1033726],"product_tag":[1034169],"product_approvals":[1014930,1014573,1014539,1013930,1014556],"product_application":[],"class_list":{"0":"post-377345","1":"product","2":"type-product","3":"status-publish","4":"has-post-thumbnail","6":"product_cat-carro-de-montaje-de-ruedas-es","7":"product_tag-passenger-cars-es","8":"product_approvals-ford-es","9":"product_approvals-maybach-es","10":"product_approvals-mercedes-benz-es","11":"product_approvals-porsche-es","12":"product_approvals-smart-es","14":"first","15":"instock","16":"shipping-taxable","17":"product-type-simple"},"approvals":[{"term_id":1014930,"name":"Ford","slug":"ford-es","term_group":0,"term_taxonomy_id":1014929,"taxonomy":"product_approvals","description":"","parent":0,"count":1,"filter":"raw"},{"term_id":1014573,"name":"Maybach","slug":"maybach-es","term_group":0,"term_taxonomy_id":1014572,"taxonomy":"product_approvals","description":"","parent":0,"count":33,"filter":"raw"},{"term_id":1014539,"name":"Mercedes-Benz","slug":"mercedes-benz-es","term_group":0,"term_taxonomy_id":1014538,"taxonomy":"product_approvals","description":"","parent":0,"count":43,"filter":"raw"},{"term_id":1013930,"name":"Porsche","slug":"porsche-es","term_group":0,"term_taxonomy_id":1013929,"taxonomy":"product_approvals","description":"","parent":0,"count":24,"filter":"raw"},{"term_id":1014556,"name":"Smart","slug":"smart-es","term_group":0,"term_taxonomy_id":1014555,"taxonomy":"product_approvals","description":"","parent":0,"count":33,"filter":"raw"}],"application":[],"brb_media_brochure":[{"id":348830,"url":"https:\/\/dev.codekraft.it\/rotary-2024\/wp-content\/uploads\/brb_media\/00423218_mobile-wheel-carriage-mw-80-126485-de-2019-09-screen.pdf","title":"mobile wheel carriage mw 80 126485 de 2019 09 screen","thumbnail":"https:\/\/dev.codekraft.it\/rotary-2024\/wp-content\/uploads\/brb_media\/00423218_mobile-wheel-carriage-mw-80-126485-de-2019-09-screen-pdf-106x150.png","description":""},{"id":348831,"url":"https:\/\/dev.codekraft.it\/rotary-2024\/wp-content\/uploads\/brb_media\/00423219_mobile-wheel-carriage-mw-80-126486-en-2019-09-screen.pdf","title":"mobile wheel carriage mw 80 126486 en 2019 09 screen","thumbnail":"https:\/\/dev.codekraft.it\/rotary-2024\/wp-content\/uploads\/brb_media\/00423219_mobile-wheel-carriage-mw-80-126486-en-2019-09-screen-pdf-106x150.png","description":""},{"id":348832,"url":"https:\/\/dev.codekraft.it\/rotary-2024\/wp-content\/uploads\/brb_media\/00423220_mobile-wheel-carriage-mw-80-126487-fr-2019-09-screen.pdf","title":"mobile wheel carriage mw 80 126487 fr 2019 09 screen","thumbnail":"https:\/\/dev.codekraft.it\/rotary-2024\/wp-content\/uploads\/brb_media\/00423220_mobile-wheel-carriage-mw-80-126487-fr-2019-09-screen-pdf-106x150.png","description":""},{"id":348833,"url":"https:\/\/dev.codekraft.it\/rotary-2024\/wp-content\/uploads\/brb_media\/00423221_mobile-wheel-carriage-mw-80-126488-it-2019-09-screen.pdf","title":"mobile wheel carriage mw 80 126488 it 2019 09 screen","thumbnail":"https:\/\/dev.codekraft.it\/rotary-2024\/wp-content\/uploads\/brb_media\/00423221_mobile-wheel-carriage-mw-80-126488-it-2019-09-screen-pdf-106x150.png","description":""},{"id":348834,"url":"https:\/\/dev.codekraft.it\/rotary-2024\/wp-content\/uploads\/brb_media\/00423222_mobile-wheel-carriage-mw-80-126489-es-2019-09-screen.pdf","title":"mobile wheel carriage mw 80 126489 es 2019 09 screen","thumbnail":"https:\/\/dev.codekraft.it\/rotary-2024\/wp-content\/uploads\/brb_media\/00423222_mobile-wheel-carriage-mw-80-126489-es-2019-09-screen-pdf-106x150.png","description":""},{"id":348835,"url":"https:\/\/dev.codekraft.it\/rotary-2024\/wp-content\/uploads\/brb_media\/00423223_mobile-wheel-carriage-mw-80-126490-ru-2019-09-screen.pdf","title":"mobile wheel carriage mw 80 126490 ru 2019 09 screen","thumbnail":"https:\/\/dev.codekraft.it\/rotary-2024\/wp-content\/uploads\/brb_media\/00423223_mobile-wheel-carriage-mw-80-126490-ru-2019-09-screen-pdf-106x150.png","description":""}],"brb_media_drawing":"","brb_media_manuals":[{"id":377341,"url":"https:\/\/dev.codekraft.it\/rotary-2024\/wp-content\/uploads\/brb_media\/00550455_mobile-wheel-lift-master-wheel-80_neutral_om_sp_dc_123760_2025-05-rev-g.pdf","title":"Mobile Wheel Lift Master Wheel 80 Neutral OM SP DC 123760 2025 05 Rev G","thumbnail":"https:\/\/dev.codekraft.it\/rotary-2024\/wp-content\/uploads\/brb_media\/00550455_mobile-wheel-lift-master-wheel-80_neutral_om_sp_dc_123760_2025-05-rev-g-pdf-106x150.png","description":""}],"brb_media_safety_datasheets":"","brb_media_spare_parts":[],"_cdmm_p_id":"387","_company":"Elektron","_gtin":"2150160000000","accessories":[{"id":382204,"cdmm_p_id":"500754","name":"Kit de reequipamiento Ruedas blandas | para Master Wheel MW80","description":"4 piezas","thumbnail":"","url":"https:\/\/dev.codekraft.it\/rotary-2024\/es\/productos\/accesorios-servicio-de-llantas-es\/accesorios-carro-elevador-de-ruedas-es\/kit-de-reequipamiento-ruedas-blandas-para-master-wheel-mw80\/"},{"id":380477,"cdmm_p_id":"483849","name":"Kit de reequipamiento Ruedas + indicador de bater\u00eda | para Master Wheel MW80","description":"","thumbnail":"https:\/\/dev.codekraft.it\/rotary-2024\/wp-content\/uploads\/brb_media\/00438629-139x150.png","url":"https:\/\/dev.codekraft.it\/rotary-2024\/es\/productos\/accesorios-servicio-de-llantas-es\/accesorios-carro-elevador-de-ruedas-es\/kit-de-reequipamiento-ruedas-indicador-de-bateria-para-master-wheel-mw80\/"},{"id":381300,"cdmm_p_id":"497508","name":"Brazo de seguridad para MW50 y MW80 existentes | completo","description":"","thumbnail":"","url":"https:\/\/dev.codekraft.it\/rotary-2024\/es\/productos\/accesorios-servicio-de-llantas-es\/accesorios-carro-elevador-de-ruedas-es\/brazo-de-seguridad-para-mw50-y-mw80-existentes-completo\/"}],"components":[],"related":[],"similar":[],"lang":"es","translations":{"es":377345,"en":377340,"de":377342,"fr":377343,"it":377344,"ru":377346},"pll_sync_post":[],"_links":{"self":[{"href":"https:\/\/dev.codekraft.it\/rotary-2024\/wp-json\/wp\/v2\/product\/377345","targetHints":{"allow":["GET"]}}],"collection":[{"href":"https:\/\/dev.codekraft.it\/rotary-2024\/wp-json\/wp\/v2\/product"}],"about":[{"href":"https:\/\/dev.codekraft.it\/rotary-2024\/wp-json\/wp\/v2\/types\/product"}],"wp:featuredmedia":[{"embeddable":true,"href":"https:\/\/dev.codekraft.it\/rotary-2024\/wp-json\/wp\/v2\/media\/348829"}],"wp:attachment":[{"href":"https:\/\/dev.codekraft.it\/rotary-2024\/wp-json\/wp\/v2\/media?parent=377345"}],"wp:term":[{"taxonomy":"product_cat","embeddable":true,"href":"https:\/\/dev.codekraft.it\/rotary-2024\/wp-json\/wp\/v2\/product_cat?post=377345"},{"taxonomy":"product_tag","embeddable":true,"href":"https:\/\/dev.codekraft.it\/rotary-2024\/wp-json\/wp\/v2\/product_tag?post=377345"},{"taxonomy":"product_approvals","embeddable":true,"href":"https:\/\/dev.codekraft.it\/rotary-2024\/wp-json\/wp\/v2\/product_approvals?post=377345"},{"taxonomy":"product_application","embeddable":true,"href":"https:\/\/dev.codekraft.it\/rotary-2024\/wp-json\/wp\/v2\/product_application?post=377345"}],"curies":[{"name":"wp","href":"https:\/\/api.w.org\/{rel}","templated":true}]}}