{"id":377338,"date":"2025-12-11T10:11:33","date_gmt":"2025-12-11T10:11:33","guid":{"rendered":"https:\/\/dev.codekraft.it\/rotary-2024\/products\/uncategorized\/elevador-para-liberar-ejes-master-jack-40\/"},"modified":"2025-12-11T10:11:33","modified_gmt":"2025-12-11T10:11:33","slug":"elevador-para-liberar-ejes-master-jack-40","status":"publish","type":"product","link":"https:\/\/dev.codekraft.it\/rotary-2024\/es\/productos\/elevadores-es\/gatos-de-transmision-es\/elevador-para-liberar-ejes-master-jack-40\/","title":{"rendered":"Elevador para liberar ejes Master Jack 4,0"},"content":{"rendered":"<p>Nuestros fuertes gatos de trasmisi\u00f3n y accesorios especiales para cargas peque\u00f1as y medias convencen por su funcionamiento sencillo y c\u00f3modo.<\/p>\n<ul>\n<li>Funcionamiento intuitivo de 4 maneras &#8211; adecuado perfectamente para cada usuario<\/li>\n<li>Dise\u00f1o robusto y compacto<\/li>\n<li>Fabricado en Alemania &#8211; desde hace 125 a\u00f1os<\/li>\n<\/ul>\n<ul>\n<li>El funcionamiento intuitivo de 4 maneras incluye:<\/li>\n<li>Elevador r\u00e1pido hidr\u00e1ulico-neum\u00e1tico asegura que el v\u00e1stago de pist\u00f3n se mueva r\u00e1pidamente al punto de recogida de carga<\/li>\n<li>El elevador de carga por medio de un motor de aire permite que la carga sea elevada simplemente mediante pedales<\/li>\n<li>Elevaci\u00f3n de precisi\u00f3n infinitamente variable mediante pedal de pie &#8211; importante para una elevaci\u00f3n sensible y cuando se introducen unidades<\/li>\n<li>Bajada sensible de los puntales de elevaci\u00f3n por medio de un pedal de pie o palanca ajustables<\/li>\n<\/ul>\n<ul>\n<li>El retorno forzado hidr\u00e1ulico-neum\u00e1tico permte un retorno r\u00e1pido del puntal con y sin carga<\/li>\n<li>La placa de base del chasis es totalmente accesible y puede servir como superficie para poner de pie. Los orificios integrados se usan para sujeci\u00f3n pr\u00e1ctica de herramientas.<\/li>\n<\/ul>\n<ul>\n<li>Frenos de estacionamiento integrados sobre las ruedecillas aseguran una buena estabilidad<\/li>\n<li>El centro de gravedad particularmente bajo garantiza una posici\u00f3n antivuelco del elevador de engranajes<\/li>\n<li>Desde una carga de 0,8 t, el chasis baja autom\u00e1ticamente<\/li>\n<li>Unidad de elevaci\u00f3n totalmente hidr\u00e1ulica &#8211; con cada movimiento de elevaci\u00f3n o bajada, los v\u00e1stagos de pist\u00f3n son humedecidos con aceite &#8211; \u00a1sin \u00f3xido sobre la pared del cilindro y el v\u00e1staog de pist\u00f3n!<\/li>\n<li>Recubrimiento de 2 capas &#8211; Complejo proceso de recubrimiento para una perfecta protecci\u00f3n contra corrosi\u00f3n.<\/li>\n<li>El v\u00e1stago de pist\u00f3n y el pist\u00f3n de bomba est\u00e1n endurecidos por metalizaci\u00f3n de cromo para proteger contra corrosi\u00f3n y desgaste.<\/li>\n<\/ul>\n","protected":false},"excerpt":{"rendered":"<p>4,0 t, carrera 1100 mm, neumohidr\u00e1ulico, control por pie<\/p>\n","protected":false},"featured_media":348316,"template":"","meta":[],"product_cat":[1033866],"product_tag":[1034151,1034134,1034203,1034220,1034265,1034186,1034237],"product_approvals":[],"product_application":[],"class_list":{"0":"post-377338","1":"product","2":"type-product","3":"status-publish","4":"has-post-thumbnail","6":"product_cat-gatos-de-transmision-es","7":"product_tag-buses-es","8":"product_tag-trucks-es","9":"product_tag-motor-homes-es","10":"product_tag-agricultural-machines-es","11":"product_tag-remolques-es","12":"product_tag-light-commercial-es","13":"product_tag-tracked-vehicles-es","15":"first","16":"instock","17":"shipping-taxable","18":"product-type-simple"},"approvals":[],"application":[],"brb_media_brochure":[{"id":348317,"url":"https:\/\/dev.codekraft.it\/rotary-2024\/wp-content\/uploads\/brb_media\/00413575_gearbox-lift-master-jack-126479-de-2019-05-screen.pdf","title":"gearbox lift master jack 126479 de 2019 05 screen","thumbnail":"https:\/\/dev.codekraft.it\/rotary-2024\/wp-content\/uploads\/brb_media\/00413575_gearbox-lift-master-jack-126479-de-2019-05-screen-pdf-106x150.png","description":""},{"id":348318,"url":"https:\/\/dev.codekraft.it\/rotary-2024\/wp-content\/uploads\/brb_media\/00413576_gearbox-lift-master-jack-126480-en-2019-05-screen.pdf","title":"gearbox lift master jack 126480 en 2019 05 screen","thumbnail":"https:\/\/dev.codekraft.it\/rotary-2024\/wp-content\/uploads\/brb_media\/00413576_gearbox-lift-master-jack-126480-en-2019-05-screen-pdf-106x150.png","description":""},{"id":348319,"url":"https:\/\/dev.codekraft.it\/rotary-2024\/wp-content\/uploads\/brb_media\/00413577_gearbox-lift-master-jack-126481-fr-2019-05-screen.pdf","title":"gearbox lift master jack 126481 fr 2019 05 screen","thumbnail":"https:\/\/dev.codekraft.it\/rotary-2024\/wp-content\/uploads\/brb_media\/00413577_gearbox-lift-master-jack-126481-fr-2019-05-screen-pdf-106x150.png","description":""},{"id":348320,"url":"https:\/\/dev.codekraft.it\/rotary-2024\/wp-content\/uploads\/brb_media\/00413578_gearbox-lift-master-jack-126482-it-2019-05-screen.pdf","title":"gearbox lift master jack 126482 it 2019 05 screen","thumbnail":"https:\/\/dev.codekraft.it\/rotary-2024\/wp-content\/uploads\/brb_media\/00413578_gearbox-lift-master-jack-126482-it-2019-05-screen-pdf-106x150.png","description":""},{"id":348321,"url":"https:\/\/dev.codekraft.it\/rotary-2024\/wp-content\/uploads\/brb_media\/00413579_gearbox-lift-master-jack-126483-es-2019-05-screen.pdf","title":"gearbox lift master jack 126483 es 2019 05 screen","thumbnail":"https:\/\/dev.codekraft.it\/rotary-2024\/wp-content\/uploads\/brb_media\/00413579_gearbox-lift-master-jack-126483-es-2019-05-screen-pdf-106x150.png","description":""},{"id":348322,"url":"https:\/\/dev.codekraft.it\/rotary-2024\/wp-content\/uploads\/brb_media\/00413580_gearbox-lift-master-jack-126484-ru-2019-05-screen.pdf","title":"gearbox lift master jack 126484 ru 2019 05 screen","thumbnail":"https:\/\/dev.codekraft.it\/rotary-2024\/wp-content\/uploads\/brb_media\/00413580_gearbox-lift-master-jack-126484-ru-2019-05-screen-pdf-106x150.png","description":""}],"brb_media_drawing":"","brb_media_manuals":[{"id":377313,"url":"https:\/\/dev.codekraft.it\/rotary-2024\/wp-content\/uploads\/brb_media\/00550435_floor-running-pit-lift-om-sp-118691-de-2025-06-rev-k.pdf","title":"Floor running pit lift OM SP 118691 de 2025 06 Rev K","thumbnail":"https:\/\/dev.codekraft.it\/rotary-2024\/wp-content\/uploads\/brb_media\/00550435_floor-running-pit-lift-om-sp-118691-de-2025-06-rev-k-pdf-106x150.png","description":""},{"id":377314,"url":"https:\/\/dev.codekraft.it\/rotary-2024\/wp-content\/uploads\/brb_media\/00550443_floor-running-pit-lift-om-118774-en-2025-03-rev-i.pdf","title":"Floor running pit lift OM 118774 en 2025 03 Rev I","thumbnail":"https:\/\/dev.codekraft.it\/rotary-2024\/wp-content\/uploads\/brb_media\/00550443_floor-running-pit-lift-om-118774-en-2025-03-rev-i-pdf-106x150.png","description":""},{"id":377315,"url":"https:\/\/dev.codekraft.it\/rotary-2024\/wp-content\/uploads\/brb_media\/00550448_floor-running-pit-lift-om-118778-fr-2024-02-rev-e.pdf","title":"Floor running pit lift OM 118778 fr 2024 02 Rev E","thumbnail":"https:\/\/dev.codekraft.it\/rotary-2024\/wp-content\/uploads\/brb_media\/00550448_floor-running-pit-lift-om-118778-fr-2024-02-rev-e-pdf-106x150.png","description":""},{"id":348328,"url":"https:\/\/dev.codekraft.it\/rotary-2024\/wp-content\/uploads\/brb_media\/00421662_floor-running-pit-lift-om-118779-it-2019-05-d.pdf","title":"floor running pit lift om 118779 it 2019 05 d","thumbnail":"https:\/\/dev.codekraft.it\/rotary-2024\/wp-content\/uploads\/brb_media\/00421662_floor-running-pit-lift-om-118779-it-2019-05-d-pdf-106x150.png","description":""},{"id":348326,"url":"https:\/\/dev.codekraft.it\/rotary-2024\/wp-content\/uploads\/brb_media\/00421663_floor-running-pit-lift-om-118777-es-2019-05-d.pdf","title":"floor running pit lift om 118777 es 2019 05 d","thumbnail":"https:\/\/dev.codekraft.it\/rotary-2024\/wp-content\/uploads\/brb_media\/00421663_floor-running-pit-lift-om-118777-es-2019-05-d-pdf-106x150.png","description":""},{"id":348329,"url":"https:\/\/dev.codekraft.it\/rotary-2024\/wp-content\/uploads\/brb_media\/00421664_floor-running-pit-lift-om-118780-ru-2019-05-d.pdf","title":"floor running pit lift om 118780 ru 2019 05 d","thumbnail":"https:\/\/dev.codekraft.it\/rotary-2024\/wp-content\/uploads\/brb_media\/00421664_floor-running-pit-lift-om-118780-ru-2019-05-d-pdf-106x150.png","description":""},{"id":377316,"url":"https:\/\/dev.codekraft.it\/rotary-2024\/wp-content\/uploads\/brb_media\/00550449_floor-running-pit-lift-om-118774-nl-2019-05-d.pdf","title":"Floor running pit lift OM 118774 nl 2019 05 D","thumbnail":"https:\/\/dev.codekraft.it\/rotary-2024\/wp-content\/uploads\/brb_media\/00550449_floor-running-pit-lift-om-118774-nl-2019-05-d-pdf-106x150.png","description":""}],"brb_media_safety_datasheets":"","brb_media_spare_parts":[],"_cdmm_p_id":"2","_company":"Elektron","_gtin":"4057612014709","accessories":[{"id":377187,"cdmm_p_id":"165","name":"Travesa\u00f1o ATH","description":"1,5 t, espiga \u00d8 35 mm, rango de ajuste 550 - 1200 mm, telesc\u00f3pico de 1 pliegue | incl. 2 tacos y 2 piezas distanciadoras","thumbnail":"https:\/\/dev.codekraft.it\/rotary-2024\/wp-content\/uploads\/brb_media\/00023152_ath-ohne-text_web-150x150.png","url":"https:\/\/dev.codekraft.it\/rotary-2024\/es\/productos\/accesorios-elevadores-es\/sistemas-de-apoyo-es\/travesano-ath\/"},{"id":377181,"cdmm_p_id":"168","name":"Travesa\u00f1o ATT 3,2","description":"3,2 t, espiga \u00d8 35 mm, rango de ajuste 630 - 1230 mm, telesc\u00f3pico de 2 pliegues, incl. planchas de transporte | recepci\u00f3n segura en 2 puntos de veh\u00edculos como Mercedes Benz Sprinter, VW - LT 2","thumbnail":"https:\/\/dev.codekraft.it\/rotary-2024\/wp-content\/uploads\/brb_media\/00108011_at32-150x150.png","url":"https:\/\/dev.codekraft.it\/rotary-2024\/es\/productos\/accesorios-elevadores-es\/sistemas-de-apoyo-es\/travesano-att-32\/"},{"id":377195,"cdmm_p_id":"156","name":"Placa de transmisi\u00f3n GA turismos","description":"\u00c1ngulo de ajuste: +\/- 10\u00ba, capacidad de carga 400 kg, espiga \u00d8 35 mm, dimensiones 300 x 240 mm, correa tensora para sujetar la carga, grandes superficies de apoyo de goma | de uso universal para turismos, especialmente indicado para Mercedes-Benz transmisiones autom\u00e1ticas","thumbnail":"https:\/\/dev.codekraft.it\/rotary-2024\/wp-content\/uploads\/brb_media\/00022512-150x150.png","url":"https:\/\/dev.codekraft.it\/rotary-2024\/es\/productos\/accesorios-elevadores-es\/placas-de-transmision-es\/placa-de-transmision-ga-turismos\/"},{"id":379763,"cdmm_p_id":"472237","name":"Travesa\u00f1o ATT 3,2 C","description":"3,2 t, espiga \u00d8 55 mm, rango de ajuste 868 - 1660 mm, telesc\u00f3pico de 2 pliegues | para turismo y transportadores | incl. taco","thumbnail":"https:\/\/dev.codekraft.it\/rotary-2024\/wp-content\/uploads\/brb_media\/00397018_axle-traverse-att32c_mi_001-150x150.png","url":"https:\/\/dev.codekraft.it\/rotary-2024\/es\/productos\/accesorios-elevadores-es\/sistemas-de-apoyo-es\/travesano-att-32-c\/"},{"id":379769,"cdmm_p_id":"472238","name":"Juego de montaje para travesa\u00f1o ATT 3,2 C","description":"Accesorios opcionales para el transporter montaje, juego de pinzas enchufables recomendado | para coches \/ furgonetas \/ MAN \/ Crafter \/ Sprinter","thumbnail":"https:\/\/dev.codekraft.it\/rotary-2024\/wp-content\/uploads\/brb_media\/00397020_125216_att32c_traverse-150x150.png","url":"https:\/\/dev.codekraft.it\/rotary-2024\/es\/productos\/accesorios-elevadores-es\/dispositivos-de-transporte-de-carga-es\/juego-de-montaje-para-travesano-att-32-c\/"},{"id":377975,"cdmm_p_id":"159","name":"Placa de transmisi\u00f3n GA III","description":"\u00c1ngulo de ajuste +\/- 40\u00ba \/ +\/- 17\u00ba, capacidad de carga 1 t, espiga \u00d8 35 mm, dimensiones 400 x 300 mm (ajustables hasta 600 x 400 mm), correa tensora para sujetar la carga","thumbnail":"https:\/\/dev.codekraft.it\/rotary-2024\/wp-content\/uploads\/brb_media\/00022508-150x150.png","url":"https:\/\/dev.codekraft.it\/rotary-2024\/es\/productos\/accesorios-elevadores-es\/placas-de-transmision-es\/placa-de-transmision-ga-iii\/"},{"id":377969,"cdmm_p_id":"160","name":"Placa de transmisi\u00f3n GA IV","description":"\u00c1ngulo de ajuste +\/- 12\u00ba, capacidad de carga 1 t, espiga \u00d8 35 mm, dimensiones 530 x 380 mm, galvanizado de serie, correa tensora para sujetar la carga, grandes superficies de apoyo de goma","thumbnail":"https:\/\/dev.codekraft.it\/rotary-2024\/wp-content\/uploads\/brb_media\/00022510_gearbox-plate-ga-iv-mi-150x150.png","url":"https:\/\/dev.codekraft.it\/rotary-2024\/es\/productos\/accesorios-elevadores-es\/placas-de-transmision-es\/placa-de-transmision-ga-iv\/"},{"id":377963,"cdmm_p_id":"161","name":"Caballetes de prisma","description":"Para GA IV | 2 piezas","thumbnail":"https:\/\/dev.codekraft.it\/rotary-2024\/wp-content\/uploads\/brb_media\/00023007_prismenblocke-fur-ga-iv_web-150x150.png","url":"https:\/\/dev.codekraft.it\/rotary-2024\/es\/productos\/accesorios-elevadores-es\/dispositivos-de-transporte-de-carga-es\/caballetes-de-prisma\/"},{"id":377525,"cdmm_p_id":"334","name":"Equipo de montaje para grupos V00","description":"par Vito\/BR 638\/639","thumbnail":"https:\/\/dev.codekraft.it\/rotary-2024\/wp-content\/uploads\/brb_media\/00023398_montagevorrichtung-fur-aggregate-v00_web-150x150.png","url":"https:\/\/dev.codekraft.it\/rotary-2024\/es\/productos\/otros-productos-es\/herramientas-especiales-es\/equipo-de-montaje-para-grupos-v00\/"},{"id":377513,"cdmm_p_id":"337","name":"Equipo de montaje para grupos V00-2","description":"para Vito con motor de gasolina V6)","thumbnail":"https:\/\/dev.codekraft.it\/rotary-2024\/wp-content\/uploads\/brb_media\/00023396_montagevorrichtung-fur-aggregate-v00-2_web-150x150.png","url":"https:\/\/dev.codekraft.it\/rotary-2024\/es\/productos\/accesorios-otros-productos-es\/accesorios-herramientas-especiales-es\/equipo-de-montaje-para-grupos-v00-2\/"}],"components":[],"related":[],"similar":[{"id":377332,"cdmm_p_id":"3","name":"Elevador para liberar ejes Master Jack 2,5","description":"2,5 t, carrera 1100 mm, neumohidr\u00e1ulico, control por pie","thumbnail":"https:\/\/dev.codekraft.it\/rotary-2024\/wp-content\/uploads\/brb_media\/00022507_gearbox-lift-master-jack-4-2c0-mi-150x150.png","url":"https:\/\/dev.codekraft.it\/rotary-2024\/es\/productos\/elevadores-es\/gatos-de-transmision-es\/elevador-para-liberar-ejes-master-jack-25\/"}],"lang":"es","translations":{"es":377338,"en":377334,"de":377335,"fr":377336,"it":377337,"ru":377339},"pll_sync_post":[],"_links":{"self":[{"href":"https:\/\/dev.codekraft.it\/rotary-2024\/wp-json\/wp\/v2\/product\/377338","targetHints":{"allow":["GET"]}}],"collection":[{"href":"https:\/\/dev.codekraft.it\/rotary-2024\/wp-json\/wp\/v2\/product"}],"about":[{"href":"https:\/\/dev.codekraft.it\/rotary-2024\/wp-json\/wp\/v2\/types\/product"}],"wp:featuredmedia":[{"embeddable":true,"href":"https:\/\/dev.codekraft.it\/rotary-2024\/wp-json\/wp\/v2\/media\/348316"}],"wp:attachment":[{"href":"https:\/\/dev.codekraft.it\/rotary-2024\/wp-json\/wp\/v2\/media?parent=377338"}],"wp:term":[{"taxonomy":"product_cat","embeddable":true,"href":"https:\/\/dev.codekraft.it\/rotary-2024\/wp-json\/wp\/v2\/product_cat?post=377338"},{"taxonomy":"product_tag","embeddable":true,"href":"https:\/\/dev.codekraft.it\/rotary-2024\/wp-json\/wp\/v2\/product_tag?post=377338"},{"taxonomy":"product_approvals","embeddable":true,"href":"https:\/\/dev.codekraft.it\/rotary-2024\/wp-json\/wp\/v2\/product_approvals?post=377338"},{"taxonomy":"product_application","embeddable":true,"href":"https:\/\/dev.codekraft.it\/rotary-2024\/wp-json\/wp\/v2\/product_application?post=377338"}],"curies":[{"name":"wp","href":"https:\/\/api.w.org\/{rel}","templated":true}]}}