{"id":377335,"date":"2025-12-11T10:04:39","date_gmt":"2025-12-11T10:04:39","guid":{"rendered":"https:\/\/dev.codekraft.it\/rotary-2024\/products\/uncategorized\/getriebe-und-aggregateheber-master-jack-40\/"},"modified":"2025-12-11T10:04:39","modified_gmt":"2025-12-11T10:04:39","slug":"getriebe-und-aggregateheber-master-jack-40","status":"publish","type":"product","link":"https:\/\/dev.codekraft.it\/rotary-2024\/produkte\/hebebuhnen-de\/getriebeheber-de\/getriebe-und-aggregateheber-master-jack-40\/","title":{"rendered":"Getriebe- und Aggregateheber Master Jack 4,0"},"content":{"rendered":"<p>Unsere starken Getriebe- und Aggregatheber speziell f\u00fcr die kleineren und mittleren Lasten \u00fcberzeugen durch einfachen Bedienkomfort.<\/p>\n<ul>\n<li>Intuitive 4-fach Bedienung &#8211; perfekt abgestimmt f\u00fcr den Anwender<\/li>\n<li>Stabile und kompakte Bauweise<\/li>\n<li>Made in Germany &#8211; seit 125 Jahren<\/li>\n<\/ul>\n<ul>\n<li>Hydraulisch-pneumatischer Schnellhub sorgt f\u00fcr ein rasches Anfahren der Kolbenstange bis zum Lastaufnahmepunkt<\/li>\n<li>Lasthub mittels Luftmotor erlaubt das Heben der Last einfach per Fu\u00dfpedal\u00a0<\/li>\n<li>Stufenloser Feinhub per Fu\u00dfpedal &#8211; wichtig zum feinf\u00fchligen Anheben sowie beim Einsetzen von Aggregaten<\/li>\n<li>Feinf\u00fchliges senken des Hubstempels mittels justierbarem Hebel oder Fu\u00dfpedal<\/li>\n<\/ul>\n<ul>\n<li>Hydraulisch-pneumatische Zwangsr\u00fcckf\u00fchrung erm\u00f6glicht ein schnelles R\u00fcckfahren des Stempels mit und ohne Last<\/li>\n<li>Die Bodenplatte des Fahrgestells ist vollst\u00e4ndig begehbar und kann als Standfl\u00e4che dienen. Integrierte Bohrungen dienen der praktischen Werkzeugaufnahme.<\/li>\n<\/ul>\n<ul>\n<li>Integrierten Feststellbremsen an den Laufrollen sorgen f\u00fcr einen sicheren Stand<\/li>\n<li>Der besonders niedrige Schwerpunkt garantiert einen kippsicheren Stand des Getriebehebers<\/li>\n<li>Das Fahrgestell senkt sich ab 0,8 t Last automatisch ab<\/li>\n<li>Vollhydraulische Hubeinheit &#8211; bei jeder Hub- bzw. Senkbewegung wird die Kolbenstangen mit \u00d6l benetzt &#8211; kein Rost an der Zylinderwand und Kolbenstange!<\/li>\n<li>2-Schicht Lackierung &#8211; Aufw\u00e4ndiges Lackierverfahren f\u00fcr einen perfekten Korrosionsschutz.<\/li>\n<li>Sowohl Kolbenstange als auch Pumpenkolben sind zum Schutz vor Korrosion und Verschlei\u00df hartverchromt<\/li>\n<\/ul>\n","protected":false},"excerpt":{"rendered":"<p>4,0 t, 1100 mm Hub, lufthydraulisch, Fu\u00dfbedienung<\/p>\n","protected":false},"featured_media":348316,"template":"","meta":[],"product_brand":[],"product_cat":[1033854],"product_tag":[1034260,1034143,1034229,1034212,1034126,1034178,1034195],"product_approvals":[],"product_application":[],"class_list":{"0":"post-377335","1":"product","2":"type-product","3":"status-publish","4":"has-post-thumbnail","6":"product_cat-getriebeheber-de","7":"product_tag-anhanger-de","8":"product_tag-buses-de","9":"product_tag-tracked-vehicles-de","10":"product_tag-agricultural-machines-de","11":"product_tag-trucks-de","12":"product_tag-light-commercial-de","13":"product_tag-motor-homes-de","15":"first","16":"instock","17":"shipping-taxable","18":"product-type-simple"},"approvals":[],"application":[],"brb_media_brochure":[{"id":348317,"url":"https:\/\/dev.codekraft.it\/rotary-2024\/wp-content\/uploads\/brb_media\/00413575_gearbox-lift-master-jack-126479-de-2019-05-screen.pdf","title":"gearbox lift master jack 126479 de 2019 05 screen","mpn":"","thumbnail":"https:\/\/dev.codekraft.it\/rotary-2024\/wp-content\/uploads\/brb_media\/00413575_gearbox-lift-master-jack-126479-de-2019-05-screen-pdf-106x150.png","description":""},{"id":348318,"url":"https:\/\/dev.codekraft.it\/rotary-2024\/wp-content\/uploads\/brb_media\/00413576_gearbox-lift-master-jack-126480-en-2019-05-screen.pdf","title":"gearbox lift master jack 126480 en 2019 05 screen","mpn":"","thumbnail":"https:\/\/dev.codekraft.it\/rotary-2024\/wp-content\/uploads\/brb_media\/00413576_gearbox-lift-master-jack-126480-en-2019-05-screen-pdf-106x150.png","description":""},{"id":348319,"url":"https:\/\/dev.codekraft.it\/rotary-2024\/wp-content\/uploads\/brb_media\/00413577_gearbox-lift-master-jack-126481-fr-2019-05-screen.pdf","title":"gearbox lift master jack 126481 fr 2019 05 screen","mpn":"","thumbnail":"https:\/\/dev.codekraft.it\/rotary-2024\/wp-content\/uploads\/brb_media\/00413577_gearbox-lift-master-jack-126481-fr-2019-05-screen-pdf-106x150.png","description":""},{"id":348320,"url":"https:\/\/dev.codekraft.it\/rotary-2024\/wp-content\/uploads\/brb_media\/00413578_gearbox-lift-master-jack-126482-it-2019-05-screen.pdf","title":"gearbox lift master jack 126482 it 2019 05 screen","mpn":"","thumbnail":"https:\/\/dev.codekraft.it\/rotary-2024\/wp-content\/uploads\/brb_media\/00413578_gearbox-lift-master-jack-126482-it-2019-05-screen-pdf-106x150.png","description":""},{"id":348321,"url":"https:\/\/dev.codekraft.it\/rotary-2024\/wp-content\/uploads\/brb_media\/00413579_gearbox-lift-master-jack-126483-es-2019-05-screen.pdf","title":"gearbox lift master jack 126483 es 2019 05 screen","mpn":"","thumbnail":"https:\/\/dev.codekraft.it\/rotary-2024\/wp-content\/uploads\/brb_media\/00413579_gearbox-lift-master-jack-126483-es-2019-05-screen-pdf-106x150.png","description":""},{"id":348322,"url":"https:\/\/dev.codekraft.it\/rotary-2024\/wp-content\/uploads\/brb_media\/00413580_gearbox-lift-master-jack-126484-ru-2019-05-screen.pdf","title":"gearbox lift master jack 126484 ru 2019 05 screen","mpn":"","thumbnail":"https:\/\/dev.codekraft.it\/rotary-2024\/wp-content\/uploads\/brb_media\/00413580_gearbox-lift-master-jack-126484-ru-2019-05-screen-pdf-106x150.png","description":""}],"brb_media_drawing":"","brb_media_manuals":[{"id":377313,"url":"https:\/\/dev.codekraft.it\/rotary-2024\/wp-content\/uploads\/brb_media\/00550435_floor-running-pit-lift-om-sp-118691-de-2025-06-rev-k.pdf","title":"Floor running pit lift OM SP 118691 de 2025 06 Rev K","mpn":"","thumbnail":"https:\/\/dev.codekraft.it\/rotary-2024\/wp-content\/uploads\/brb_media\/00550435_floor-running-pit-lift-om-sp-118691-de-2025-06-rev-k-pdf-106x150.png","description":""},{"id":377314,"url":"https:\/\/dev.codekraft.it\/rotary-2024\/wp-content\/uploads\/brb_media\/00550443_floor-running-pit-lift-om-118774-en-2025-03-rev-i.pdf","title":"Floor running pit lift OM 118774 en 2025 03 Rev I","mpn":"","thumbnail":"https:\/\/dev.codekraft.it\/rotary-2024\/wp-content\/uploads\/brb_media\/00550443_floor-running-pit-lift-om-118774-en-2025-03-rev-i-pdf-106x150.png","description":""},{"id":377315,"url":"https:\/\/dev.codekraft.it\/rotary-2024\/wp-content\/uploads\/brb_media\/00550448_floor-running-pit-lift-om-118778-fr-2024-02-rev-e.pdf","title":"Floor running pit lift OM 118778 fr 2024 02 Rev E","mpn":"","thumbnail":"https:\/\/dev.codekraft.it\/rotary-2024\/wp-content\/uploads\/brb_media\/00550448_floor-running-pit-lift-om-118778-fr-2024-02-rev-e-pdf-106x150.png","description":""},{"id":348328,"url":"https:\/\/dev.codekraft.it\/rotary-2024\/wp-content\/uploads\/brb_media\/00421662_floor-running-pit-lift-om-118779-it-2019-05-d.pdf","title":"floor running pit lift om 118779 it 2019 05 d","mpn":"","thumbnail":"https:\/\/dev.codekraft.it\/rotary-2024\/wp-content\/uploads\/brb_media\/00421662_floor-running-pit-lift-om-118779-it-2019-05-d-pdf-106x150.png","description":""},{"id":348326,"url":"https:\/\/dev.codekraft.it\/rotary-2024\/wp-content\/uploads\/brb_media\/00421663_floor-running-pit-lift-om-118777-es-2019-05-d.pdf","title":"floor running pit lift om 118777 es 2019 05 d","mpn":"","thumbnail":"https:\/\/dev.codekraft.it\/rotary-2024\/wp-content\/uploads\/brb_media\/00421663_floor-running-pit-lift-om-118777-es-2019-05-d-pdf-106x150.png","description":""},{"id":348329,"url":"https:\/\/dev.codekraft.it\/rotary-2024\/wp-content\/uploads\/brb_media\/00421664_floor-running-pit-lift-om-118780-ru-2019-05-d.pdf","title":"floor running pit lift om 118780 ru 2019 05 d","mpn":"","thumbnail":"https:\/\/dev.codekraft.it\/rotary-2024\/wp-content\/uploads\/brb_media\/00421664_floor-running-pit-lift-om-118780-ru-2019-05-d-pdf-106x150.png","description":""},{"id":377316,"url":"https:\/\/dev.codekraft.it\/rotary-2024\/wp-content\/uploads\/brb_media\/00550449_floor-running-pit-lift-om-118774-nl-2019-05-d.pdf","title":"Floor running pit lift OM 118774 nl 2019 05 D","mpn":"","thumbnail":"https:\/\/dev.codekraft.it\/rotary-2024\/wp-content\/uploads\/brb_media\/00550449_floor-running-pit-lift-om-118774-nl-2019-05-d-pdf-106x150.png","description":""}],"brb_media_safety_datasheets":"","brb_media_spare_parts":[],"_cdmm_p_id":"2","_company":"Elektron","_gtin":"4057612014709","accessories":[{"id":377184,"mpn":"3378350","name":"Achstraverse ATH","description":"1,5 t, Zapfen-\u00d8 35 mm, Verstellbereich 550 - 1200 mm, 1-fach teleskopierbar | inkl. 2 Aufnahmeadaptern und 2 Distanzst\u00fccken","thumbnail":"https:\/\/dev.codekraft.it\/rotary-2024\/wp-content\/uploads\/brb_media\/00023152_ath-ohne-text_web-150x150.png","url":"https:\/\/dev.codekraft.it\/rotary-2024\/produkte\/zubehor-hebebuhnen-de\/abstutzsysteme-de\/achstraverse-ath\/"},{"id":377178,"mpn":"3350","name":"Achstraverse ATT 3,2","description":"3,2 t, Zapfen-\u00d8 35 mm, Verstellbereich 630 - 1230 mm, 2-fach teleskopierbar | f\u00fcr Pkw und Transporter | inkl. 3 Aufnahmeadaptern","thumbnail":"https:\/\/dev.codekraft.it\/rotary-2024\/wp-content\/uploads\/brb_media\/00108011_at32-150x150.png","url":"https:\/\/dev.codekraft.it\/rotary-2024\/produkte\/zubehor-hebebuhnen-de\/abstutzsysteme-de\/achstraverse-att-32\/"},{"id":377192,"mpn":"3136","name":"Getriebeplatte GA Pkw","description":"Verstellwinkel +\/- 10\u00b0, Tragf\u00e4higkeit 400 kg, Zapfen-\u00d8 35 mm, Ma\u00dfe 300 x 240 mm, Spanngurt zum Sichern der Last, gro\u00dfe Auflagefl\u00e4che aus Gummi | Universell einsetzbar f\u00fcr Pkw, besonders geeignet f\u00fcr Mercedes-Benz Automatikgetriebe","thumbnail":"https:\/\/dev.codekraft.it\/rotary-2024\/wp-content\/uploads\/brb_media\/00022512-150x150.png","url":"https:\/\/dev.codekraft.it\/rotary-2024\/produkte\/zubehor-hebebuhnen-de\/getriebeplatten-de\/getriebeplatte-ga-pkw\/"},{"id":379760,"mpn":"124950","name":"Achstraverse ATT 3,2 C","description":"3,2 t, Zapfen-\u00d8 55 mm, Verstellbereich 868 - 1660 mm, 2-fach teleskopierbar | f\u00fcr Pkw und Transporter | inkl. Aufnahmeadapter","thumbnail":"https:\/\/dev.codekraft.it\/rotary-2024\/wp-content\/uploads\/brb_media\/00397018_axle-traverse-att32c_mi_001-150x150.png","url":"https:\/\/dev.codekraft.it\/rotary-2024\/produkte\/zubehor-hebebuhnen-de\/abstutzsysteme-de\/achstraverse-att-32-c\/"},{"id":379766,"mpn":"125216","name":"Aufnahmesatz f\u00fcr Traverse ATT 3,2 C","description":"Optionales Zubeh\u00f6r f\u00fcr die Transporteraufnahme, empfohlenes steckbares Aufnahmeset | f\u00fcr Pkw \/ Transporter \/ MAN \/ Crafter \/ Sprinter","thumbnail":"https:\/\/dev.codekraft.it\/rotary-2024\/wp-content\/uploads\/brb_media\/00397020_125216_att32c_traverse-150x150.png","url":"https:\/\/dev.codekraft.it\/rotary-2024\/produkte\/zubehor-hebebuhnen-de\/lastaufnahmemittel-de\/aufnahmesatz-fur-traverse-att-32-c\/"},{"id":377972,"mpn":"3134","name":"Getriebeplatte GA III","description":"Verstellwinkel +\/- 40\u00b0 \/ +\/- 17\u00b0, Tragf\u00e4higkeit 1 t, Zapfen-\u00d8 35 mm, Ma\u00dfe 400 x 300 mm (auf 600 x 400 mm verstellbar), Spanngurte zum Sichern der Last","thumbnail":"https:\/\/dev.codekraft.it\/rotary-2024\/wp-content\/uploads\/brb_media\/00022508-150x150.png","url":"https:\/\/dev.codekraft.it\/rotary-2024\/produkte\/zubehor-hebebuhnen-de\/getriebeplatten-de\/getriebeplatte-ga-iii\/"},{"id":377966,"mpn":"3135","name":"Getriebeplatte GA IV","description":"Verstellwinkel +\/- 12\u00b0, Tragf\u00e4higkeit 1 t, Zapfen-\u00d8 35 mm, Ma\u00dfe 546 x 381 mm, serienm\u00e4\u00dfig verzinkt, Spanngurte zum Sichern der Last, gro\u00dfe Auflagefl\u00e4chen aus Gummi","thumbnail":"https:\/\/dev.codekraft.it\/rotary-2024\/wp-content\/uploads\/brb_media\/00022510_gearbox-plate-ga-iv-mi-150x150.png","url":"https:\/\/dev.codekraft.it\/rotary-2024\/produkte\/zubehor-hebebuhnen-de\/getriebeplatten-de\/getriebeplatte-ga-iv\/"},{"id":377960,"mpn":"3135060","name":"Prismenb\u00f6cke","description":"F\u00fcr GA IV | 2 St\u00fcck","thumbnail":"https:\/\/dev.codekraft.it\/rotary-2024\/wp-content\/uploads\/brb_media\/00023007_prismenblocke-fur-ga-iv_web-150x150.png","url":"https:\/\/dev.codekraft.it\/rotary-2024\/produkte\/zubehor-hebebuhnen-de\/lastaufnahmemittel-de\/prismenbocke\/"},{"id":377522,"mpn":"3745800","name":"Montagevorrichtung f\u00fcr Aggregate V00","description":"f\u00fcr Vito\/BR 638\/639","thumbnail":"https:\/\/dev.codekraft.it\/rotary-2024\/wp-content\/uploads\/brb_media\/00023398_montagevorrichtung-fur-aggregate-v00_web-150x150.png","url":"https:\/\/dev.codekraft.it\/rotary-2024\/produkte\/sonstige-produkte-de\/sonderwerkzeuge-de\/montagevorrichtung-fur-aggregate-v00\/"},{"id":377510,"mpn":"3745850","name":"Montagevorrichtung f\u00fcr Aggregate V00-2","description":"f\u00fcr Vito mit V6 Benzinmotor","thumbnail":"https:\/\/dev.codekraft.it\/rotary-2024\/wp-content\/uploads\/brb_media\/00023396_montagevorrichtung-fur-aggregate-v00-2_web-150x150.png","url":"https:\/\/dev.codekraft.it\/rotary-2024\/produkte\/zubehor-sonstige-produkte-de\/zubehor-sonderwerkzeuge-de\/montagevorrichtung-fur-aggregate-v00-2\/"}],"components":[],"related":[],"page_logo_src":"https:\/\/dev.codekraft.it\/rotary-2024\/wp-content\/uploads\/2024\/05\/cropped-rotary-logo-2022.png","lang":"de","translations":{"de":377335,"en":377334,"fr":377336,"it":377337,"es":377338,"ru":377339},"pll_sync_post":[],"_links":{"self":[{"href":"https:\/\/dev.codekraft.it\/rotary-2024\/wp-json\/wp\/v2\/product\/377335","targetHints":{"allow":["GET"]}}],"collection":[{"href":"https:\/\/dev.codekraft.it\/rotary-2024\/wp-json\/wp\/v2\/product"}],"about":[{"href":"https:\/\/dev.codekraft.it\/rotary-2024\/wp-json\/wp\/v2\/types\/product"}],"wp:featuredmedia":[{"embeddable":true,"href":"https:\/\/dev.codekraft.it\/rotary-2024\/wp-json\/wp\/v2\/media\/348316"}],"wp:attachment":[{"href":"https:\/\/dev.codekraft.it\/rotary-2024\/wp-json\/wp\/v2\/media?parent=377335"}],"wp:term":[{"taxonomy":"product_brand","embeddable":true,"href":"https:\/\/dev.codekraft.it\/rotary-2024\/wp-json\/wp\/v2\/product_brand?post=377335"},{"taxonomy":"product_cat","embeddable":true,"href":"https:\/\/dev.codekraft.it\/rotary-2024\/wp-json\/wp\/v2\/product_cat?post=377335"},{"taxonomy":"product_tag","embeddable":true,"href":"https:\/\/dev.codekraft.it\/rotary-2024\/wp-json\/wp\/v2\/product_tag?post=377335"},{"taxonomy":"product_approvals","embeddable":true,"href":"https:\/\/dev.codekraft.it\/rotary-2024\/wp-json\/wp\/v2\/product_approvals?post=377335"},{"taxonomy":"product_application","embeddable":true,"href":"https:\/\/dev.codekraft.it\/rotary-2024\/wp-json\/wp\/v2\/product_application?post=377335"}],"curies":[{"name":"wp","href":"https:\/\/api.w.org\/{rel}","templated":true}]}}