{"id":377330,"date":"2025-12-11T10:10:57","date_gmt":"2025-12-11T10:10:57","guid":{"rendered":"https:\/\/dev.codekraft.it\/rotary-2024\/products\/uncategorized\/systeme-de-levage-de-transmissions-master-jack-25\/"},"modified":"2025-12-11T10:10:57","modified_gmt":"2025-12-11T10:10:57","slug":"systeme-de-levage-de-transmissions-master-jack-25","status":"publish","type":"product","link":"https:\/\/dev.codekraft.it\/rotary-2024\/fr\/produits\/ponts-elevateurs-fr\/verins-de-transmission-fr\/systeme-de-levage-de-transmissions-master-jack-25\/","title":{"rendered":"Syst\u00e8me de levage de transmissions Master Jack 2,5"},"content":{"rendered":"<p>Nos ensembles de v\u00e9rins de levage de transmission, robustes et sp\u00e9cialement adapt\u00e9s pour les charges petites et moyennes, convainquent par un confort d\u2019utilisation simple.<\/p>\n<ul>\n<li>Fonctionnement intuitif \u00e0 4 directions &#8211; s\u2019adapte parfaitement \u00e0 l\u2019utilisateur<\/li>\n<li>Design robuste et compact<\/li>\n<li>Fabriqu\u00e9 en Allemagne &#8211; depuis 125 ans<\/li>\n<\/ul>\n<ul>\n<li>Le fonctionnement intuitif \u00e0 4 directions comprend :<\/li>\n<li>Le syst\u00e8me de levage hydraulique-pneumatique rapide garantit que la tige de piston se d\u00e9place rapidement au point de levage de charge<\/li>\n<li>Le syst\u00e8me de levage de charge au moyen d\u2019un moteur pneumatique permet de lever la charge simplement par les p\u00e9dales<\/li>\n<li>Levage de pr\u00e9cision pouvant \u00eatre r\u00e9gl\u00e9 en continu par p\u00e9dale &#8211; important pour un levage d\u00e9licat et pendant l\u2019insertion d\u2019unit\u00e9s<\/li>\n<li>Abaissement d\u00e9licat des montants porteurs au moyen d\u2019un levier r\u00e9glable ou d\u2019une p\u00e9dale<\/li>\n<\/ul>\n<ul>\n<li>Le retour forc\u00e9 hydraulique-pneumatique permet un retour rapide du montant avec et sans charge<\/li>\n<li>La plaque de fond du ch\u00e2ssis est totalement accessible et peut servir de surface d\u2019appui. Les orifices int\u00e9gr\u00e9s sont utilis\u00e9s comme porte-outil pratique.<\/li>\n<\/ul>\n<ul>\n<li>Les freins de stationnement int\u00e9gr\u00e9s sur les roulettes garantissent une stabilit\u00e9 s\u00fbre<\/li>\n<li>Le centre de gravit\u00e9 particuli\u00e8rement bas assure une bonne position du cric et l&#8217;emp\u00eache de basculer<\/li>\n<li>D\u2019une charge de 0,8 t, le ch\u00e2ssis s\u2019abaisse automatiquement<\/li>\n<li>Unit\u00e9 de levage enti\u00e8rement hydraulique &#8211; \u00e0 chaque mouvement de mont\u00e9e et de descente, les tiges de piston chrom\u00e9es sont humidifi\u00e9es avec de l\u2019huile &#8211; pas de rouille sur la paroi du v\u00e9rin et la tige de piston !<\/li>\n<li>Rev\u00eatement \u00e0 2 couches &#8211; Processus de rev\u00eatement complexe pour une protection id\u00e9ale contre la corrosion.<\/li>\n<li>Le piston de pompe et la tige de piston sont tous les deux chrom\u00e9s pour prot\u00e9ger contre la corrosion et l\u2019usure<\/li>\n<\/ul>\n","protected":false},"excerpt":{"rendered":"<p>2,5 t, course de 1100 mm, hydropneumatique, commande \u00e0 p\u00e9dale<\/p>\n","protected":false},"featured_media":348316,"template":"","meta":[],"product_cat":[1033858],"product_tag":[1034145,1034128,1034197,1034262,1034180,1034231,1034214,1034163],"product_approvals":[1013890,1013873,1013907,1013992,1013924,1013975,1013958,1013941],"product_application":[],"class_list":{"0":"post-377330","1":"product","2":"type-product","3":"status-publish","4":"has-post-thumbnail","6":"product_cat-verins-de-transmission-fr","7":"product_tag-buses-fr","8":"product_tag-trucks-fr","9":"product_tag-motor-homes-fr","10":"product_tag-remorques-fr","11":"product_tag-light-commercial-fr","12":"product_tag-tracked-vehicles-fr","13":"product_tag-agricultural-machines-fr","14":"product_tag-passenger-cars-fr","15":"product_approvals-audi-fr","16":"product_approvals-bentley-fr","17":"product_approvals-bugatti-fr","18":"product_approvals-lamborghini-fr","19":"product_approvals-porsche-fr","20":"product_approvals-seat-fr","21":"product_approvals-skoda-fr","22":"product_approvals-vw-fr","24":"first","25":"instock","26":"shipping-taxable","27":"product-type-simple"},"approvals":[{"term_id":1013890,"name":"Audi","slug":"audi-fr","term_group":0,"term_taxonomy_id":1013889,"taxonomy":"product_approvals","description":"","parent":0,"count":26,"filter":"raw"},{"term_id":1013873,"name":"Bentley","slug":"bentley-fr","term_group":0,"term_taxonomy_id":1013872,"taxonomy":"product_approvals","description":"","parent":0,"count":26,"filter":"raw"},{"term_id":1013907,"name":"Bugatti","slug":"bugatti-fr","term_group":0,"term_taxonomy_id":1013906,"taxonomy":"product_approvals","description":"","parent":0,"count":26,"filter":"raw"},{"term_id":1013992,"name":"Lamborghini","slug":"lamborghini-fr","term_group":0,"term_taxonomy_id":1013991,"taxonomy":"product_approvals","description":"","parent":0,"count":26,"filter":"raw"},{"term_id":1013924,"name":"Porsche","slug":"porsche-fr","term_group":0,"term_taxonomy_id":1013923,"taxonomy":"product_approvals","description":"","parent":0,"count":24,"filter":"raw"},{"term_id":1013975,"name":"Seat","slug":"seat-fr","term_group":0,"term_taxonomy_id":1013974,"taxonomy":"product_approvals","description":"","parent":0,"count":26,"filter":"raw"},{"term_id":1013958,"name":"Skoda","slug":"skoda-fr","term_group":0,"term_taxonomy_id":1013957,"taxonomy":"product_approvals","description":"","parent":0,"count":23,"filter":"raw"},{"term_id":1013941,"name":"VW","slug":"vw-fr","term_group":0,"term_taxonomy_id":1013940,"taxonomy":"product_approvals","description":"","parent":0,"count":26,"filter":"raw"}],"application":[],"brb_media_brochure":[{"id":348317,"url":"https:\/\/dev.codekraft.it\/rotary-2024\/wp-content\/uploads\/brb_media\/00413575_gearbox-lift-master-jack-126479-de-2019-05-screen.pdf","title":"gearbox lift master jack 126479 de 2019 05 screen","mpn":"","thumbnail":"https:\/\/dev.codekraft.it\/rotary-2024\/wp-content\/uploads\/brb_media\/00413575_gearbox-lift-master-jack-126479-de-2019-05-screen-pdf-106x150.png","description":""},{"id":348318,"url":"https:\/\/dev.codekraft.it\/rotary-2024\/wp-content\/uploads\/brb_media\/00413576_gearbox-lift-master-jack-126480-en-2019-05-screen.pdf","title":"gearbox lift master jack 126480 en 2019 05 screen","mpn":"","thumbnail":"https:\/\/dev.codekraft.it\/rotary-2024\/wp-content\/uploads\/brb_media\/00413576_gearbox-lift-master-jack-126480-en-2019-05-screen-pdf-106x150.png","description":""},{"id":348319,"url":"https:\/\/dev.codekraft.it\/rotary-2024\/wp-content\/uploads\/brb_media\/00413577_gearbox-lift-master-jack-126481-fr-2019-05-screen.pdf","title":"gearbox lift master jack 126481 fr 2019 05 screen","mpn":"","thumbnail":"https:\/\/dev.codekraft.it\/rotary-2024\/wp-content\/uploads\/brb_media\/00413577_gearbox-lift-master-jack-126481-fr-2019-05-screen-pdf-106x150.png","description":""},{"id":348320,"url":"https:\/\/dev.codekraft.it\/rotary-2024\/wp-content\/uploads\/brb_media\/00413578_gearbox-lift-master-jack-126482-it-2019-05-screen.pdf","title":"gearbox lift master jack 126482 it 2019 05 screen","mpn":"","thumbnail":"https:\/\/dev.codekraft.it\/rotary-2024\/wp-content\/uploads\/brb_media\/00413578_gearbox-lift-master-jack-126482-it-2019-05-screen-pdf-106x150.png","description":""},{"id":348321,"url":"https:\/\/dev.codekraft.it\/rotary-2024\/wp-content\/uploads\/brb_media\/00413579_gearbox-lift-master-jack-126483-es-2019-05-screen.pdf","title":"gearbox lift master jack 126483 es 2019 05 screen","mpn":"","thumbnail":"https:\/\/dev.codekraft.it\/rotary-2024\/wp-content\/uploads\/brb_media\/00413579_gearbox-lift-master-jack-126483-es-2019-05-screen-pdf-106x150.png","description":""},{"id":348322,"url":"https:\/\/dev.codekraft.it\/rotary-2024\/wp-content\/uploads\/brb_media\/00413580_gearbox-lift-master-jack-126484-ru-2019-05-screen.pdf","title":"gearbox lift master jack 126484 ru 2019 05 screen","mpn":"","thumbnail":"https:\/\/dev.codekraft.it\/rotary-2024\/wp-content\/uploads\/brb_media\/00413580_gearbox-lift-master-jack-126484-ru-2019-05-screen-pdf-106x150.png","description":""}],"brb_media_drawing":"","brb_media_manuals":[{"id":377313,"url":"https:\/\/dev.codekraft.it\/rotary-2024\/wp-content\/uploads\/brb_media\/00550435_floor-running-pit-lift-om-sp-118691-de-2025-06-rev-k.pdf","title":"Floor running pit lift OM SP 118691 de 2025 06 Rev K","mpn":"","thumbnail":"https:\/\/dev.codekraft.it\/rotary-2024\/wp-content\/uploads\/brb_media\/00550435_floor-running-pit-lift-om-sp-118691-de-2025-06-rev-k-pdf-106x150.png","description":""},{"id":377314,"url":"https:\/\/dev.codekraft.it\/rotary-2024\/wp-content\/uploads\/brb_media\/00550443_floor-running-pit-lift-om-118774-en-2025-03-rev-i.pdf","title":"Floor running pit lift OM 118774 en 2025 03 Rev I","mpn":"","thumbnail":"https:\/\/dev.codekraft.it\/rotary-2024\/wp-content\/uploads\/brb_media\/00550443_floor-running-pit-lift-om-118774-en-2025-03-rev-i-pdf-106x150.png","description":""},{"id":377315,"url":"https:\/\/dev.codekraft.it\/rotary-2024\/wp-content\/uploads\/brb_media\/00550448_floor-running-pit-lift-om-118778-fr-2024-02-rev-e.pdf","title":"Floor running pit lift OM 118778 fr 2024 02 Rev E","mpn":"","thumbnail":"https:\/\/dev.codekraft.it\/rotary-2024\/wp-content\/uploads\/brb_media\/00550448_floor-running-pit-lift-om-118778-fr-2024-02-rev-e-pdf-106x150.png","description":""},{"id":348328,"url":"https:\/\/dev.codekraft.it\/rotary-2024\/wp-content\/uploads\/brb_media\/00421662_floor-running-pit-lift-om-118779-it-2019-05-d.pdf","title":"floor running pit lift om 118779 it 2019 05 d","mpn":"","thumbnail":"https:\/\/dev.codekraft.it\/rotary-2024\/wp-content\/uploads\/brb_media\/00421662_floor-running-pit-lift-om-118779-it-2019-05-d-pdf-106x150.png","description":""},{"id":348326,"url":"https:\/\/dev.codekraft.it\/rotary-2024\/wp-content\/uploads\/brb_media\/00421663_floor-running-pit-lift-om-118777-es-2019-05-d.pdf","title":"floor running pit lift om 118777 es 2019 05 d","mpn":"","thumbnail":"https:\/\/dev.codekraft.it\/rotary-2024\/wp-content\/uploads\/brb_media\/00421663_floor-running-pit-lift-om-118777-es-2019-05-d-pdf-106x150.png","description":""},{"id":348329,"url":"https:\/\/dev.codekraft.it\/rotary-2024\/wp-content\/uploads\/brb_media\/00421664_floor-running-pit-lift-om-118780-ru-2019-05-d.pdf","title":"floor running pit lift om 118780 ru 2019 05 d","mpn":"","thumbnail":"https:\/\/dev.codekraft.it\/rotary-2024\/wp-content\/uploads\/brb_media\/00421664_floor-running-pit-lift-om-118780-ru-2019-05-d-pdf-106x150.png","description":""},{"id":377316,"url":"https:\/\/dev.codekraft.it\/rotary-2024\/wp-content\/uploads\/brb_media\/00550449_floor-running-pit-lift-om-118774-nl-2019-05-d.pdf","title":"Floor running pit lift OM 118774 nl 2019 05 D","mpn":"","thumbnail":"https:\/\/dev.codekraft.it\/rotary-2024\/wp-content\/uploads\/brb_media\/00550449_floor-running-pit-lift-om-118774-nl-2019-05-d-pdf-106x150.png","description":""}],"brb_media_safety_datasheets":"","brb_media_spare_parts":[],"_cdmm_p_id":"3","_company":"Elektron","_gtin":"4057612014679","accessories":[{"id":377185,"mpn":"3378350","name":"Traverse d&#039;essieu ATH","description":"1,5 t, \u00d8 de goujon 35 mm, plage de r\u00e9glage 550 - 1200 mm, 1 fois t\u00e9lescopique | incl. 2 tampons et 2 pi\u00e8ces d'\u00e9cartemen","thumbnail":"https:\/\/dev.codekraft.it\/rotary-2024\/wp-content\/uploads\/brb_media\/00023152_ath-ohne-text_web-150x150.png","url":"https:\/\/dev.codekraft.it\/rotary-2024\/fr\/produits\/accessoires-ponts-elevateurs-fr\/systemes-de-soutien-fr\/traverse-dessieu-ath\/"},{"id":377179,"mpn":"3350","name":"Traverse d&#039;essieu ATT 3,2","description":"3,2 t, \u00d8 de goujon 35 mm, plage de r\u00e9glage 630 - 1230 mm, 2 fois t\u00e9lescopique, incl. plaques de transport | support fiable sur deux points des v\u00e9hicules tels que Mercedes Benz Sprinter, VW - LT 2","thumbnail":"https:\/\/dev.codekraft.it\/rotary-2024\/wp-content\/uploads\/brb_media\/00108011_at32-150x150.png","url":"https:\/\/dev.codekraft.it\/rotary-2024\/fr\/produits\/accessoires-ponts-elevateurs-fr\/systemes-de-soutien-fr\/traverse-dessieu-att-32\/"},{"id":377193,"mpn":"3136","name":"Plaque de bo\u00eetes de vitesses GA voiture","description":"Angle d'ajustage +\/- 10\u00b0, capacit\u00e9 de charge 400 kg, \u00d8 de goujon 35 mm, dimensions 300 x 240 mm, sangle de serrage de la charge, grande surface d'appui en caoutchouc | utilisation universelle sur les voitures particuli\u00e8res, convient parfaitement aux bo\u00eetes de Mercedes-Benz vitesses automatiques","thumbnail":"https:\/\/dev.codekraft.it\/rotary-2024\/wp-content\/uploads\/brb_media\/00022512-150x150.png","url":"https:\/\/dev.codekraft.it\/rotary-2024\/fr\/produits\/accessoires-ponts-elevateurs-fr\/plaques-de-transmission-fr\/plaque-de-boites-de-vitesses-ga-voiture\/"},{"id":379761,"mpn":"124950","name":"Traverse d&#039;essieu ATT 3,2 C","description":"3,2 t, \u00d8 de goujon 55 mm, plage de r\u00e9glage 868 - 1660 mm, 2 fois t\u00e9lescopique | pour voitures de tourisme et camionnettes | incl. tampon","thumbnail":"https:\/\/dev.codekraft.it\/rotary-2024\/wp-content\/uploads\/brb_media\/00397018_axle-traverse-att32c_mi_001-150x150.png","url":"https:\/\/dev.codekraft.it\/rotary-2024\/fr\/produits\/accessoires-ponts-elevateurs-fr\/systemes-de-soutien-fr\/traverse-dessieu-att-32-c\/"},{"id":379767,"mpn":"125216","name":"Kit de r\u00e9ception pour traverse ATT 3,2 C","description":"Accessoires en option pour la r\u00e9ceptacle pour transporteur, kit de r\u00e9ception enfichable recommand\u00e9 | pour voitures \/ camionnettes \/ MAN \/ Crafter \/ Sprinter","thumbnail":"https:\/\/dev.codekraft.it\/rotary-2024\/wp-content\/uploads\/brb_media\/00397020_125216_att32c_traverse-150x150.png","url":"https:\/\/dev.codekraft.it\/rotary-2024\/fr\/produits\/accessoires-ponts-elevateurs-fr\/systemes-de-transport-prise-de-charge-fr\/kit-de-reception-pour-traverse-att-32-c\/"},{"id":377973,"mpn":"3134","name":"Plaque de bo\u00eetes de vitesses GA III","description":"Angle d'ajustage +\/- 40\u00b0 \/ +\/- 17\u00b0, capacit\u00e9 de charge 1 t, \u00d8 de goujon 35 mm, dimensions 400 x 300 mm (r\u00e9glable jusqu'\u00e0 600 x 400 mm), sangle de serrage de la charge","thumbnail":"https:\/\/dev.codekraft.it\/rotary-2024\/wp-content\/uploads\/brb_media\/00022508-150x150.png","url":"https:\/\/dev.codekraft.it\/rotary-2024\/fr\/produits\/accessoires-ponts-elevateurs-fr\/plaques-de-transmission-fr\/plaque-de-boites-de-vitesses-ga-iii\/"},{"id":377967,"mpn":"3135","name":"Plaque de bo\u00eetes de vitesses GA IV","description":"Angle d'ajustage +\/- 12\u00b0, capacit\u00e9 de charge 1 t, \u00d8 de goujon 35 mm, dimensions 530 x 381 mm, version standard galvanis\u00e9e, sangle de serrage de la charge, grande surface d'appui en caoutchouc","thumbnail":"https:\/\/dev.codekraft.it\/rotary-2024\/wp-content\/uploads\/brb_media\/00022510_gearbox-plate-ga-iv-mi-150x150.png","url":"https:\/\/dev.codekraft.it\/rotary-2024\/fr\/produits\/accessoires-ponts-elevateurs-fr\/plaques-de-transmission-fr\/plaque-de-boites-de-vitesses-ga-iv\/"},{"id":377961,"mpn":"3135060","name":"Supports prismes","description":"Pour GA IV | 2 pi\u00e8ces","thumbnail":"https:\/\/dev.codekraft.it\/rotary-2024\/wp-content\/uploads\/brb_media\/00023007_prismenblocke-fur-ga-iv_web-150x150.png","url":"https:\/\/dev.codekraft.it\/rotary-2024\/fr\/produits\/accessoires-ponts-elevateurs-fr\/systemes-de-transport-prise-de-charge-fr\/supports-prismes\/"},{"id":377523,"mpn":"3745800","name":"Dispositif de montage pour groupes V00","description":"pour Vito\/BR 38\/639","thumbnail":"https:\/\/dev.codekraft.it\/rotary-2024\/wp-content\/uploads\/brb_media\/00023398_montagevorrichtung-fur-aggregate-v00_web-150x150.png","url":"https:\/\/dev.codekraft.it\/rotary-2024\/fr\/produits\/autres-produits-fr\/outils-speciaux-fr\/dispositif-de-montage-pour-groupes-v00\/"},{"id":377511,"mpn":"3745850","name":"Dispositif de montage pour groupes V00-2","description":"pour Vito avec V6 moteur \u00e0 essence","thumbnail":"https:\/\/dev.codekraft.it\/rotary-2024\/wp-content\/uploads\/brb_media\/00023396_montagevorrichtung-fur-aggregate-v00-2_web-150x150.png","url":"https:\/\/dev.codekraft.it\/rotary-2024\/fr\/produits\/accessoires-autres-produits-fr\/accessoires-outils-speciaux-fr\/dispositif-de-montage-pour-groupes-v00-2\/"}],"components":[],"related":[],"page_logo_src":"https:\/\/dev.codekraft.it\/rotary-2024\/wp-content\/uploads\/2024\/05\/cropped-rotary-logo-2022.png","lang":"fr","translations":{"fr":377330,"en":377328,"de":377329,"it":377331,"es":377332,"ru":377333},"pll_sync_post":[],"_links":{"self":[{"href":"https:\/\/dev.codekraft.it\/rotary-2024\/wp-json\/wp\/v2\/product\/377330","targetHints":{"allow":["GET"]}}],"collection":[{"href":"https:\/\/dev.codekraft.it\/rotary-2024\/wp-json\/wp\/v2\/product"}],"about":[{"href":"https:\/\/dev.codekraft.it\/rotary-2024\/wp-json\/wp\/v2\/types\/product"}],"wp:featuredmedia":[{"embeddable":true,"href":"https:\/\/dev.codekraft.it\/rotary-2024\/wp-json\/wp\/v2\/media\/348316"}],"wp:attachment":[{"href":"https:\/\/dev.codekraft.it\/rotary-2024\/wp-json\/wp\/v2\/media?parent=377330"}],"wp:term":[{"taxonomy":"product_cat","embeddable":true,"href":"https:\/\/dev.codekraft.it\/rotary-2024\/wp-json\/wp\/v2\/product_cat?post=377330"},{"taxonomy":"product_tag","embeddable":true,"href":"https:\/\/dev.codekraft.it\/rotary-2024\/wp-json\/wp\/v2\/product_tag?post=377330"},{"taxonomy":"product_approvals","embeddable":true,"href":"https:\/\/dev.codekraft.it\/rotary-2024\/wp-json\/wp\/v2\/product_approvals?post=377330"},{"taxonomy":"product_application","embeddable":true,"href":"https:\/\/dev.codekraft.it\/rotary-2024\/wp-json\/wp\/v2\/product_application?post=377330"}],"curies":[{"name":"wp","href":"https:\/\/api.w.org\/{rel}","templated":true}]}}