{"id":377195,"date":"2025-12-11T10:11:29","date_gmt":"2025-12-11T10:11:29","guid":{"rendered":"https:\/\/dev.codekraft.it\/rotary-2024\/products\/uncategorized\/placa-de-transmision-ga-turismos\/"},"modified":"2025-12-11T10:11:29","modified_gmt":"2025-12-11T10:11:29","slug":"placa-de-transmision-ga-turismos","status":"publish","type":"product","link":"https:\/\/dev.codekraft.it\/rotary-2024\/es\/productos\/accesorios-elevadores-es\/placas-de-transmision-es\/placa-de-transmision-ga-turismos\/","title":{"rendered":"Placa de transmisi\u00f3n GA turismos"},"content":{"rendered":"<ul>\n<li>solo utilizable en combinaci\u00f3n con el alojamiento universal, art. n\u00ba 103544<\/li>\n<\/ul>\n","protected":false},"excerpt":{"rendered":"<p>\u00c1ngulo de ajuste: +\/- 10\u00ba, capacidad de carga 400 kg, espiga \u00d8 35 mm, dimensiones 300 x 240 mm, correa tensora para sujetar la carga, grandes superficies de apoyo de goma | de uso universal para turismos, especialmente indicado para Mercedes-Benz transmisiones autom\u00e1ticas<\/p>\n","protected":false},"featured_media":278693,"template":"","meta":[],"product_cat":[1033952],"product_tag":[1034169],"product_approvals":[1013896,1013879,1013913,1013998,1013930,1013981,1013964,1013947],"product_application":[],"class_list":{"0":"post-377195","1":"product","2":"type-product","3":"status-publish","4":"has-post-thumbnail","6":"product_cat-placas-de-transmision-es","7":"product_tag-passenger-cars-es","8":"product_approvals-audi-es","9":"product_approvals-bentley-es","10":"product_approvals-bugatti-es","11":"product_approvals-lamborghini-es","12":"product_approvals-porsche-es","13":"product_approvals-seat-es","14":"product_approvals-skoda-es","15":"product_approvals-vw-es","17":"first","18":"instock","19":"shipping-taxable","20":"product-type-simple"},"approvals":[{"term_id":1013896,"name":"Audi","slug":"audi-es","term_group":0,"term_taxonomy_id":1013895,"taxonomy":"product_approvals","description":"","parent":0,"count":26,"filter":"raw"},{"term_id":1013879,"name":"Bentley","slug":"bentley-es","term_group":0,"term_taxonomy_id":1013878,"taxonomy":"product_approvals","description":"","parent":0,"count":26,"filter":"raw"},{"term_id":1013913,"name":"Bugatti","slug":"bugatti-es","term_group":0,"term_taxonomy_id":1013912,"taxonomy":"product_approvals","description":"","parent":0,"count":26,"filter":"raw"},{"term_id":1013998,"name":"Lamborghini","slug":"lamborghini-es","term_group":0,"term_taxonomy_id":1013997,"taxonomy":"product_approvals","description":"","parent":0,"count":26,"filter":"raw"},{"term_id":1013930,"name":"Porsche","slug":"porsche-es","term_group":0,"term_taxonomy_id":1013929,"taxonomy":"product_approvals","description":"","parent":0,"count":24,"filter":"raw"},{"term_id":1013981,"name":"Seat","slug":"seat-es","term_group":0,"term_taxonomy_id":1013980,"taxonomy":"product_approvals","description":"","parent":0,"count":26,"filter":"raw"},{"term_id":1013964,"name":"Skoda","slug":"skoda-es","term_group":0,"term_taxonomy_id":1013963,"taxonomy":"product_approvals","description":"","parent":0,"count":23,"filter":"raw"},{"term_id":1013947,"name":"VW","slug":"vw-es","term_group":0,"term_taxonomy_id":1013946,"taxonomy":"product_approvals","description":"","parent":0,"count":26,"filter":"raw"}],"application":[],"brb_media_brochure":[{"id":356550,"url":"https:\/\/dev.codekraft.it\/rotary-2024\/wp-content\/uploads\/brb_media\/00527943_special-tools-br-06-24-de-2024-06-screen.pdf","title":"Special tools BR 06 24 de 2024 06 screen","thumbnail":"https:\/\/dev.codekraft.it\/rotary-2024\/wp-content\/uploads\/brb_media\/00527943_special-tools-br-06-24-de-2024-06-screen-pdf-106x150.png","description":""},{"id":356551,"url":"https:\/\/dev.codekraft.it\/rotary-2024\/wp-content\/uploads\/brb_media\/00527944_special-tools-br-06-24-en-2024-06-screen.pdf","title":"Special tools BR 06 24 en 2024 06 screen","thumbnail":"https:\/\/dev.codekraft.it\/rotary-2024\/wp-content\/uploads\/brb_media\/00527944_special-tools-br-06-24-en-2024-06-screen-pdf-106x150.png","description":""}],"brb_media_drawing":"","brb_media_manuals":[{"id":377190,"url":"https:\/\/dev.codekraft.it\/rotary-2024\/wp-content\/uploads\/brb_media\/00550433_gearbox-plates-om-3134980-multi-2025-04-rev-f.pdf","title":"Gearbox Plates OM 3134980 multi 2025 04 Rev F","thumbnail":"https:\/\/dev.codekraft.it\/rotary-2024\/wp-content\/uploads\/brb_media\/00550433_gearbox-plates-om-3134980-multi-2025-04-rev-f-pdf-106x150.png","description":""}],"brb_media_safety_datasheets":"","brb_media_spare_parts":[],"_cdmm_p_id":"156","_company":"VSG","_gtin":"4057612003031","accessories":[{"id":377987,"cdmm_p_id":"153","name":"Casquillo 55\/35","description":"Espiga \u00d8 55 mm, espigas est\u00e1ndar \u00d8 de los placas de transmisi\u00f3n 35 mm | para elevadores BLITZ con asiento \u00d8 55 mm | 1 pieza","thumbnail":"https:\/\/dev.codekraft.it\/rotary-2024\/wp-content\/uploads\/brb_media\/00022995_buchse_web-150x150.png","url":"https:\/\/dev.codekraft.it\/rotary-2024\/es\/productos\/accesorios-elevadores-es\/dispositivos-de-transporte-de-carga-es\/casquillo-55-35\/"},{"id":377981,"cdmm_p_id":"154","name":"Casquillo 80\/35","description":"Espiga \u00d8 80 mm, espigas est\u00e1ndar \u00d8 de los placas de transmisi\u00f3n 35 mm | para elevadores BLITZ con asiento \u00d8 80 mm | 1 pieza","thumbnail":"https:\/\/dev.codekraft.it\/rotary-2024\/wp-content\/uploads\/brb_media\/00022995_buchse_web-150x150.png","url":"https:\/\/dev.codekraft.it\/rotary-2024\/es\/productos\/accesorios-elevadores-es\/dispositivos-de-transporte-de-carga-es\/casquillo-80-35\/"}],"components":[],"related":[],"similar":[],"lang":"es","translations":{"es":377195,"en":377189,"de":377192,"fr":377193,"it":377194,"ru":377196},"pll_sync_post":[],"_links":{"self":[{"href":"https:\/\/dev.codekraft.it\/rotary-2024\/wp-json\/wp\/v2\/product\/377195","targetHints":{"allow":["GET"]}}],"collection":[{"href":"https:\/\/dev.codekraft.it\/rotary-2024\/wp-json\/wp\/v2\/product"}],"about":[{"href":"https:\/\/dev.codekraft.it\/rotary-2024\/wp-json\/wp\/v2\/types\/product"}],"wp:featuredmedia":[{"embeddable":true,"href":"https:\/\/dev.codekraft.it\/rotary-2024\/wp-json\/wp\/v2\/media\/278693"}],"wp:attachment":[{"href":"https:\/\/dev.codekraft.it\/rotary-2024\/wp-json\/wp\/v2\/media?parent=377195"}],"wp:term":[{"taxonomy":"product_cat","embeddable":true,"href":"https:\/\/dev.codekraft.it\/rotary-2024\/wp-json\/wp\/v2\/product_cat?post=377195"},{"taxonomy":"product_tag","embeddable":true,"href":"https:\/\/dev.codekraft.it\/rotary-2024\/wp-json\/wp\/v2\/product_tag?post=377195"},{"taxonomy":"product_approvals","embeddable":true,"href":"https:\/\/dev.codekraft.it\/rotary-2024\/wp-json\/wp\/v2\/product_approvals?post=377195"},{"taxonomy":"product_application","embeddable":true,"href":"https:\/\/dev.codekraft.it\/rotary-2024\/wp-json\/wp\/v2\/product_application?post=377195"}],"curies":[{"name":"wp","href":"https:\/\/api.w.org\/{rel}","templated":true}]}}