{"id":377194,"date":"2025-12-11T10:11:11","date_gmt":"2025-12-11T10:11:11","guid":{"rendered":"https:\/\/dev.codekraft.it\/rotary-2024\/products\/uncategorized\/piastra-di-trasmissione-ga-per-autovetture\/"},"modified":"2025-12-11T10:11:11","modified_gmt":"2025-12-11T10:11:11","slug":"piastra-di-trasmissione-ga-per-autovetture","status":"publish","type":"product","link":"https:\/\/dev.codekraft.it\/rotary-2024\/it\/prodotti\/accessori-ponti-sollevatori-it\/piastre-di-trasmissione-it\/piastra-di-trasmissione-ga-per-autovetture\/","title":{"rendered":"Piastra di trasmissione GA per autovetture"},"content":{"rendered":"<ul>\n<li>utilizzabile solo in combinazione con l&#8217;attacco universale, art. NR 103544<\/li>\n<\/ul>\n","protected":false},"excerpt":{"rendered":"<p>Angolo di regolazione +\/- 10\u00b0, portata 400 kg, mozzo \u00d8 35 mm, dimensioni 300 x 240 mm, cinghie per il fissaggio del carico, grandi superfici di appoggio in gomma | universale per autovetture, ideale per Mercedes-Benz cambi automatici<\/p>\n","protected":false},"featured_media":278693,"template":"","meta":[],"product_cat":[1033950],"product_tag":[1034166],"product_approvals":[1013893,1013876,1013910,1013995,1013927,1013978,1013961,1013944],"product_application":[],"class_list":{"0":"post-377194","1":"product","2":"type-product","3":"status-publish","4":"has-post-thumbnail","6":"product_cat-piastre-di-trasmissione-it","7":"product_tag-passenger-cars-it","8":"product_approvals-audi-it","9":"product_approvals-bentley-it","10":"product_approvals-bugatti-it","11":"product_approvals-lamborghini-it","12":"product_approvals-porsche-it","13":"product_approvals-seat-it","14":"product_approvals-skoda-it","15":"product_approvals-vw-it","17":"first","18":"instock","19":"shipping-taxable","20":"product-type-simple"},"approvals":[{"term_id":1013893,"name":"Audi","slug":"audi-it","term_group":0,"term_taxonomy_id":1013892,"taxonomy":"product_approvals","description":"","parent":0,"count":26,"filter":"raw"},{"term_id":1013876,"name":"Bentley","slug":"bentley-it","term_group":0,"term_taxonomy_id":1013875,"taxonomy":"product_approvals","description":"","parent":0,"count":26,"filter":"raw"},{"term_id":1013910,"name":"Bugatti","slug":"bugatti-it","term_group":0,"term_taxonomy_id":1013909,"taxonomy":"product_approvals","description":"","parent":0,"count":26,"filter":"raw"},{"term_id":1013995,"name":"Lamborghini","slug":"lamborghini-it","term_group":0,"term_taxonomy_id":1013994,"taxonomy":"product_approvals","description":"","parent":0,"count":26,"filter":"raw"},{"term_id":1013927,"name":"Porsche","slug":"porsche-it","term_group":0,"term_taxonomy_id":1013926,"taxonomy":"product_approvals","description":"","parent":0,"count":24,"filter":"raw"},{"term_id":1013978,"name":"Seat","slug":"seat-it","term_group":0,"term_taxonomy_id":1013977,"taxonomy":"product_approvals","description":"","parent":0,"count":26,"filter":"raw"},{"term_id":1013961,"name":"Skoda","slug":"skoda-it","term_group":0,"term_taxonomy_id":1013960,"taxonomy":"product_approvals","description":"","parent":0,"count":23,"filter":"raw"},{"term_id":1013944,"name":"VW","slug":"vw-it","term_group":0,"term_taxonomy_id":1013943,"taxonomy":"product_approvals","description":"","parent":0,"count":26,"filter":"raw"}],"application":[],"brb_media_brochure":[{"id":356550,"url":"https:\/\/dev.codekraft.it\/rotary-2024\/wp-content\/uploads\/brb_media\/00527943_special-tools-br-06-24-de-2024-06-screen.pdf","title":"Special tools BR 06 24 de 2024 06 screen","thumbnail":"https:\/\/dev.codekraft.it\/rotary-2024\/wp-content\/uploads\/brb_media\/00527943_special-tools-br-06-24-de-2024-06-screen-pdf-106x150.png","description":""},{"id":356551,"url":"https:\/\/dev.codekraft.it\/rotary-2024\/wp-content\/uploads\/brb_media\/00527944_special-tools-br-06-24-en-2024-06-screen.pdf","title":"Special tools BR 06 24 en 2024 06 screen","thumbnail":"https:\/\/dev.codekraft.it\/rotary-2024\/wp-content\/uploads\/brb_media\/00527944_special-tools-br-06-24-en-2024-06-screen-pdf-106x150.png","description":""}],"brb_media_drawing":"","brb_media_manuals":[{"id":377190,"url":"https:\/\/dev.codekraft.it\/rotary-2024\/wp-content\/uploads\/brb_media\/00550433_gearbox-plates-om-3134980-multi-2025-04-rev-f.pdf","title":"Gearbox Plates OM 3134980 multi 2025 04 Rev F","thumbnail":"https:\/\/dev.codekraft.it\/rotary-2024\/wp-content\/uploads\/brb_media\/00550433_gearbox-plates-om-3134980-multi-2025-04-rev-f-pdf-106x150.png","description":""}],"brb_media_safety_datasheets":"","brb_media_spare_parts":[],"_cdmm_p_id":"156","_company":"VSG","_gtin":"4057612003031","accessories":[{"id":377986,"cdmm_p_id":"153","name":"Boccola 55\/35","description":"Mozzo \u00d8 55 mm, mozzo \u00d8 piastre di trasmissione 35 mm | per sollevatori BLITZ con attacco \u00d8 55 mm | 1 pezzo","thumbnail":"https:\/\/dev.codekraft.it\/rotary-2024\/wp-content\/uploads\/brb_media\/00022995_buchse_web-150x150.png","url":"https:\/\/dev.codekraft.it\/rotary-2024\/it\/prodotti\/accessori-ponti-sollevatori-it\/dispositivi-di-trasporto-del-carico-it\/boccola-55-35\/"},{"id":377980,"cdmm_p_id":"154","name":"Boccola 80\/35","description":"Mozzo \u00d8 80 mm, mozzo \u00d8 piastre di trasmissione 35 mm | per sollevatori BLITZ con attacco \u00d8 80 mm | 1 pezzo","thumbnail":"https:\/\/dev.codekraft.it\/rotary-2024\/wp-content\/uploads\/brb_media\/00022995_buchse_web-150x150.png","url":"https:\/\/dev.codekraft.it\/rotary-2024\/it\/prodotti\/accessori-ponti-sollevatori-it\/dispositivi-di-trasporto-del-carico-it\/boccola-80-35\/"}],"components":[],"related":[],"similar":[],"lang":"it","translations":{"it":377194,"en":377189,"de":377192,"fr":377193,"es":377195,"ru":377196},"pll_sync_post":[],"_links":{"self":[{"href":"https:\/\/dev.codekraft.it\/rotary-2024\/wp-json\/wp\/v2\/product\/377194","targetHints":{"allow":["GET"]}}],"collection":[{"href":"https:\/\/dev.codekraft.it\/rotary-2024\/wp-json\/wp\/v2\/product"}],"about":[{"href":"https:\/\/dev.codekraft.it\/rotary-2024\/wp-json\/wp\/v2\/types\/product"}],"wp:featuredmedia":[{"embeddable":true,"href":"https:\/\/dev.codekraft.it\/rotary-2024\/wp-json\/wp\/v2\/media\/278693"}],"wp:attachment":[{"href":"https:\/\/dev.codekraft.it\/rotary-2024\/wp-json\/wp\/v2\/media?parent=377194"}],"wp:term":[{"taxonomy":"product_cat","embeddable":true,"href":"https:\/\/dev.codekraft.it\/rotary-2024\/wp-json\/wp\/v2\/product_cat?post=377194"},{"taxonomy":"product_tag","embeddable":true,"href":"https:\/\/dev.codekraft.it\/rotary-2024\/wp-json\/wp\/v2\/product_tag?post=377194"},{"taxonomy":"product_approvals","embeddable":true,"href":"https:\/\/dev.codekraft.it\/rotary-2024\/wp-json\/wp\/v2\/product_approvals?post=377194"},{"taxonomy":"product_application","embeddable":true,"href":"https:\/\/dev.codekraft.it\/rotary-2024\/wp-json\/wp\/v2\/product_application?post=377194"}],"curies":[{"name":"wp","href":"https:\/\/api.w.org\/{rel}","templated":true}]}}