{"id":377193,"date":"2025-12-11T10:10:52","date_gmt":"2025-12-11T10:10:52","guid":{"rendered":"https:\/\/dev.codekraft.it\/rotary-2024\/products\/uncategorized\/plaque-de-boites-de-vitesses-ga-voiture\/"},"modified":"2025-12-11T10:10:52","modified_gmt":"2025-12-11T10:10:52","slug":"plaque-de-boites-de-vitesses-ga-voiture","status":"publish","type":"product","link":"https:\/\/dev.codekraft.it\/rotary-2024\/fr\/produits\/accessoires-ponts-elevateurs-fr\/plaques-de-transmission-fr\/plaque-de-boites-de-vitesses-ga-voiture\/","title":{"rendered":"Plaque de bo\u00eetes de vitesses GA voiture"},"content":{"rendered":"<ul>\n<li>utilisable uniquement en combinaison avec la fixation universelle, r\u00e9f. 103544<\/li>\n<\/ul>\n","protected":false},"excerpt":{"rendered":"<p>Angle d&#8217;ajustage +\/- 10\u00b0, capacit\u00e9 de charge 400 kg, \u00d8 de goujon 35 mm, dimensions 300 x 240 mm, sangle de serrage de la charge, grande surface d&#8217;appui en caoutchouc | utilisation universelle sur les voitures particuli\u00e8res, convient parfaitement aux bo\u00eetes de Mercedes-Benz vitesses automatiques<\/p>\n","protected":false},"featured_media":278693,"template":"","meta":[],"product_cat":[1033948],"product_tag":[1034163],"product_approvals":[1013890,1013873,1013907,1013992,1013924,1013975,1013958,1013941],"product_application":[],"class_list":{"0":"post-377193","1":"product","2":"type-product","3":"status-publish","4":"has-post-thumbnail","6":"product_cat-plaques-de-transmission-fr","7":"product_tag-passenger-cars-fr","8":"product_approvals-audi-fr","9":"product_approvals-bentley-fr","10":"product_approvals-bugatti-fr","11":"product_approvals-lamborghini-fr","12":"product_approvals-porsche-fr","13":"product_approvals-seat-fr","14":"product_approvals-skoda-fr","15":"product_approvals-vw-fr","17":"first","18":"instock","19":"shipping-taxable","20":"product-type-simple"},"approvals":[{"term_id":1013890,"name":"Audi","slug":"audi-fr","term_group":0,"term_taxonomy_id":1013889,"taxonomy":"product_approvals","description":"","parent":0,"count":26,"filter":"raw"},{"term_id":1013873,"name":"Bentley","slug":"bentley-fr","term_group":0,"term_taxonomy_id":1013872,"taxonomy":"product_approvals","description":"","parent":0,"count":26,"filter":"raw"},{"term_id":1013907,"name":"Bugatti","slug":"bugatti-fr","term_group":0,"term_taxonomy_id":1013906,"taxonomy":"product_approvals","description":"","parent":0,"count":26,"filter":"raw"},{"term_id":1013992,"name":"Lamborghini","slug":"lamborghini-fr","term_group":0,"term_taxonomy_id":1013991,"taxonomy":"product_approvals","description":"","parent":0,"count":26,"filter":"raw"},{"term_id":1013924,"name":"Porsche","slug":"porsche-fr","term_group":0,"term_taxonomy_id":1013923,"taxonomy":"product_approvals","description":"","parent":0,"count":24,"filter":"raw"},{"term_id":1013975,"name":"Seat","slug":"seat-fr","term_group":0,"term_taxonomy_id":1013974,"taxonomy":"product_approvals","description":"","parent":0,"count":26,"filter":"raw"},{"term_id":1013958,"name":"Skoda","slug":"skoda-fr","term_group":0,"term_taxonomy_id":1013957,"taxonomy":"product_approvals","description":"","parent":0,"count":23,"filter":"raw"},{"term_id":1013941,"name":"VW","slug":"vw-fr","term_group":0,"term_taxonomy_id":1013940,"taxonomy":"product_approvals","description":"","parent":0,"count":26,"filter":"raw"}],"application":[],"brb_media_brochure":[{"id":356550,"url":"https:\/\/dev.codekraft.it\/rotary-2024\/wp-content\/uploads\/brb_media\/00527943_special-tools-br-06-24-de-2024-06-screen.pdf","title":"Special tools BR 06 24 de 2024 06 screen","thumbnail":"https:\/\/dev.codekraft.it\/rotary-2024\/wp-content\/uploads\/brb_media\/00527943_special-tools-br-06-24-de-2024-06-screen-pdf-106x150.png","description":""},{"id":356551,"url":"https:\/\/dev.codekraft.it\/rotary-2024\/wp-content\/uploads\/brb_media\/00527944_special-tools-br-06-24-en-2024-06-screen.pdf","title":"Special tools BR 06 24 en 2024 06 screen","thumbnail":"https:\/\/dev.codekraft.it\/rotary-2024\/wp-content\/uploads\/brb_media\/00527944_special-tools-br-06-24-en-2024-06-screen-pdf-106x150.png","description":""}],"brb_media_drawing":"","brb_media_manuals":[{"id":377190,"url":"https:\/\/dev.codekraft.it\/rotary-2024\/wp-content\/uploads\/brb_media\/00550433_gearbox-plates-om-3134980-multi-2025-04-rev-f.pdf","title":"Gearbox Plates OM 3134980 multi 2025 04 Rev F","thumbnail":"https:\/\/dev.codekraft.it\/rotary-2024\/wp-content\/uploads\/brb_media\/00550433_gearbox-plates-om-3134980-multi-2025-04-rev-f-pdf-106x150.png","description":""}],"brb_media_safety_datasheets":"","brb_media_spare_parts":[],"_cdmm_p_id":"156","_company":"VSG","_gtin":"4057612003031","accessories":[{"id":377985,"cdmm_p_id":"153","name":"Manchon 55\/35","description":"\u00d8 de goujon 55 mm, \u00d8 de goujon standard des plaques de bo\u00eetes de vitesses 35 mm | pour ponts \u00e9l\u00e9vateurs BLITZ avec logement 55 mm | 1 pi\u00e8ce","thumbnail":"https:\/\/dev.codekraft.it\/rotary-2024\/wp-content\/uploads\/brb_media\/00022995_buchse_web-150x150.png","url":"https:\/\/dev.codekraft.it\/rotary-2024\/fr\/produits\/accessoires-ponts-elevateurs-fr\/systemes-de-transport-prise-de-charge-fr\/manchon-55-35\/"},{"id":377979,"cdmm_p_id":"154","name":"Manchon 80\/35","description":"\u00d8 de goujon 80 mm, \u00d8 de goujon standard des plaques de bo\u00eetes de vitesses 35 mm | pour ponts \u00e9l\u00e9vateurs BLITZ avec logement 80 mm | 1 pi\u00e8ce","thumbnail":"https:\/\/dev.codekraft.it\/rotary-2024\/wp-content\/uploads\/brb_media\/00022995_buchse_web-150x150.png","url":"https:\/\/dev.codekraft.it\/rotary-2024\/fr\/produits\/accessoires-ponts-elevateurs-fr\/systemes-de-transport-prise-de-charge-fr\/manchon-80-35\/"}],"components":[],"related":[],"similar":[],"lang":"fr","translations":{"fr":377193,"en":377189,"de":377192,"it":377194,"es":377195,"ru":377196},"pll_sync_post":[],"_links":{"self":[{"href":"https:\/\/dev.codekraft.it\/rotary-2024\/wp-json\/wp\/v2\/product\/377193","targetHints":{"allow":["GET"]}}],"collection":[{"href":"https:\/\/dev.codekraft.it\/rotary-2024\/wp-json\/wp\/v2\/product"}],"about":[{"href":"https:\/\/dev.codekraft.it\/rotary-2024\/wp-json\/wp\/v2\/types\/product"}],"wp:featuredmedia":[{"embeddable":true,"href":"https:\/\/dev.codekraft.it\/rotary-2024\/wp-json\/wp\/v2\/media\/278693"}],"wp:attachment":[{"href":"https:\/\/dev.codekraft.it\/rotary-2024\/wp-json\/wp\/v2\/media?parent=377193"}],"wp:term":[{"taxonomy":"product_cat","embeddable":true,"href":"https:\/\/dev.codekraft.it\/rotary-2024\/wp-json\/wp\/v2\/product_cat?post=377193"},{"taxonomy":"product_tag","embeddable":true,"href":"https:\/\/dev.codekraft.it\/rotary-2024\/wp-json\/wp\/v2\/product_tag?post=377193"},{"taxonomy":"product_approvals","embeddable":true,"href":"https:\/\/dev.codekraft.it\/rotary-2024\/wp-json\/wp\/v2\/product_approvals?post=377193"},{"taxonomy":"product_application","embeddable":true,"href":"https:\/\/dev.codekraft.it\/rotary-2024\/wp-json\/wp\/v2\/product_application?post=377193"}],"curies":[{"name":"wp","href":"https:\/\/api.w.org\/{rel}","templated":true}]}}