{"id":377192,"date":"2025-12-11T10:04:37","date_gmt":"2025-12-11T10:04:37","guid":{"rendered":"https:\/\/dev.codekraft.it\/rotary-2024\/products\/uncategorized\/getriebeplatte-ga-pkw\/"},"modified":"2025-12-11T10:04:37","modified_gmt":"2025-12-11T10:04:37","slug":"getriebeplatte-ga-pkw","status":"publish","type":"product","link":"https:\/\/dev.codekraft.it\/rotary-2024\/produkte\/zubehor-hebebuhnen-de\/getriebeplatten-de\/getriebeplatte-ga-pkw\/","title":{"rendered":"Getriebeplatte GA Pkw"},"content":{"rendered":"<ul>\n<li>Nur anwendbar in Verbindung mit Universalaufnahme, Art. NR 103544<\/li>\n<\/ul>\n","protected":false},"excerpt":{"rendered":"<p>Verstellwinkel +\/- 10\u00b0, Tragf\u00e4higkeit 400 kg, Zapfen-\u00d8 35 mm, Ma\u00dfe 300 x 240 mm, Spanngurt zum Sichern der Last, gro\u00dfe Auflagefl\u00e4che aus Gummi | Universell einsetzbar f\u00fcr Pkw, besonders geeignet f\u00fcr Mercedes-Benz Automatikgetriebe<\/p>\n","protected":false},"featured_media":278693,"template":"","meta":[],"product_brand":[],"product_cat":[1033946],"product_tag":[1034161],"product_approvals":[],"product_application":[],"class_list":{"0":"post-377192","1":"product","2":"type-product","3":"status-publish","4":"has-post-thumbnail","6":"product_cat-getriebeplatten-de","7":"product_tag-passenger-cars-de","9":"first","10":"instock","11":"shipping-taxable","12":"product-type-simple"},"approvals":[],"application":[],"brb_media_brochure":[{"id":356550,"url":"https:\/\/dev.codekraft.it\/rotary-2024\/wp-content\/uploads\/brb_media\/00527943_special-tools-br-06-24-de-2024-06-screen.pdf","title":"Special tools BR 06 24 de 2024 06 screen","mpn":"","thumbnail":"https:\/\/dev.codekraft.it\/rotary-2024\/wp-content\/uploads\/brb_media\/00527943_special-tools-br-06-24-de-2024-06-screen-pdf-106x150.png","description":""},{"id":356551,"url":"https:\/\/dev.codekraft.it\/rotary-2024\/wp-content\/uploads\/brb_media\/00527944_special-tools-br-06-24-en-2024-06-screen.pdf","title":"Special tools BR 06 24 en 2024 06 screen","mpn":"","thumbnail":"https:\/\/dev.codekraft.it\/rotary-2024\/wp-content\/uploads\/brb_media\/00527944_special-tools-br-06-24-en-2024-06-screen-pdf-106x150.png","description":""}],"brb_media_drawing":"","brb_media_manuals":[{"id":377190,"url":"https:\/\/dev.codekraft.it\/rotary-2024\/wp-content\/uploads\/brb_media\/00550433_gearbox-plates-om-3134980-multi-2025-04-rev-f.pdf","title":"Gearbox Plates OM 3134980 multi 2025 04 Rev F","mpn":"","thumbnail":"https:\/\/dev.codekraft.it\/rotary-2024\/wp-content\/uploads\/brb_media\/00550433_gearbox-plates-om-3134980-multi-2025-04-rev-f-pdf-106x150.png","description":""}],"brb_media_safety_datasheets":"","brb_media_spare_parts":[],"_cdmm_p_id":"156","_company":"VSG","_gtin":"4057612003031","accessories":[{"id":377984,"mpn":"3134101","name":"Buchse 55\/35","description":"Zapfen-\u00d8 55 mm, Zapfen-\u00d8 der Getriebeplatten 35 mm | f\u00fcr BLITZ-Heber mit Aufnahme-\u00d8 55 mm | 1 St\u00fcck","thumbnail":"https:\/\/dev.codekraft.it\/rotary-2024\/wp-content\/uploads\/brb_media\/00022995_buchse_web-150x150.png","url":"https:\/\/dev.codekraft.it\/rotary-2024\/produkte\/zubehor-hebebuhnen-de\/lastaufnahmemittel-de\/buchse-55-35\/"},{"id":377978,"mpn":"3604103","name":"Buchse 80\/35","description":"Zapfen-\u00d8 80 mm, Zapfen-\u00d8 der Getriebeplatten 35 mm | f\u00fcr BLITZ-Heber mit Aufnahme-\u00d8 80 mm | 1 St\u00fcck","thumbnail":"https:\/\/dev.codekraft.it\/rotary-2024\/wp-content\/uploads\/brb_media\/00022995_buchse_web-150x150.png","url":"https:\/\/dev.codekraft.it\/rotary-2024\/produkte\/zubehor-hebebuhnen-de\/lastaufnahmemittel-de\/buchse-80-35\/"}],"components":[],"related":[],"page_logo_src":"https:\/\/dev.codekraft.it\/rotary-2024\/wp-content\/uploads\/2026\/04\/rotary-negative-logo.png","pll_sync_post":{},"lang":"de","translations":{"de":377192,"en":377189,"fr":377193,"it":377194,"es":377195,"ru":377196},"_links":{"self":[{"href":"https:\/\/dev.codekraft.it\/rotary-2024\/wp-json\/wp\/v2\/product\/377192","targetHints":{"allow":["GET"]}}],"collection":[{"href":"https:\/\/dev.codekraft.it\/rotary-2024\/wp-json\/wp\/v2\/product"}],"about":[{"href":"https:\/\/dev.codekraft.it\/rotary-2024\/wp-json\/wp\/v2\/types\/product"}],"wp:featuredmedia":[{"embeddable":true,"href":"https:\/\/dev.codekraft.it\/rotary-2024\/wp-json\/wp\/v2\/media\/278693"}],"wp:attachment":[{"href":"https:\/\/dev.codekraft.it\/rotary-2024\/wp-json\/wp\/v2\/media?parent=377192"}],"wp:term":[{"taxonomy":"product_brand","embeddable":true,"href":"https:\/\/dev.codekraft.it\/rotary-2024\/wp-json\/wp\/v2\/product_brand?post=377192"},{"taxonomy":"product_cat","embeddable":true,"href":"https:\/\/dev.codekraft.it\/rotary-2024\/wp-json\/wp\/v2\/product_cat?post=377192"},{"taxonomy":"product_tag","embeddable":true,"href":"https:\/\/dev.codekraft.it\/rotary-2024\/wp-json\/wp\/v2\/product_tag?post=377192"},{"taxonomy":"product_approvals","embeddable":true,"href":"https:\/\/dev.codekraft.it\/rotary-2024\/wp-json\/wp\/v2\/product_approvals?post=377192"},{"taxonomy":"product_application","embeddable":true,"href":"https:\/\/dev.codekraft.it\/rotary-2024\/wp-json\/wp\/v2\/product_application?post=377192"}],"curies":[{"name":"wp","href":"https:\/\/api.w.org\/{rel}","templated":true}]}}