{"id":377181,"date":"2025-12-11T10:11:29","date_gmt":"2025-12-11T10:11:29","guid":{"rendered":"https:\/\/dev.codekraft.it\/rotary-2024\/products\/uncategorized\/travesano-att-32\/"},"modified":"2025-12-11T10:11:29","modified_gmt":"2025-12-11T10:11:29","slug":"travesano-att-32","status":"publish","type":"product","link":"https:\/\/dev.codekraft.it\/rotary-2024\/es\/productos\/accesorios-elevadores-es\/sistemas-de-apoyo-es\/travesano-att-32\/","title":{"rendered":"Travesa\u00f1o ATT 3,2"},"content":{"rendered":"<ul>\n<li>Para Mercedes Benz\u00a0 Sprinter y VW &#8211; LT se necesitan piezas intermedias ZS 100.<\/li>\n<li>Los discos de recepci\u00f3n de carga pueden ajustarse en altura mediante husillos roscados telesc\u00f3picos.<\/li>\n<li>El travesa\u00f1o se mantiene estrecho mediante la construcci\u00f3n de doble telescopio.<\/li>\n<\/ul>\n<p><strong>Alcance de la entrega:<\/strong><\/p>\n<ul>\n<li>Travesa\u00f1o<\/li>\n<li>2 planchas de\u00a0transporte con eje\u00a0estriado<\/li>\n<li>1 plancha de\u00a0transporte \u00abR\u00bb,\u00a0conectable, \u00d8 55\u00a0mm<\/li>\n<\/ul>\n","protected":false},"excerpt":{"rendered":"<p>3,2 t, espiga \u00d8 35 mm, rango de ajuste 630 &#8211; 1230 mm, telesc\u00f3pico de 2 pliegues, incl. planchas de transporte | recepci\u00f3n segura en 2 puntos de veh\u00edculos como Mercedes Benz Sprinter, VW &#8211; LT 2<\/p>\n","protected":false},"featured_media":373527,"template":"","meta":[],"product_cat":[1033976],"product_tag":[1034203,1034169,1034186],"product_approvals":[],"product_application":[],"class_list":{"0":"post-377181","1":"product","2":"type-product","3":"status-publish","4":"has-post-thumbnail","6":"product_cat-sistemas-de-apoyo-es","7":"product_tag-motor-homes-es","8":"product_tag-passenger-cars-es","9":"product_tag-light-commercial-es","11":"first","12":"instock","13":"shipping-taxable","14":"product-type-simple"},"approvals":[],"application":[],"brb_media_brochure":"","brb_media_drawing":"","brb_media_manuals":[{"id":377177,"url":"https:\/\/dev.codekraft.it\/rotary-2024\/wp-content\/uploads\/brb_media\/00535454_supporting-device-om-sp-129500-multi-2024-10-revb.pdf","title":"supporting device om sp 129500 multi 2024 10 revb","thumbnail":"https:\/\/dev.codekraft.it\/rotary-2024\/wp-content\/uploads\/brb_media\/00535454_supporting-device-om-sp-129500-multi-2024-10-revb-pdf-106x150.png","description":""}],"brb_media_safety_datasheets":"","brb_media_spare_parts":[],"_cdmm_p_id":"168","_company":"Elektron","_gtin":"4057612005875","accessories":[{"id":377174,"cdmm_p_id":"169","name":"Piezas de conexi\u00f3n ZS 50","description":"1,5 t, 50 mm | 1 juego \/ 2 piezas","thumbnail":"https:\/\/dev.codekraft.it\/rotary-2024\/wp-content\/uploads\/brb_media\/00023160_zs-100-ohne-text_web-150x150.png","url":"https:\/\/dev.codekraft.it\/rotary-2024\/es\/productos\/accesorios-elevadores-es\/sistemas-de-apoyo-es\/piezas-de-conexion-zs-50\/"},{"id":377168,"cdmm_p_id":"170","name":"Pezzi di collegamento ZS 100","description":"1,5 t, 100 mm | 1 set \/ 2 pezzi","thumbnail":"https:\/\/dev.codekraft.it\/rotary-2024\/wp-content\/uploads\/brb_media\/00023160_zs-100-ohne-text_web-150x150.png","url":"https:\/\/dev.codekraft.it\/rotary-2024\/es\/productos\/accesorios-elevadores-es\/sistemas-de-apoyo-es\/pezzi-di-collegamento-zs-100-2\/"},{"id":379142,"cdmm_p_id":"462870","name":"Kit de fijaci\u00f3n ATT 3,2","description":"10 t, espiga \u00d8 35 mm | para la colocaci\u00f3n segura de una carga de eje ATT 3,2 en el puente de soporte GS \/ GSB","thumbnail":"","url":"https:\/\/dev.codekraft.it\/rotary-2024\/es\/productos\/accesorios-elevadores-es\/sistemas-de-apoyo-es\/kit-de-fijacion-att-32\/"}],"components":[],"related":[],"similar":[],"lang":"es","translations":{"es":377181,"en":377176,"de":377178,"fr":377179,"it":377180,"ru":377182},"pll_sync_post":[],"_links":{"self":[{"href":"https:\/\/dev.codekraft.it\/rotary-2024\/wp-json\/wp\/v2\/product\/377181","targetHints":{"allow":["GET"]}}],"collection":[{"href":"https:\/\/dev.codekraft.it\/rotary-2024\/wp-json\/wp\/v2\/product"}],"about":[{"href":"https:\/\/dev.codekraft.it\/rotary-2024\/wp-json\/wp\/v2\/types\/product"}],"wp:featuredmedia":[{"embeddable":true,"href":"https:\/\/dev.codekraft.it\/rotary-2024\/wp-json\/wp\/v2\/media\/373527"}],"wp:attachment":[{"href":"https:\/\/dev.codekraft.it\/rotary-2024\/wp-json\/wp\/v2\/media?parent=377181"}],"wp:term":[{"taxonomy":"product_cat","embeddable":true,"href":"https:\/\/dev.codekraft.it\/rotary-2024\/wp-json\/wp\/v2\/product_cat?post=377181"},{"taxonomy":"product_tag","embeddable":true,"href":"https:\/\/dev.codekraft.it\/rotary-2024\/wp-json\/wp\/v2\/product_tag?post=377181"},{"taxonomy":"product_approvals","embeddable":true,"href":"https:\/\/dev.codekraft.it\/rotary-2024\/wp-json\/wp\/v2\/product_approvals?post=377181"},{"taxonomy":"product_application","embeddable":true,"href":"https:\/\/dev.codekraft.it\/rotary-2024\/wp-json\/wp\/v2\/product_application?post=377181"}],"curies":[{"name":"wp","href":"https:\/\/api.w.org\/{rel}","templated":true}]}}