{"id":377178,"date":"2025-12-11T10:04:37","date_gmt":"2025-12-11T10:04:37","guid":{"rendered":"https:\/\/dev.codekraft.it\/rotary-2024\/products\/uncategorized\/achstraverse-att-32\/"},"modified":"2025-12-11T10:04:37","modified_gmt":"2025-12-11T10:04:37","slug":"achstraverse-att-32","status":"publish","type":"product","link":"https:\/\/dev.codekraft.it\/rotary-2024\/produkte\/zubehor-hebebuhnen-de\/abstutzsysteme-de\/achstraverse-att-32\/","title":{"rendered":"Achstraverse ATT 3,2"},"content":{"rendered":"<ul>\n<li>Zwischenst\u00fccke ZS 100 werden f\u00fcr Mercedes-Benz Sprinter und VW LT\u00a0ben\u00f6tigt.<\/li>\n<li>Die Lastaufnahmeteller sind durch teleskopierbare Gewindespindeln in der H\u00f6he verstellbar.<\/li>\n<li>Die Achstraverse wurde durch die doppelt-teleskopierte Konstruktion schmal gehalten.<\/li>\n<\/ul>\n<p><strong>Lieferumfang:<\/strong><\/p>\n<ul>\n<li>Traverse<\/li>\n<li>2 Aufnahmeadapter\u00a0mit\u00a0Gewindespindel<\/li>\n<li>1 Aufnahmeadapter \u201eR\u201d,\u00a0steckbar, \u00d8 35 mm<\/li>\n<\/ul>\n","protected":false},"excerpt":{"rendered":"<p>3,2 t, Zapfen-\u00d8 35 mm, Verstellbereich 630 &#8211; 1230 mm, 2-fach teleskopierbar | f\u00fcr Pkw und Transporter | inkl. 3 Aufnahmeadaptern<\/p>\n","protected":false},"featured_media":373527,"template":"","meta":[],"product_cat":[1033970],"product_tag":[1034161,1034178,1034195],"product_approvals":[],"product_application":[],"class_list":{"0":"post-377178","1":"product","2":"type-product","3":"status-publish","4":"has-post-thumbnail","6":"product_cat-abstutzsysteme-de","7":"product_tag-passenger-cars-de","8":"product_tag-light-commercial-de","9":"product_tag-motor-homes-de","11":"first","12":"instock","13":"shipping-taxable","14":"product-type-simple"},"approvals":[],"application":[],"brb_media_brochure":"","brb_media_drawing":"","brb_media_manuals":[{"id":377177,"url":"https:\/\/dev.codekraft.it\/rotary-2024\/wp-content\/uploads\/brb_media\/00535454_supporting-device-om-sp-129500-multi-2024-10-revb.pdf","title":"supporting device om sp 129500 multi 2024 10 revb","thumbnail":"https:\/\/dev.codekraft.it\/rotary-2024\/wp-content\/uploads\/brb_media\/00535454_supporting-device-om-sp-129500-multi-2024-10-revb-pdf-106x150.png","description":""}],"brb_media_safety_datasheets":"","brb_media_spare_parts":[],"_cdmm_p_id":"168","_company":"Elektron","_gtin":"4057612005875","accessories":[{"id":377171,"cdmm_p_id":"169","name":"Zwischenst\u00fccke ZS 50","description":"1,5 t, 50 mm | 1 Satz \/ 2 St\u00fcck","thumbnail":"https:\/\/dev.codekraft.it\/rotary-2024\/wp-content\/uploads\/brb_media\/00023160_zs-100-ohne-text_web-150x150.png","url":"https:\/\/dev.codekraft.it\/rotary-2024\/produkte\/zubehor-hebebuhnen-de\/abstutzsysteme-de\/zwischenstucke-zs-50\/"},{"id":377165,"cdmm_p_id":"170","name":"Zwischenst\u00fccke ZS 100","description":"1,5 t, 100 mm | 1 Satz \/ 2 St\u00fcck","thumbnail":"https:\/\/dev.codekraft.it\/rotary-2024\/wp-content\/uploads\/brb_media\/00023160_zs-100-ohne-text_web-150x150.png","url":"https:\/\/dev.codekraft.it\/rotary-2024\/produkte\/zubehor-hebebuhnen-de\/abstutzsysteme-de\/zwischenstucke-zs-100\/"},{"id":379139,"cdmm_p_id":"462870","name":"Verbindungssatz ATT 3,2","description":"10 t, Zapfen-\u00d8 55 mm | zum sicheren Absetzen einer Achstraverse ATT 3,2 auf die Abst\u00fctzbr\u00fccke GS\/GSB","thumbnail":"","url":"https:\/\/dev.codekraft.it\/rotary-2024\/produkte\/zubehor-hebebuhnen-de\/abstutzsysteme-de\/verbindungssatz-att-32\/"}],"components":[],"related":[],"similar":[],"lang":"de","translations":{"de":377178,"en":377176,"fr":377179,"it":377180,"es":377181,"ru":377182},"pll_sync_post":[],"_links":{"self":[{"href":"https:\/\/dev.codekraft.it\/rotary-2024\/wp-json\/wp\/v2\/product\/377178","targetHints":{"allow":["GET"]}}],"collection":[{"href":"https:\/\/dev.codekraft.it\/rotary-2024\/wp-json\/wp\/v2\/product"}],"about":[{"href":"https:\/\/dev.codekraft.it\/rotary-2024\/wp-json\/wp\/v2\/types\/product"}],"wp:featuredmedia":[{"embeddable":true,"href":"https:\/\/dev.codekraft.it\/rotary-2024\/wp-json\/wp\/v2\/media\/373527"}],"wp:attachment":[{"href":"https:\/\/dev.codekraft.it\/rotary-2024\/wp-json\/wp\/v2\/media?parent=377178"}],"wp:term":[{"taxonomy":"product_cat","embeddable":true,"href":"https:\/\/dev.codekraft.it\/rotary-2024\/wp-json\/wp\/v2\/product_cat?post=377178"},{"taxonomy":"product_tag","embeddable":true,"href":"https:\/\/dev.codekraft.it\/rotary-2024\/wp-json\/wp\/v2\/product_tag?post=377178"},{"taxonomy":"product_approvals","embeddable":true,"href":"https:\/\/dev.codekraft.it\/rotary-2024\/wp-json\/wp\/v2\/product_approvals?post=377178"},{"taxonomy":"product_application","embeddable":true,"href":"https:\/\/dev.codekraft.it\/rotary-2024\/wp-json\/wp\/v2\/product_application?post=377178"}],"curies":[{"name":"wp","href":"https:\/\/api.w.org\/{rel}","templated":true}]}}