{"id":377165,"date":"2025-12-11T10:04:37","date_gmt":"2025-12-11T10:04:37","guid":{"rendered":"https:\/\/dev.codekraft.it\/rotary-2024\/products\/uncategorized\/zwischenstucke-zs-100\/"},"modified":"2025-12-11T10:04:37","modified_gmt":"2025-12-11T10:04:37","slug":"zwischenstucke-zs-100","status":"publish","type":"product","link":"https:\/\/dev.codekraft.it\/rotary-2024\/produkte\/zubehor-hebebuhnen-de\/abstutzsysteme-de\/zwischenstucke-zs-100\/","title":{"rendered":"Zwischenst\u00fccke ZS 100"},"content":{"rendered":"<ul>\n<li>Zwischenst\u00fccke f\u00fcr hochliegende Fahrzeug-Aufnahmepunkte, incl. Gummiteller, zum Aufsetzen auf den Tragteller, wenn Steckverl\u00e4ngerungen nicht mehr positioniert werden k\u00f6nnen<\/li>\n<li>Passend f\u00fcr alle Pkw-Traversen<\/li>\n<\/ul>\n","protected":false},"excerpt":{"rendered":"<p>1,5 t, 100 mm | 1 Satz \/ 2 St\u00fcck<\/p>\n","protected":false},"featured_media":373534,"template":"","meta":[],"product_cat":[1033970],"product_tag":[1034161,1034178,1034195],"product_approvals":[],"product_application":[],"class_list":{"0":"post-377165","1":"product","2":"type-product","3":"status-publish","4":"has-post-thumbnail","6":"product_cat-abstutzsysteme-de","7":"product_tag-passenger-cars-de","8":"product_tag-light-commercial-de","9":"product_tag-motor-homes-de","11":"first","12":"instock","13":"shipping-taxable","14":"product-type-simple"},"approvals":[],"application":[],"brb_media_brochure":"","brb_media_drawing":"","brb_media_manuals":"","brb_media_safety_datasheets":"","brb_media_spare_parts":[],"_cdmm_p_id":"170","_company":"Elektron","_gtin":"4057612506563","accessories":[],"components":[],"related":[],"similar":[],"lang":"de","translations":{"de":377165,"en":377164,"fr":377166,"it":377167,"es":377168,"ru":377169},"pll_sync_post":[],"_links":{"self":[{"href":"https:\/\/dev.codekraft.it\/rotary-2024\/wp-json\/wp\/v2\/product\/377165","targetHints":{"allow":["GET"]}}],"collection":[{"href":"https:\/\/dev.codekraft.it\/rotary-2024\/wp-json\/wp\/v2\/product"}],"about":[{"href":"https:\/\/dev.codekraft.it\/rotary-2024\/wp-json\/wp\/v2\/types\/product"}],"wp:featuredmedia":[{"embeddable":true,"href":"https:\/\/dev.codekraft.it\/rotary-2024\/wp-json\/wp\/v2\/media\/373534"}],"wp:attachment":[{"href":"https:\/\/dev.codekraft.it\/rotary-2024\/wp-json\/wp\/v2\/media?parent=377165"}],"wp:term":[{"taxonomy":"product_cat","embeddable":true,"href":"https:\/\/dev.codekraft.it\/rotary-2024\/wp-json\/wp\/v2\/product_cat?post=377165"},{"taxonomy":"product_tag","embeddable":true,"href":"https:\/\/dev.codekraft.it\/rotary-2024\/wp-json\/wp\/v2\/product_tag?post=377165"},{"taxonomy":"product_approvals","embeddable":true,"href":"https:\/\/dev.codekraft.it\/rotary-2024\/wp-json\/wp\/v2\/product_approvals?post=377165"},{"taxonomy":"product_application","embeddable":true,"href":"https:\/\/dev.codekraft.it\/rotary-2024\/wp-json\/wp\/v2\/product_application?post=377165"}],"curies":[{"name":"wp","href":"https:\/\/api.w.org\/{rel}","templated":true}]}}