{"id":377105,"date":"2025-12-11T10:10:58","date_gmt":"2025-12-11T10:10:58","guid":{"rendered":"https:\/\/dev.codekraft.it\/rotary-2024\/products\/uncategorized\/plaque-pour-groupe-avec-bras-porteurs-ga-p-porsche\/"},"modified":"2025-12-11T10:10:58","modified_gmt":"2025-12-11T10:10:58","slug":"plaque-pour-groupe-avec-bras-porteurs-ga-p-porsche","status":"publish","type":"product","link":"https:\/\/dev.codekraft.it\/rotary-2024\/fr\/produits\/accessoires-ponts-elevateurs-fr\/accessoires-tables-de-levage-fr\/plaque-pour-groupe-avec-bras-porteurs-ga-p-porsche\/","title":{"rendered":"Plaque pour groupe avec bras porteurs GA P (Porsche)"},"content":{"rendered":"<ul>\n<li>Bras porteurs t\u00e9lescopiques avec broches filet\u00e9es int\u00e9gr\u00e9es et de nombreux supports permettant l&#8217;adaptation facile \u00e0 diff\u00e9rentes exigences<\/li>\n<li>Dimension 410 x 460 mm min., 1110 x 1160 max.<\/li>\n<\/ul>\n<p><strong>Contenu de la livraison:<\/strong><\/p>\n<ul>\n<li>Plaque pour groupe, bras de support avec broche filet\u00e9e int\u00e9gr\u00e9e<\/li>\n<li>4 supports pour U 120, U 80, U35<\/li>\n<li>Plaque de support en caoutchouc<\/li>\n<li>Rallonge pour broche filet\u00e9e 120 mm plus 2 chaine 1000 mm<\/li>\n<\/ul>\n","protected":false},"excerpt":{"rendered":"<p>Plaque pour groupe extr\u00eamement polyvalente, pour la d\u00e9pose et la repose de moteurs, bo\u00eetes de vitesses, essieux, installations d&#8217;\u00e9chappement, etc.<\/p>\n","protected":false},"featured_media":348692,"template":"","meta":[],"product_brand":[],"product_cat":[1033904],"product_tag":[1034163],"product_approvals":[],"product_application":[],"class_list":{"0":"post-377105","1":"product","2":"type-product","3":"status-publish","4":"has-post-thumbnail","6":"product_cat-accessoires-tables-de-levage-fr","7":"product_tag-passenger-cars-fr","9":"first","10":"instock","11":"shipping-taxable","12":"product-type-simple"},"approvals":[],"application":[],"brb_media_brochure":[{"id":356550,"url":"https:\/\/dev.codekraft.it\/rotary-2024\/wp-content\/uploads\/brb_media\/00527943_special-tools-br-06-24-de-2024-06-screen.pdf","title":"Special tools BR 06 24 de 2024 06 screen","mpn":"","thumbnail":"https:\/\/dev.codekraft.it\/rotary-2024\/wp-content\/uploads\/brb_media\/00527943_special-tools-br-06-24-de-2024-06-screen-pdf-106x150.png","description":""},{"id":356551,"url":"https:\/\/dev.codekraft.it\/rotary-2024\/wp-content\/uploads\/brb_media\/00527944_special-tools-br-06-24-en-2024-06-screen.pdf","title":"Special tools BR 06 24 en 2024 06 screen","mpn":"","thumbnail":"https:\/\/dev.codekraft.it\/rotary-2024\/wp-content\/uploads\/brb_media\/00527944_special-tools-br-06-24-en-2024-06-screen-pdf-106x150.png","description":""}],"brb_media_drawing":"","brb_media_manuals":"","brb_media_safety_datasheets":"","brb_media_spare_parts":[],"_cdmm_p_id":"331","_company":"VSG","_gtin":"4057612017632","accessories":[],"components":[],"related":[],"page_logo_src":"https:\/\/dev.codekraft.it\/rotary-2024\/wp-content\/uploads\/2026\/04\/rotary-negative-logo.png","lang":"fr","translations":{"fr":377105,"en":377103,"de":377104,"it":377106,"es":377107,"ru":377108},"pll_sync_post":[],"_links":{"self":[{"href":"https:\/\/dev.codekraft.it\/rotary-2024\/wp-json\/wp\/v2\/product\/377105","targetHints":{"allow":["GET"]}}],"collection":[{"href":"https:\/\/dev.codekraft.it\/rotary-2024\/wp-json\/wp\/v2\/product"}],"about":[{"href":"https:\/\/dev.codekraft.it\/rotary-2024\/wp-json\/wp\/v2\/types\/product"}],"wp:featuredmedia":[{"embeddable":true,"href":"https:\/\/dev.codekraft.it\/rotary-2024\/wp-json\/wp\/v2\/media\/348692"}],"wp:attachment":[{"href":"https:\/\/dev.codekraft.it\/rotary-2024\/wp-json\/wp\/v2\/media?parent=377105"}],"wp:term":[{"taxonomy":"product_brand","embeddable":true,"href":"https:\/\/dev.codekraft.it\/rotary-2024\/wp-json\/wp\/v2\/product_brand?post=377105"},{"taxonomy":"product_cat","embeddable":true,"href":"https:\/\/dev.codekraft.it\/rotary-2024\/wp-json\/wp\/v2\/product_cat?post=377105"},{"taxonomy":"product_tag","embeddable":true,"href":"https:\/\/dev.codekraft.it\/rotary-2024\/wp-json\/wp\/v2\/product_tag?post=377105"},{"taxonomy":"product_approvals","embeddable":true,"href":"https:\/\/dev.codekraft.it\/rotary-2024\/wp-json\/wp\/v2\/product_approvals?post=377105"},{"taxonomy":"product_application","embeddable":true,"href":"https:\/\/dev.codekraft.it\/rotary-2024\/wp-json\/wp\/v2\/product_application?post=377105"}],"curies":[{"name":"wp","href":"https:\/\/api.w.org\/{rel}","templated":true}]}}