{"id":377009,"date":"2024-06-21T12:07:37","date_gmt":"2024-06-21T12:07:37","guid":{"rendered":"https:\/\/dev.codekraft.it\/rotary-2024\/products\/uncategorized\/carter-rallonge-peint-dune-couche-de-fond\/"},"modified":"2024-06-21T12:07:37","modified_gmt":"2024-06-21T12:07:37","slug":"carter-rallonge-peint-dune-couche-de-fond","status":"publish","type":"product","link":"https:\/\/dev.codekraft.it\/rotary-2024\/fr\/produits\/accessoires-ponts-elevateurs-fr\/accessoires-pont-elevateur-a-plusieurs-verins-fr\/carter-rallonge-peint-dune-couche-de-fond\/","title":{"rendered":"Carter rallong\u00e9 (peint d\u2019une couche de fond)"},"content":{"rendered":"","protected":false},"excerpt":{"rendered":"<p>incluant FLEXCOVER, m\u00e8tre courant<\/p>\n","protected":false},"featured_media":348905,"template":"","meta":[],"product_cat":[1033786],"product_tag":[1034145,1034128,1034197,1034180],"product_approvals":[],"product_application":[],"class_list":{"0":"post-377009","1":"product","2":"type-product","3":"status-publish","4":"has-post-thumbnail","6":"product_cat-accessoires-pont-elevateur-a-plusieurs-verins-fr","7":"product_tag-buses-fr","8":"product_tag-trucks-fr","9":"product_tag-motor-homes-fr","10":"product_tag-light-commercial-fr","12":"first","13":"instock","14":"shipping-taxable","15":"product-type-simple"},"approvals":[],"application":[],"brb_media_brochure":"","brb_media_drawing":"","brb_media_manuals":"","brb_media_safety_datasheets":"","brb_media_spare_parts":[],"_cdmm_p_id":"425","_company":"Elektron","_gtin":"","accessories":[],"components":[],"related":[],"similar":[{"id":377015,"cdmm_p_id":"424","name":"Carter rallong\u00e9 (peint d\u2019une couche de fond)","description":"incluant couvercle galvanis\u00e9 compos\u00e9 d\u2019\u00e9l\u00e9ments coulissants, m\u00e8tre courant","thumbnail":"https:\/\/dev.codekraft.it\/rotary-2024\/wp-content\/uploads\/brb_media\/00023341_wanne-verlangert-mit-flexcover_p-150x150.png","url":"https:\/\/dev.codekraft.it\/rotary-2024\/fr\/produits\/accessoires-ponts-elevateurs-fr\/accessoires-pont-elevateur-a-plusieurs-verins-fr\/carter-rallonge-peint-dune-couche-de-fond-2\/"}],"lang":"fr","translations":{"fr":377009,"en":377007,"de":377008,"it":377010,"es":377011,"ru":377012},"pll_sync_post":[],"_links":{"self":[{"href":"https:\/\/dev.codekraft.it\/rotary-2024\/wp-json\/wp\/v2\/product\/377009","targetHints":{"allow":["GET"]}}],"collection":[{"href":"https:\/\/dev.codekraft.it\/rotary-2024\/wp-json\/wp\/v2\/product"}],"about":[{"href":"https:\/\/dev.codekraft.it\/rotary-2024\/wp-json\/wp\/v2\/types\/product"}],"wp:featuredmedia":[{"embeddable":true,"href":"https:\/\/dev.codekraft.it\/rotary-2024\/wp-json\/wp\/v2\/media\/348905"}],"wp:attachment":[{"href":"https:\/\/dev.codekraft.it\/rotary-2024\/wp-json\/wp\/v2\/media?parent=377009"}],"wp:term":[{"taxonomy":"product_cat","embeddable":true,"href":"https:\/\/dev.codekraft.it\/rotary-2024\/wp-json\/wp\/v2\/product_cat?post=377009"},{"taxonomy":"product_tag","embeddable":true,"href":"https:\/\/dev.codekraft.it\/rotary-2024\/wp-json\/wp\/v2\/product_tag?post=377009"},{"taxonomy":"product_approvals","embeddable":true,"href":"https:\/\/dev.codekraft.it\/rotary-2024\/wp-json\/wp\/v2\/product_approvals?post=377009"},{"taxonomy":"product_application","embeddable":true,"href":"https:\/\/dev.codekraft.it\/rotary-2024\/wp-json\/wp\/v2\/product_application?post=377009"}],"curies":[{"name":"wp","href":"https:\/\/api.w.org\/{rel}","templated":true}]}}