{"id":376997,"date":"2024-06-21T12:07:37","date_gmt":"2024-06-21T12:07:37","guid":{"rendered":"https:\/\/dev.codekraft.it\/rotary-2024\/products\/uncategorized\/couvercle-de-construction\/"},"modified":"2024-06-21T12:07:37","modified_gmt":"2024-06-21T12:07:37","slug":"couvercle-de-construction","status":"publish","type":"product","link":"https:\/\/dev.codekraft.it\/rotary-2024\/fr\/produits\/accessoires-ponts-elevateurs-fr\/accessoires-pont-elevateur-a-plusieurs-verins-fr\/couvercle-de-construction\/","title":{"rendered":"Couvercle de construction"},"content":{"rendered":"","protected":false},"excerpt":{"rendered":"<p>Planche en bois \u00e0 ins\u00e9rer dans le cadre, capacit\u00e9 : 100 kg \/ m\u00b2 max., m\u00e8tre courant<\/p>\n","protected":false},"featured_media":348925,"template":"","meta":[],"product_cat":[1033786],"product_tag":[1034145,1034128,1034197,1034180],"product_approvals":[],"product_application":[],"class_list":{"0":"post-376997","1":"product","2":"type-product","3":"status-publish","4":"has-post-thumbnail","6":"product_cat-accessoires-pont-elevateur-a-plusieurs-verins-fr","7":"product_tag-buses-fr","8":"product_tag-trucks-fr","9":"product_tag-motor-homes-fr","10":"product_tag-light-commercial-fr","12":"first","13":"instock","14":"shipping-taxable","15":"product-type-simple"},"approvals":[],"application":[],"brb_media_brochure":"","brb_media_drawing":"","brb_media_manuals":"","brb_media_safety_datasheets":"","brb_media_spare_parts":[],"_cdmm_p_id":"427","_company":"Elektron","_gtin":"4057612007046","accessories":[],"components":[],"related":[],"similar":[],"lang":"fr","translations":{"fr":376997,"en":376995,"de":376996,"it":376998,"es":376999,"ru":377000},"pll_sync_post":[],"_links":{"self":[{"href":"https:\/\/dev.codekraft.it\/rotary-2024\/wp-json\/wp\/v2\/product\/376997","targetHints":{"allow":["GET"]}}],"collection":[{"href":"https:\/\/dev.codekraft.it\/rotary-2024\/wp-json\/wp\/v2\/product"}],"about":[{"href":"https:\/\/dev.codekraft.it\/rotary-2024\/wp-json\/wp\/v2\/types\/product"}],"wp:featuredmedia":[{"embeddable":true,"href":"https:\/\/dev.codekraft.it\/rotary-2024\/wp-json\/wp\/v2\/media\/348925"}],"wp:attachment":[{"href":"https:\/\/dev.codekraft.it\/rotary-2024\/wp-json\/wp\/v2\/media?parent=376997"}],"wp:term":[{"taxonomy":"product_cat","embeddable":true,"href":"https:\/\/dev.codekraft.it\/rotary-2024\/wp-json\/wp\/v2\/product_cat?post=376997"},{"taxonomy":"product_tag","embeddable":true,"href":"https:\/\/dev.codekraft.it\/rotary-2024\/wp-json\/wp\/v2\/product_tag?post=376997"},{"taxonomy":"product_approvals","embeddable":true,"href":"https:\/\/dev.codekraft.it\/rotary-2024\/wp-json\/wp\/v2\/product_approvals?post=376997"},{"taxonomy":"product_application","embeddable":true,"href":"https:\/\/dev.codekraft.it\/rotary-2024\/wp-json\/wp\/v2\/product_application?post=376997"}],"curies":[{"name":"wp","href":"https:\/\/api.w.org\/{rel}","templated":true}]}}