{"id":376888,"date":"2025-03-18T11:33:59","date_gmt":"2025-03-18T11:33:59","guid":{"rendered":"https:\/\/dev.codekraft.it\/rotary-2024\/products\/uncategorized\/aufnahmeadapter-g-40-90\/"},"modified":"2025-03-18T11:33:59","modified_gmt":"2025-03-18T11:33:59","slug":"aufnahmeadapter-g-40-90","status":"publish","type":"product","link":"https:\/\/dev.codekraft.it\/rotary-2024\/produkte\/zubehor-hebebuhnen-de\/lastaufnahmemittel-de\/aufnahmeadapter-g-40-90\/","title":{"rendered":"Aufnahmeadapter G 40\/90"},"content":{"rendered":"<ul>\n<li>Passend f\u00fcr alle Traversen-Schieber (vornehmlich f\u00fcr Traverse 100822 )<\/li>\n<\/ul>\n","protected":false},"excerpt":{"rendered":"<p>Aufnahmegabel | Tragf\u00e4higkeit 15 t, Zapfen-\u00d8 75 mm | zur Aufnahme von Niederflurbussen (MAN und DB-CITARO) an der Vorderachse | 1 St\u00fcck<\/p>\n","protected":false},"featured_media":374026,"template":"","meta":[],"product_cat":[1033958],"product_tag":[1034260,1034143,1034229,1034212,1034126,1034161,1034178,1034195],"product_approvals":[],"product_application":[],"class_list":{"0":"post-376888","1":"product","2":"type-product","3":"status-publish","4":"has-post-thumbnail","6":"product_cat-lastaufnahmemittel-de","7":"product_tag-anhanger-de","8":"product_tag-buses-de","9":"product_tag-tracked-vehicles-de","10":"product_tag-agricultural-machines-de","11":"product_tag-trucks-de","12":"product_tag-passenger-cars-de","13":"product_tag-light-commercial-de","14":"product_tag-motor-homes-de","16":"first","17":"instock","18":"shipping-taxable","19":"product-type-simple"},"approvals":[],"application":[],"brb_media_brochure":"","brb_media_drawing":"","brb_media_manuals":"","brb_media_safety_datasheets":"","brb_media_spare_parts":[],"_cdmm_p_id":"450","_company":"Elektron","_gtin":"4057612105919","accessories":[],"components":[],"related":[],"similar":[],"lang":"de","translations":{"de":376888,"en":376887,"fr":376889,"it":376890,"es":376891,"ru":376892},"pll_sync_post":[],"_links":{"self":[{"href":"https:\/\/dev.codekraft.it\/rotary-2024\/wp-json\/wp\/v2\/product\/376888","targetHints":{"allow":["GET"]}}],"collection":[{"href":"https:\/\/dev.codekraft.it\/rotary-2024\/wp-json\/wp\/v2\/product"}],"about":[{"href":"https:\/\/dev.codekraft.it\/rotary-2024\/wp-json\/wp\/v2\/types\/product"}],"wp:featuredmedia":[{"embeddable":true,"href":"https:\/\/dev.codekraft.it\/rotary-2024\/wp-json\/wp\/v2\/media\/374026"}],"wp:attachment":[{"href":"https:\/\/dev.codekraft.it\/rotary-2024\/wp-json\/wp\/v2\/media?parent=376888"}],"wp:term":[{"taxonomy":"product_cat","embeddable":true,"href":"https:\/\/dev.codekraft.it\/rotary-2024\/wp-json\/wp\/v2\/product_cat?post=376888"},{"taxonomy":"product_tag","embeddable":true,"href":"https:\/\/dev.codekraft.it\/rotary-2024\/wp-json\/wp\/v2\/product_tag?post=376888"},{"taxonomy":"product_approvals","embeddable":true,"href":"https:\/\/dev.codekraft.it\/rotary-2024\/wp-json\/wp\/v2\/product_approvals?post=376888"},{"taxonomy":"product_application","embeddable":true,"href":"https:\/\/dev.codekraft.it\/rotary-2024\/wp-json\/wp\/v2\/product_application?post=376888"}],"curies":[{"name":"wp","href":"https:\/\/api.w.org\/{rel}","templated":true}]}}