{"id":376877,"date":"2025-03-18T11:34:00","date_gmt":"2025-03-18T11:34:00","guid":{"rendered":"https:\/\/dev.codekraft.it\/rotary-2024\/products\/uncategorized\/tampon-g-50-60\/"},"modified":"2025-03-18T11:34:00","modified_gmt":"2025-03-18T11:34:00","slug":"tampon-g-50-60","status":"publish","type":"product","link":"https:\/\/dev.codekraft.it\/rotary-2024\/fr\/produits\/accessoires-ponts-elevateurs-fr\/systemes-de-transport-prise-de-charge-fr\/tampon-g-50-60\/","title":{"rendered":"Tampon G 50\/60"},"content":{"rendered":"<ul>\n<li>Convenant pour tous les coulisseaux de traverse<\/li>\n<\/ul>\n","protected":false},"excerpt":{"rendered":"<p>Fourche de support | capacit\u00e9 de charge 15 t, \u00d8 de goujon 75 mm | 1 pi\u00e8ce<\/p>\n","protected":false},"featured_media":374040,"template":"","meta":[],"product_cat":[1033960],"product_tag":[1034145,1034128,1034197,1034262,1034180,1034231,1034214,1034163],"product_approvals":[],"product_application":[],"class_list":{"0":"post-376877","1":"product","2":"type-product","3":"status-publish","4":"has-post-thumbnail","6":"product_cat-systemes-de-transport-prise-de-charge-fr","7":"product_tag-buses-fr","8":"product_tag-trucks-fr","9":"product_tag-motor-homes-fr","10":"product_tag-remorques-fr","11":"product_tag-light-commercial-fr","12":"product_tag-tracked-vehicles-fr","13":"product_tag-agricultural-machines-fr","14":"product_tag-passenger-cars-fr","16":"first","17":"instock","18":"shipping-taxable","19":"product-type-simple"},"approvals":[],"application":[],"brb_media_brochure":"","brb_media_drawing":"","brb_media_manuals":"","brb_media_safety_datasheets":"","brb_media_spare_parts":[],"_cdmm_p_id":"452","_company":"Elektron","_gtin":"4057612030662","accessories":[],"components":[],"related":[],"similar":[],"lang":"fr","translations":{"fr":376877,"en":376875,"de":376876,"it":376878,"es":376879,"ru":376880},"pll_sync_post":[],"_links":{"self":[{"href":"https:\/\/dev.codekraft.it\/rotary-2024\/wp-json\/wp\/v2\/product\/376877","targetHints":{"allow":["GET"]}}],"collection":[{"href":"https:\/\/dev.codekraft.it\/rotary-2024\/wp-json\/wp\/v2\/product"}],"about":[{"href":"https:\/\/dev.codekraft.it\/rotary-2024\/wp-json\/wp\/v2\/types\/product"}],"wp:featuredmedia":[{"embeddable":true,"href":"https:\/\/dev.codekraft.it\/rotary-2024\/wp-json\/wp\/v2\/media\/374040"}],"wp:attachment":[{"href":"https:\/\/dev.codekraft.it\/rotary-2024\/wp-json\/wp\/v2\/media?parent=376877"}],"wp:term":[{"taxonomy":"product_cat","embeddable":true,"href":"https:\/\/dev.codekraft.it\/rotary-2024\/wp-json\/wp\/v2\/product_cat?post=376877"},{"taxonomy":"product_tag","embeddable":true,"href":"https:\/\/dev.codekraft.it\/rotary-2024\/wp-json\/wp\/v2\/product_tag?post=376877"},{"taxonomy":"product_approvals","embeddable":true,"href":"https:\/\/dev.codekraft.it\/rotary-2024\/wp-json\/wp\/v2\/product_approvals?post=376877"},{"taxonomy":"product_application","embeddable":true,"href":"https:\/\/dev.codekraft.it\/rotary-2024\/wp-json\/wp\/v2\/product_application?post=376877"}],"curies":[{"name":"wp","href":"https:\/\/api.w.org\/{rel}","templated":true}]}}